{"id":56192,"date":"2021-10-11T17:30:40","date_gmt":"2021-10-11T21:30:40","guid":{"rendered":"https:\/\/www.muralunique.com\/?post_type=product&#038;p=56192"},"modified":"2022-03-16T17:37:53","modified_gmt":"2022-03-16T21:37:53","slug":"pleine-lune","status":"publish","type":"product","link":"https:\/\/www.muralunique.com\/fr\/produit\/pleine-lune\/","title":{"rendered":"Pleine Lune"},"content":{"rendered":"<p>-Murale en papier peint d&#8217;un paysage de nuit avec une pleine lune, un myst\u00e9rieux ch\u00e2teau, un arbre sans feuilles et un corbeau.<\/p>\n<p>-La murale comprend des laizes de 18\u2033 (45cm) de largeur. Par exemple, une murale de 6\u2032 (1,83m) de largeur a 4 laizes et une murale de 12\u2032 (3,66m) de largeur a 8 laizes.<\/p>\n<p>-Murale en papier\u00a0peint pr\u00e9encoll\u00e9e, lavable, s\u2019enl\u00e8ve \u00e0 sec et r\u00e9utilisable. Facile \u00e0 installer, se pose comme du papier\u00a0peint (tapisserie).<\/p>\n<p>-murale plein lune, murale en papier peint plein lune, papier peint plein lune, tapisserie plein lune, murale paysage de nuit, papier peint paysage de nuit, tapisserie paysage de nuit, murale en papier peint paysage de nuit<\/p>\n","protected":false},"excerpt":{"rendered":"<p>-Murale en papier peint d&#8217;un paysage de nuit avec une pleine lune, un myst\u00e9rieux ch\u00e2teau, un arbre sans feuilles et un corbeau. -La murale comprend des laizes de 18\u2033 (45cm) de largeur. Par exemple, une murale de 6\u2032 (1,83m) de largeur a 4 laizes et une murale de 12\u2032 (3,66m) de largeur a 8 laizes. [&hellip;]<\/p>\n","protected":false},"featured_media":56190,"template":"","meta":{"_acf_changed":false},"product_brand":[],"product_cat":[131,173,176,401],"product_tag":[9441,9442,8877,9380,9807,9395,9196,9808,9227],"class_list":{"0":"post-56192","1":"product","2":"type-product","3":"status-publish","4":"has-post-thumbnail","6":"product_cat-adolescents","7":"product_cat-enfants","8":"product_cat-espace","9":"product_cat-tous-nos-produits","10":"product_tag-ado","11":"product_tag-adolescents","12":"product_tag-chateau","13":"product_tag-ciel","14":"product_tag-corbeau","15":"product_tag-espace","16":"product_tag-lune","17":"product_tag-mysterieux","18":"product_tag-nuit","20":"first","21":"instock","22":"taxable","23":"shipping-taxable","24":"purchasable","25":"product-type-variable","26":"has-default-attributes"},"acf":[],"_links":{"self":[{"href":"https:\/\/www.muralunique.com\/fr\/wp-json\/wp\/v2\/product\/56192","targetHints":{"allow":["GET"]}}],"collection":[{"href":"https:\/\/www.muralunique.com\/fr\/wp-json\/wp\/v2\/product"}],"about":[{"href":"https:\/\/www.muralunique.com\/fr\/wp-json\/wp\/v2\/types\/product"}],"wp:featuredmedia":[{"embeddable":true,"href":"https:\/\/www.muralunique.com\/fr\/wp-json\/wp\/v2\/media\/56190"}],"wp:attachment":[{"href":"https:\/\/www.muralunique.com\/fr\/wp-json\/wp\/v2\/media?parent=56192"}],"wp:term":[{"taxonomy":"product_brand","embeddable":true,"href":"https:\/\/www.muralunique.com\/fr\/wp-json\/wp\/v2\/product_brand?post=56192"},{"taxonomy":"product_cat","embeddable":true,"href":"https:\/\/www.muralunique.com\/fr\/wp-json\/wp\/v2\/product_cat?post=56192"},{"taxonomy":"product_tag","embeddable":true,"href":"https:\/\/www.muralunique.com\/fr\/wp-json\/wp\/v2\/product_tag?post=56192"}],"curies":[{"name":"wp","href":"https:\/\/api.w.org\/{rel}","templated":true}]}}