{"id":5626,"date":"2012-03-12T13:24:48","date_gmt":"2012-03-12T13:24:48","guid":{"rendered":"https:\/\/muralunique.com\/?post_type=product&#038;p=5626"},"modified":"2021-09-15T16:59:37","modified_gmt":"2021-09-15T20:59:37","slug":"mademoiselle-petits-pois-fleuriste-version-francaise","status":"publish","type":"product","link":"https:\/\/www.muralunique.com\/fr\/produit\/mademoiselle-petits-pois-fleuriste-version-francaise\/","title":{"rendered":"Mademoiselle Petits-Pois, Fleuriste (Version Fran\u00e7aise)"},"content":{"rendered":"<p>-Une murale pour enfants color\u00e9e d&#8217;une vitrine de fleuriste.<\/p>\n<p>-La murale comprend des laizes de 18\u2033 (45cm) de largeur. Par exemple, une murale de 6\u2032 (1,83m) de largeur a 4 laizes et une murale de 12\u2032 (3,66m) de largeur a 8 laizes.<\/p>\n<p>-Murale en papier\u00a0peint pr\u00e9encoll\u00e9e, lavable, s\u2019enl\u00e8ve \u00e0 sec et r\u00e9utilisable. Facile \u00e0 installer, se pose comme du papier\u00a0peint (tapisserie).<\/p>\n<p>-Cette toile est une cr\u00e9ation de Johanne P\u00e9pin.<\/p>\n<p>-murale de fleuriste, murale de Mademoiselle Petits-Pois fleuriste, murale pour garderie, tapisserie pour filles, papier peint pour enfants<\/p>\n","protected":false},"excerpt":{"rendered":"<p>-Une murale pour enfants color\u00e9e d&#8217;une vitrine de fleuriste. -La murale comprend des laizes de 18\u2033 (45cm) de largeur. Par exemple, une murale de 6\u2032 (1,83m) de largeur a 4 laizes et une murale de 12\u2032 (3,66m) de largeur a 8 laizes. -Murale en papier\u00a0peint pr\u00e9encoll\u00e9e, lavable, s\u2019enl\u00e8ve \u00e0 sec et r\u00e9utilisable. Facile \u00e0 installer, [&hellip;]<\/p>\n","protected":false},"featured_media":5627,"template":"","meta":{"_acf_changed":false},"product_brand":[133],"product_cat":[173,401,425],"product_tag":[8791,8790,9368,8894,8895,9427,9009,9007,9010,9006,9125,9420,9483,9612,9485],"class_list":{"0":"post-5626","1":"product","2":"type-product","3":"status-publish","4":"has-post-thumbnail","6":"artist-johanne-pepin-fr","7":"product_brand-johanne-pepin","8":"product_cat-enfants","9":"product_cat-tous-nos-produits","10":"product_cat-ultra-haute-d-finition-art","11":"product_tag-bebe","12":"product_tag-bebes","13":"product_tag-boutiques","14":"product_tag-enfant","15":"product_tag-enfants","16":"product_tag-ete","17":"product_tag-fleur","18":"product_tag-fleuriste","19":"product_tag-fleurs","20":"product_tag-floral-fr","21":"product_tag-gamins","22":"product_tag-magasins","23":"product_tag-trompe-l-oeil","24":"product_tag-trompe-loeil-fr","25":"product_tag-trompe-oeil-fr","27":"first","28":"instock","29":"taxable","30":"shipping-taxable","31":"purchasable","32":"product-type-variable","33":"has-default-attributes"},"acf":[],"_links":{"self":[{"href":"https:\/\/www.muralunique.com\/fr\/wp-json\/wp\/v2\/product\/5626","targetHints":{"allow":["GET"]}}],"collection":[{"href":"https:\/\/www.muralunique.com\/fr\/wp-json\/wp\/v2\/product"}],"about":[{"href":"https:\/\/www.muralunique.com\/fr\/wp-json\/wp\/v2\/types\/product"}],"wp:featuredmedia":[{"embeddable":true,"href":"https:\/\/www.muralunique.com\/fr\/wp-json\/wp\/v2\/media\/5627"}],"wp:attachment":[{"href":"https:\/\/www.muralunique.com\/fr\/wp-json\/wp\/v2\/media?parent=5626"}],"wp:term":[{"taxonomy":"product_brand","embeddable":true,"href":"https:\/\/www.muralunique.com\/fr\/wp-json\/wp\/v2\/product_brand?post=5626"},{"taxonomy":"product_cat","embeddable":true,"href":"https:\/\/www.muralunique.com\/fr\/wp-json\/wp\/v2\/product_cat?post=5626"},{"taxonomy":"product_tag","embeddable":true,"href":"https:\/\/www.muralunique.com\/fr\/wp-json\/wp\/v2\/product_tag?post=5626"}],"curies":[{"name":"wp","href":"https:\/\/api.w.org\/{rel}","templated":true}]}}