{"id":5656,"date":"2012-04-17T20:02:09","date_gmt":"2012-04-17T20:02:09","guid":{"rendered":"https:\/\/muralunique.com\/?post_type=product&#038;p=5656"},"modified":"2022-04-16T19:43:57","modified_gmt":"2022-04-16T23:43:57","slug":"station-service","status":"publish","type":"product","link":"https:\/\/www.muralunique.com\/fr\/produit\/station-service\/","title":{"rendered":"Station Service"},"content":{"rendered":"<p>-Murale pour enfants d&#8217;une station service.<\/p>\n<p>-La murale comprend des laizes de 18\u2033 (45cm) de largeur. Par exemple, une murale de 6\u2032 (1,83m) de largeur a 4 laizes et une murale de 12\u2032 (3,66m) de largeur a 8 laizes.<\/p>\n<p>-Murale en papier\u00a0peint pr\u00e9encoll\u00e9e, lavable, s\u2019enl\u00e8ve \u00e0 sec et r\u00e9utilisable. Facile \u00e0 installer, se pose comme du papier\u00a0peint (tapisserie).<\/p>\n<p>-Cette toile est une cr\u00e9ation originale de Johanne P\u00e9pin.<\/p>\n<p>-murale station service, murale en papier peint pour gar\u00e7ons, murale de voiture, tapisserie pour gar\u00e7ons, papier peint pour gar\u00e7ons<\/p>\n","protected":false},"excerpt":{"rendered":"<p>-Murale pour enfants d&#8217;une station service. -La murale comprend des laizes de 18\u2033 (45cm) de largeur. Par exemple, une murale de 6\u2032 (1,83m) de largeur a 4 laizes et une murale de 12\u2032 (3,66m) de largeur a 8 laizes. -Murale en papier\u00a0peint pr\u00e9encoll\u00e9e, lavable, s\u2019enl\u00e8ve \u00e0 sec et r\u00e9utilisable. Facile \u00e0 installer, se pose comme [&hellip;]<\/p>\n","protected":false},"featured_media":5657,"template":"","meta":{"_acf_changed":false},"product_brand":[133],"product_cat":[173,401,425],"product_tag":[8791,8790,8894,8895,9125,9043,9323,9359,9410,9483,9612,9485,9786,8874],"class_list":{"0":"post-5656","1":"product","2":"type-product","3":"status-publish","4":"has-post-thumbnail","6":"artist-johanne-pepin-fr","7":"product_brand-johanne-pepin","8":"product_cat-enfants","9":"product_cat-tous-nos-produits","10":"product_cat-ultra-haute-d-finition-art","11":"product_tag-bebe","12":"product_tag-bebes","13":"product_tag-enfant","14":"product_tag-enfants","15":"product_tag-gamins","16":"product_tag-garage-fr","17":"product_tag-reparation-fr","18":"product_tag-service-fr","19":"product_tag-station-fr","20":"product_tag-trompe-l-oeil","21":"product_tag-trompe-loeil-fr","22":"product_tag-trompe-oeil-fr","23":"product_tag-voiture","24":"product_tag-voitures","26":"first","27":"instock","28":"taxable","29":"shipping-taxable","30":"purchasable","31":"product-type-variable","32":"has-default-attributes"},"acf":[],"_links":{"self":[{"href":"https:\/\/www.muralunique.com\/fr\/wp-json\/wp\/v2\/product\/5656","targetHints":{"allow":["GET"]}}],"collection":[{"href":"https:\/\/www.muralunique.com\/fr\/wp-json\/wp\/v2\/product"}],"about":[{"href":"https:\/\/www.muralunique.com\/fr\/wp-json\/wp\/v2\/types\/product"}],"wp:featuredmedia":[{"embeddable":true,"href":"https:\/\/www.muralunique.com\/fr\/wp-json\/wp\/v2\/media\/5657"}],"wp:attachment":[{"href":"https:\/\/www.muralunique.com\/fr\/wp-json\/wp\/v2\/media?parent=5656"}],"wp:term":[{"taxonomy":"product_brand","embeddable":true,"href":"https:\/\/www.muralunique.com\/fr\/wp-json\/wp\/v2\/product_brand?post=5656"},{"taxonomy":"product_cat","embeddable":true,"href":"https:\/\/www.muralunique.com\/fr\/wp-json\/wp\/v2\/product_cat?post=5656"},{"taxonomy":"product_tag","embeddable":true,"href":"https:\/\/www.muralunique.com\/fr\/wp-json\/wp\/v2\/product_tag?post=5656"}],"curies":[{"name":"wp","href":"https:\/\/api.w.org\/{rel}","templated":true}]}}