{"id":5682,"date":"2012-04-17T20:11:30","date_gmt":"2012-04-17T20:11:30","guid":{"rendered":"https:\/\/muralunique.com\/?post_type=product&#038;p=5682"},"modified":"2022-04-16T19:44:12","modified_gmt":"2022-04-16T23:44:12","slug":"les-oiseaux-du-paradis","status":"publish","type":"product","link":"https:\/\/www.muralunique.com\/fr\/produit\/les-oiseaux-du-paradis\/","title":{"rendered":"Les Oiseaux du Paradis"},"content":{"rendered":"<p>-Murale pour enfants d&#8217;oiseaux exotiques. Cette murale est parfaite pour une chambre pour enfants ou une salle de jeu mais \u00e9galement une bonne id\u00e9e pour un bureau de dentiste, un h\u00f4pital, un bureau d&#8217;optom\u00e9triste, ect&#8230;<\/p>\n<p>-La murale comprend des laizes de 18&#8243; (45cm) de largeur. Par exemple, une murale de 6&#8242; (1,83m) de largeur a 4 laizes et une murale de 12&#8242; (3,66m) de largeur a 8 laizes.<\/p>\n<p>-Murale en papier\u00a0peint pr\u00e9encoll\u00e9e, lavable, s&#8217;enl\u00e8ve \u00e0 sec et r\u00e9utilisable. Facile \u00e0 installer, se pose comme du papier\u00a0peint (tapisserie).<\/p>\n<p>-Cette toile est une cr\u00e9ation de Birgit Schulz.<\/p>\n<p>-murale d&#8217;oiseaux, papier peint d&#8217;oiseaux, tapisserie d&#8217;oiseaux, murale pour enfants, papier peint pour enfants<\/p>\n","protected":false},"excerpt":{"rendered":"<p>-Murale pour enfants d&#8217;oiseaux exotiques. Cette murale est parfaite pour une chambre pour enfants ou une salle de jeu mais \u00e9galement une bonne id\u00e9e pour un bureau de dentiste, un h\u00f4pital, un bureau d&#8217;optom\u00e9triste, ect&#8230; -La murale comprend des laizes de 18&#8243; (45cm) de largeur. Par exemple, une murale de 6&#8242; (1,83m) de largeur a [&hellip;]<\/p>\n","protected":false},"featured_media":5683,"template":"","meta":{"_acf_changed":false},"product_brand":[165],"product_cat":[134,173,401,425],"product_tag":[8769,8791,8790,8894,8895,8970,9019,9125,9122,8824,9247,9253,9486],"class_list":{"0":"post-5682","1":"product","2":"type-product","3":"status-publish","4":"has-post-thumbnail","6":"artist-birgit-schulz-fr","7":"product_brand-birgit-schulz-2","8":"product_cat-animaux","9":"product_cat-enfants","10":"product_cat-tous-nos-produits","11":"product_cat-ultra-haute-d-finition-art","12":"product_tag-animaux","13":"product_tag-bebe","14":"product_tag-bebes","15":"product_tag-enfant","16":"product_tag-enfants","17":"product_tag-exotique","18":"product_tag-foret","19":"product_tag-gamins","20":"product_tag-jungle-fr","21":"product_tag-oiseaux","22":"product_tag-paradis","23":"product_tag-perroquets","24":"product_tag-tropical-fr","26":"first","27":"instock","28":"taxable","29":"shipping-taxable","30":"purchasable","31":"product-type-variable","32":"has-default-attributes"},"acf":[],"_links":{"self":[{"href":"https:\/\/www.muralunique.com\/fr\/wp-json\/wp\/v2\/product\/5682","targetHints":{"allow":["GET"]}}],"collection":[{"href":"https:\/\/www.muralunique.com\/fr\/wp-json\/wp\/v2\/product"}],"about":[{"href":"https:\/\/www.muralunique.com\/fr\/wp-json\/wp\/v2\/types\/product"}],"wp:featuredmedia":[{"embeddable":true,"href":"https:\/\/www.muralunique.com\/fr\/wp-json\/wp\/v2\/media\/5683"}],"wp:attachment":[{"href":"https:\/\/www.muralunique.com\/fr\/wp-json\/wp\/v2\/media?parent=5682"}],"wp:term":[{"taxonomy":"product_brand","embeddable":true,"href":"https:\/\/www.muralunique.com\/fr\/wp-json\/wp\/v2\/product_brand?post=5682"},{"taxonomy":"product_cat","embeddable":true,"href":"https:\/\/www.muralunique.com\/fr\/wp-json\/wp\/v2\/product_cat?post=5682"},{"taxonomy":"product_tag","embeddable":true,"href":"https:\/\/www.muralunique.com\/fr\/wp-json\/wp\/v2\/product_tag?post=5682"}],"curies":[{"name":"wp","href":"https:\/\/api.w.org\/{rel}","templated":true}]}}