{"id":5705,"date":"2012-06-05T08:21:52","date_gmt":"2012-06-05T08:21:52","guid":{"rendered":"https:\/\/muralunique.com\/?post_type=product&#038;p=5705"},"modified":"2025-10-17T08:59:30","modified_gmt":"2025-10-17T12:59:30","slug":"damask","status":"publish","type":"product","link":"https:\/\/www.muralunique.com\/fr\/produit\/damask\/","title":{"rendered":"Damask"},"content":{"rendered":"<p>-Murale\u00a0en papier\u00a0peint originale d&#8217;un damask en noir et blanc.<\/p>\n<p><strong>-Cette murale peut \u00eatre r\u00e9p\u00e9t\u00e9e horizontalement et verticalement.<\/strong><\/p>\n<p>-La murale comprend des laizes de 18&#8243; (45cm) de largeur. Par exemple, une murale de 6&#8242; (1,83m) de largeur a 4 laizes et une murale de 12&#8242; (3,66m) de largeur a 8 laizes.<\/p>\n<p>-Murale en papier\u00a0peint pr\u00e9encoll\u00e9e, lavable, s&#8217;enl\u00e8ve \u00e0 sec et r\u00e9utilisable. Facile \u00e0 installer, se pose comme du papier\u00a0peint (tapisserie).<\/p>\n<p>-murale damask, papier peint damask, tapisserie damask, murale damask noir et blanc, papier peint damask noir et blanc<\/p>\n","protected":false},"excerpt":{"rendered":"<p>-Murale\u00a0en papier\u00a0peint originale d&#8217;un damask en noir et blanc. -Cette murale peut \u00eatre r\u00e9p\u00e9t\u00e9e horizontalement et verticalement. -La murale comprend des laizes de 18&#8243; (45cm) de largeur. Par exemple, une murale de 6&#8242; (1,83m) de largeur a 4 laizes et une murale de 12&#8242; (3,66m) de largeur a 8 laizes. -Murale en papier\u00a0peint pr\u00e9encoll\u00e9e, lavable, [&hellip;]<\/p>\n","protected":false},"featured_media":5706,"template":"","meta":{"_acf_changed":false},"product_brand":[203],"product_cat":[125,367,10345,401],"product_tag":[8751,8802,8904,8921,8936,9165,9164,9187,9337,9507,9234,9512],"class_list":{"0":"post-5705","1":"product","2":"type-product","3":"status-publish","4":"has-post-thumbnail","6":"product_brand-muralunique-com","7":"product_cat-abstrait-et-geometrie","8":"product_cat-murales-en-r-p-tition","9":"product_cat-murs-extra-hauts-murales-repetition-verticale","10":"product_cat-tous-nos-produits","11":"product_tag-abstrait","12":"product_tag-baroque-fr","13":"product_tag-classique","14":"product_tag-contemporain","15":"product_tag-damask-fr","16":"product_tag-luxe","17":"product_tag-luxueux","18":"product_tag-moderne","19":"product_tag-rococo-fr","20":"product_tag-victorien","21":"product_tag-vieux","22":"product_tag-vintage-fr","24":"first","25":"instock","26":"taxable","27":"shipping-taxable","28":"purchasable","29":"product-type-variable","30":"has-default-attributes"},"acf":[],"_links":{"self":[{"href":"https:\/\/www.muralunique.com\/fr\/wp-json\/wp\/v2\/product\/5705","targetHints":{"allow":["GET"]}}],"collection":[{"href":"https:\/\/www.muralunique.com\/fr\/wp-json\/wp\/v2\/product"}],"about":[{"href":"https:\/\/www.muralunique.com\/fr\/wp-json\/wp\/v2\/types\/product"}],"wp:featuredmedia":[{"embeddable":true,"href":"https:\/\/www.muralunique.com\/fr\/wp-json\/wp\/v2\/media\/5706"}],"wp:attachment":[{"href":"https:\/\/www.muralunique.com\/fr\/wp-json\/wp\/v2\/media?parent=5705"}],"wp:term":[{"taxonomy":"product_brand","embeddable":true,"href":"https:\/\/www.muralunique.com\/fr\/wp-json\/wp\/v2\/product_brand?post=5705"},{"taxonomy":"product_cat","embeddable":true,"href":"https:\/\/www.muralunique.com\/fr\/wp-json\/wp\/v2\/product_cat?post=5705"},{"taxonomy":"product_tag","embeddable":true,"href":"https:\/\/www.muralunique.com\/fr\/wp-json\/wp\/v2\/product_tag?post=5705"}],"curies":[{"name":"wp","href":"https:\/\/api.w.org\/{rel}","templated":true}]}}