{"id":5712,"date":"2012-06-21T12:55:37","date_gmt":"2012-06-21T12:55:37","guid":{"rendered":"https:\/\/muralunique.com\/?post_type=product&#038;p=5712"},"modified":"2022-02-14T11:34:36","modified_gmt":"2022-02-14T16:34:36","slug":"lile-au-tresor","status":"publish","type":"product","link":"https:\/\/www.muralunique.com\/fr\/produit\/lile-au-tresor\/","title":{"rendered":"L&#8217;Ile au tr\u00e9sor"},"content":{"rendered":"<p>-Murale trompe l&#8217;oeil pour enfants d&#8217;un bateau de pirate.<\/p>\n<p>-La murale comprend des laizes de 18\u2033 (45cm) de largeur. Par exemple, une murale de 6\u2032 (1,83m) de largeur a 4 laizes et une murale de 12\u2032 (3,66m) de largeur a 8 laizes.<\/p>\n<p>-Murale en papier\u00a0peint pr\u00e9encoll\u00e9e, lavable, s\u2019enl\u00e8ve \u00e0 sec et r\u00e9utilisable. Facile \u00e0 installer, se pose comme du papier\u00a0peint (tapisserie).<\/p>\n<p>-Cette toile est une cr\u00e9ation de Ruth Baker.<\/p>\n<p>-murale de pirate, murales de pirates, murale en papier peint de pirates, murale l&#8217;\u00eele au tr\u00e9sor, papier peint enfants, tapisserie pirate enfants<\/p>\n","protected":false},"excerpt":{"rendered":"<p>-Murale trompe l&#8217;oeil pour enfants d&#8217;un bateau de pirate. -La murale comprend des laizes de 18\u2033 (45cm) de largeur. Par exemple, une murale de 6\u2032 (1,83m) de largeur a 4 laizes et une murale de 12\u2032 (3,66m) de largeur a 8 laizes. -Murale en papier\u00a0peint pr\u00e9encoll\u00e9e, lavable, s\u2019enl\u00e8ve \u00e0 sec et r\u00e9utilisable. Facile \u00e0 installer, [&hellip;]<\/p>\n","protected":false},"featured_media":5713,"template":"","meta":{"_acf_changed":false},"product_brand":[152],"product_cat":[173,401,425],"product_tag":[8831,8791,8790,8894,8895,9125,9112,9352,9367,9231,9277,9278,9476,9483,9612,9485],"class_list":{"0":"post-5712","1":"product","2":"type-product","3":"status-publish","4":"has-post-thumbnail","6":"artist-ruth-baker-fr","7":"product_brand-ruth-baker","8":"product_cat-enfants","9":"product_cat-tous-nos-produits","10":"product_cat-ultra-haute-d-finition-art","11":"product_tag-bateau","12":"product_tag-bebe","13":"product_tag-bebes","14":"product_tag-enfant","15":"product_tag-enfants","16":"product_tag-gamins","17":"product_tag-ile","18":"product_tag-mer","19":"product_tag-navire","20":"product_tag-ocean-fr-2","21":"product_tag-pirate-fr","22":"product_tag-pirates-fr","23":"product_tag-tresor","24":"product_tag-trompe-l-oeil","25":"product_tag-trompe-loeil-fr","26":"product_tag-trompe-oeil-fr","28":"first","29":"instock","30":"taxable","31":"shipping-taxable","32":"purchasable","33":"product-type-variable","34":"has-default-attributes"},"acf":[],"_links":{"self":[{"href":"https:\/\/www.muralunique.com\/fr\/wp-json\/wp\/v2\/product\/5712","targetHints":{"allow":["GET"]}}],"collection":[{"href":"https:\/\/www.muralunique.com\/fr\/wp-json\/wp\/v2\/product"}],"about":[{"href":"https:\/\/www.muralunique.com\/fr\/wp-json\/wp\/v2\/types\/product"}],"wp:featuredmedia":[{"embeddable":true,"href":"https:\/\/www.muralunique.com\/fr\/wp-json\/wp\/v2\/media\/5713"}],"wp:attachment":[{"href":"https:\/\/www.muralunique.com\/fr\/wp-json\/wp\/v2\/media?parent=5712"}],"wp:term":[{"taxonomy":"product_brand","embeddable":true,"href":"https:\/\/www.muralunique.com\/fr\/wp-json\/wp\/v2\/product_brand?post=5712"},{"taxonomy":"product_cat","embeddable":true,"href":"https:\/\/www.muralunique.com\/fr\/wp-json\/wp\/v2\/product_cat?post=5712"},{"taxonomy":"product_tag","embeddable":true,"href":"https:\/\/www.muralunique.com\/fr\/wp-json\/wp\/v2\/product_tag?post=5712"}],"curies":[{"name":"wp","href":"https:\/\/api.w.org\/{rel}","templated":true}]}}