{"id":57189,"date":"2021-11-04T18:40:12","date_gmt":"2021-11-04T22:40:12","guid":{"rendered":"https:\/\/www.muralunique.com\/?post_type=product&#038;p=57189"},"modified":"2022-03-16T17:37:52","modified_gmt":"2022-03-16T21:37:52","slug":"parc-tropical-en-malaisie","status":"publish","type":"product","link":"https:\/\/www.muralunique.com\/fr\/produit\/parc-tropical-en-malaisie\/","title":{"rendered":"Parc Tropical en Malaisie"},"content":{"rendered":"<p>-Murale en papier peint panoramique d&#8217;un parc tropical situ\u00e9 en Malaisie. Murale avec des petits sentiers qui donnent un bel effet de profondeur.<\/p>\n<p>-La murale comprend des laizes de 18\u2033 (45cm) de largeur. Par exemple, une murale de 6\u2032 (1,83m) de largeur a 4 laizes et une murale de 12\u2032 (3,66m) de largeur a 8 laizes.<\/p>\n<p>-Murale en papier\u00a0peint pr\u00e9encoll\u00e9e, lavable, s\u2019enl\u00e8ve \u00e0 sec et r\u00e9utilisable. Facile \u00e0 installer, se pose comme du papier\u00a0peint (tapisserie).<\/p>\n<p>-murale parc tropical, tapisserie parc tropical, murale en papier peint parc tropical, murale jungle tropicale, tapisserie jungle tropicale, papier peint jungle tropicale<\/p>\n","protected":false},"excerpt":{"rendered":"<p>-Murale en papier peint panoramique d&#8217;un parc tropical situ\u00e9 en Malaisie. Murale avec des petits sentiers qui donnent un bel effet de profondeur. -La murale comprend des laizes de 18\u2033 (45cm) de largeur. Par exemple, une murale de 6\u2032 (1,83m) de largeur a 4 laizes et une murale de 12\u2032 (3,66m) de largeur a 8 [&hellip;]<\/p>\n","protected":false},"featured_media":57187,"template":"","meta":{"_acf_changed":false},"product_brand":[],"product_cat":[150,10434,141,401,163],"product_tag":[9478,9258,8970,9014,9019,9122,9219,9252,9137,9483,9482,9485,9486],"class_list":{"0":"post-57189","1":"product","2":"type-product","3":"status-publish","4":"has-post-thumbnail","6":"product_cat-fleurs-et-feuillages","7":"product_cat-images-panoramiques","8":"product_cat-nature-et-paysages","9":"product_cat-tous-nos-produits","10":"product_cat-trompe-loeil","11":"product_tag-arbres","12":"product_tag-chemin","13":"product_tag-exotique","14":"product_tag-feuillage","15":"product_tag-foret","16":"product_tag-jungle-fr","17":"product_tag-nature-fr","18":"product_tag-parc","19":"product_tag-paysage","20":"product_tag-trompe-l-oeil","21":"product_tag-trompe-loeil","22":"product_tag-trompe-oeil-fr","23":"product_tag-tropical-fr","25":"first","26":"instock","27":"taxable","28":"shipping-taxable","29":"purchasable","30":"product-type-variable","31":"has-default-attributes"},"acf":[],"_links":{"self":[{"href":"https:\/\/www.muralunique.com\/fr\/wp-json\/wp\/v2\/product\/57189","targetHints":{"allow":["GET"]}}],"collection":[{"href":"https:\/\/www.muralunique.com\/fr\/wp-json\/wp\/v2\/product"}],"about":[{"href":"https:\/\/www.muralunique.com\/fr\/wp-json\/wp\/v2\/types\/product"}],"wp:featuredmedia":[{"embeddable":true,"href":"https:\/\/www.muralunique.com\/fr\/wp-json\/wp\/v2\/media\/57187"}],"wp:attachment":[{"href":"https:\/\/www.muralunique.com\/fr\/wp-json\/wp\/v2\/media?parent=57189"}],"wp:term":[{"taxonomy":"product_brand","embeddable":true,"href":"https:\/\/www.muralunique.com\/fr\/wp-json\/wp\/v2\/product_brand?post=57189"},{"taxonomy":"product_cat","embeddable":true,"href":"https:\/\/www.muralunique.com\/fr\/wp-json\/wp\/v2\/product_cat?post=57189"},{"taxonomy":"product_tag","embeddable":true,"href":"https:\/\/www.muralunique.com\/fr\/wp-json\/wp\/v2\/product_tag?post=57189"}],"curies":[{"name":"wp","href":"https:\/\/api.w.org\/{rel}","templated":true}]}}