{"id":5762,"date":"2012-07-14T18:55:35","date_gmt":"2012-07-14T18:55:35","guid":{"rendered":"https:\/\/muralunique.com\/?post_type=product&#038;p=5762"},"modified":"2021-09-15T16:59:26","modified_gmt":"2021-09-15T20:59:26","slug":"escalier-de-pierres","status":"publish","type":"product","link":"https:\/\/www.muralunique.com\/fr\/produit\/escalier-de-pierres\/","title":{"rendered":"Escalier de Pierres"},"content":{"rendered":"<p>-Magnifique photo murale d&#8217;un escalier de pierres dans une for\u00eat.<\/p>\n<p>-La murale comprend des laizes de 18\u2033 (45cm) de largeur. Par exemple, une murale de 6\u2032 (1,83m) de largeur a 4 laizes et une murale de 12\u2032 (3,66m) de largeur a 8 laizes.<\/p>\n<p>-Murale en papier\u00a0peint pr\u00e9encoll\u00e9e, lavable, s\u2019enl\u00e8ve \u00e0 sec et r\u00e9utilisable. Facile \u00e0 installer, se pose comme du papier\u00a0peint (tapisserie).<\/p>\n<p>-murale escalier de pierres, photo murale escalier de pierres, papier peint escalier de pierres, tapisserie escalier de pierres, murale trompe l&#8217;oeil<\/p>\n","protected":false},"excerpt":{"rendered":"<p>-Magnifique photo murale d&#8217;un escalier de pierres dans une for\u00eat. -La murale comprend des laizes de 18\u2033 (45cm) de largeur. Par exemple, une murale de 6\u2032 (1,83m) de largeur a 4 laizes et une murale de 12\u2032 (3,66m) de largeur a 8 laizes. -Murale en papier\u00a0peint pr\u00e9encoll\u00e9e, lavable, s\u2019enl\u00e8ve \u00e0 sec et r\u00e9utilisable. Facile \u00e0 [&hellip;]<\/p>\n","protected":false},"featured_media":31580,"template":"","meta":{"_acf_changed":false},"product_brand":[203],"product_cat":[150,141,401,163],"product_tag":[9478,8864,9406,9407,9427,9014,9019,9219,9261,9137,9416,9417,9218,9467,9483,9612,9485],"class_list":{"0":"post-5762","1":"product","2":"type-product","3":"status-publish","4":"has-post-thumbnail","6":"product_brand-muralunique-com","7":"product_cat-fleurs-et-feuillages","8":"product_cat-nature-et-paysages","9":"product_cat-tous-nos-produits","10":"product_cat-trompe-loeil","11":"product_tag-arbres","12":"product_tag-calme","13":"product_tag-escalier","14":"product_tag-escaliers","15":"product_tag-ete","16":"product_tag-feuillage","17":"product_tag-foret","18":"product_tag-nature-fr","19":"product_tag-paisible","20":"product_tag-paysage","21":"product_tag-pierre","22":"product_tag-pierres","23":"product_tag-pierres-naturelles","24":"product_tag-tranquilite","25":"product_tag-trompe-l-oeil","26":"product_tag-trompe-loeil-fr","27":"product_tag-trompe-oeil-fr","29":"first","30":"instock","31":"taxable","32":"shipping-taxable","33":"purchasable","34":"product-type-variable","35":"has-default-attributes"},"acf":[],"_links":{"self":[{"href":"https:\/\/www.muralunique.com\/fr\/wp-json\/wp\/v2\/product\/5762","targetHints":{"allow":["GET"]}}],"collection":[{"href":"https:\/\/www.muralunique.com\/fr\/wp-json\/wp\/v2\/product"}],"about":[{"href":"https:\/\/www.muralunique.com\/fr\/wp-json\/wp\/v2\/types\/product"}],"wp:featuredmedia":[{"embeddable":true,"href":"https:\/\/www.muralunique.com\/fr\/wp-json\/wp\/v2\/media\/31580"}],"wp:attachment":[{"href":"https:\/\/www.muralunique.com\/fr\/wp-json\/wp\/v2\/media?parent=5762"}],"wp:term":[{"taxonomy":"product_brand","embeddable":true,"href":"https:\/\/www.muralunique.com\/fr\/wp-json\/wp\/v2\/product_brand?post=5762"},{"taxonomy":"product_cat","embeddable":true,"href":"https:\/\/www.muralunique.com\/fr\/wp-json\/wp\/v2\/product_cat?post=5762"},{"taxonomy":"product_tag","embeddable":true,"href":"https:\/\/www.muralunique.com\/fr\/wp-json\/wp\/v2\/product_tag?post=5762"}],"curies":[{"name":"wp","href":"https:\/\/api.w.org\/{rel}","templated":true}]}}