{"id":5768,"date":"2012-07-15T13:26:58","date_gmt":"2012-07-15T13:26:58","guid":{"rendered":"https:\/\/muralunique.com\/?post_type=product&#038;p=5768"},"modified":"2021-09-15T16:59:26","modified_gmt":"2021-09-15T20:59:26","slug":"art-fractal","status":"publish","type":"product","link":"https:\/\/www.muralunique.com\/fr\/produit\/art-fractal\/","title":{"rendered":"Art Fractal"},"content":{"rendered":"<p>-Murale en papier\u00a0peint abstraite provenant d&#8217;un nouveau courant de cr\u00e9ation qui s&#8217;appelle &#8220;L&#8217;Art Fractal&#8221;.<\/p>\n<p>-La murale comprend des laizes de 18&#8243; (45cm) de largeur. Par exemple, une murale de 6&#8242; (1,83m) de largeur a 4 laizes et une murale de 12&#8242; (3,66m) de largeur a 8 laizes.<\/p>\n<p>-Murale en papier\u00a0peint pr\u00e9encoll\u00e9e, lavable, s&#8217;enl\u00e8ve \u00e0 sec et r\u00e9utilisable. Facile \u00e0 installer, se pose comme du papier\u00a0peint (tapisserie).<\/p>\n<p>-murale art fractal, papier peint art fractal, tapisserie art fractal, murale fractal, papier peint fractal<\/p>\n","protected":false},"excerpt":{"rendered":"<p>-Murale en papier\u00a0peint abstraite provenant d&#8217;un nouveau courant de cr\u00e9ation qui s&#8217;appelle &#8220;L&#8217;Art Fractal&#8221;. -La murale comprend des laizes de 18&#8243; (45cm) de largeur. Par exemple, une murale de 6&#8242; (1,83m) de largeur a 4 laizes et une murale de 12&#8242; (3,66m) de largeur a 8 laizes. -Murale en papier\u00a0peint pr\u00e9encoll\u00e9e, lavable, s&#8217;enl\u00e8ve \u00e0 sec [&hellip;]<\/p>\n","protected":false},"featured_media":5769,"template":"","meta":{"_acf_changed":false},"product_brand":[203],"product_cat":[125,169,401],"product_tag":[8751,9026,8921,9025],"class_list":{"0":"post-5768","1":"product","2":"type-product","3":"status-publish","4":"has-post-thumbnail","6":"product_brand-muralunique-com","7":"product_cat-abstrait-et-geometrie","8":"product_cat-textures-2","9":"product_cat-tous-nos-produits","10":"product_tag-abstrait","11":"product_tag-art-fractal","12":"product_tag-contemporain","13":"product_tag-fractal-fr","15":"first","16":"instock","17":"taxable","18":"shipping-taxable","19":"purchasable","20":"product-type-variable","21":"has-default-attributes"},"acf":[],"_links":{"self":[{"href":"https:\/\/www.muralunique.com\/fr\/wp-json\/wp\/v2\/product\/5768","targetHints":{"allow":["GET"]}}],"collection":[{"href":"https:\/\/www.muralunique.com\/fr\/wp-json\/wp\/v2\/product"}],"about":[{"href":"https:\/\/www.muralunique.com\/fr\/wp-json\/wp\/v2\/types\/product"}],"wp:featuredmedia":[{"embeddable":true,"href":"https:\/\/www.muralunique.com\/fr\/wp-json\/wp\/v2\/media\/5769"}],"wp:attachment":[{"href":"https:\/\/www.muralunique.com\/fr\/wp-json\/wp\/v2\/media?parent=5768"}],"wp:term":[{"taxonomy":"product_brand","embeddable":true,"href":"https:\/\/www.muralunique.com\/fr\/wp-json\/wp\/v2\/product_brand?post=5768"},{"taxonomy":"product_cat","embeddable":true,"href":"https:\/\/www.muralunique.com\/fr\/wp-json\/wp\/v2\/product_cat?post=5768"},{"taxonomy":"product_tag","embeddable":true,"href":"https:\/\/www.muralunique.com\/fr\/wp-json\/wp\/v2\/product_tag?post=5768"}],"curies":[{"name":"wp","href":"https:\/\/api.w.org\/{rel}","templated":true}]}}