{"id":5774,"date":"2012-07-16T18:53:19","date_gmt":"2012-07-16T18:53:19","guid":{"rendered":"https:\/\/muralunique.com\/?post_type=product&#038;p=5774"},"modified":"2021-09-15T16:59:28","modified_gmt":"2021-09-15T20:59:28","slug":"guitare-en-feu","status":"publish","type":"product","link":"https:\/\/www.muralunique.com\/fr\/produit\/guitare-en-feu\/","title":{"rendered":"Guitare en Feu"},"content":{"rendered":"<p>-Une murale en papier peint parfaite pour les adolescents d&#8217;une guitare &#8220;grunge&#8221;.<\/p>\n<p>-La murale comprend des laizes de 18&#8243; (45cm) de largeur. Par exemple, une murale de 6&#8242; (1,83m) de largeur a 4 laizes et une murale de 12&#8242; (3,66m) de largeur a 8 laizes.<\/p>\n<p>-Murale en papier\u00a0peint pr\u00e9encoll\u00e9e, lavable, s&#8217;enl\u00e8ve \u00e0 sec et r\u00e9utilisable. Facile \u00e0 installer, se pose comme du papier\u00a0peint (tapisserie).<\/p>\n<p>-murale de musique, murale guitare grunge, papier peint guitare, tapisserie musique, murale en papier peint guitare<\/p>\n","protected":false},"excerpt":{"rendered":"<p>-Une murale en papier peint parfaite pour les adolescents d&#8217;une guitare &#8220;grunge&#8221;. -La murale comprend des laizes de 18&#8243; (45cm) de largeur. Par exemple, une murale de 6&#8242; (1,83m) de largeur a 4 laizes et une murale de 12&#8242; (3,66m) de largeur a 8 laizes. -Murale en papier\u00a0peint pr\u00e9encoll\u00e9e, lavable, s&#8217;enl\u00e8ve \u00e0 sec et r\u00e9utilisable. [&hellip;]<\/p>\n","protected":false},"featured_media":5775,"template":"","meta":{"_acf_changed":false},"product_brand":[203],"product_cat":[131,477,401],"product_tag":[9441,9442,9068,9070,9109,9212,9213,9211],"class_list":{"0":"post-5774","1":"product","2":"type-product","3":"status-publish","4":"has-post-thumbnail","6":"product_brand-muralunique-com","7":"product_cat-adolescents","8":"product_cat-musique","9":"product_cat-tous-nos-produits","10":"product_tag-ado","11":"product_tag-adolescents","12":"product_tag-grunge-fr","13":"product_tag-guitare","14":"product_tag-instrument-fr","15":"product_tag-musical-fr","16":"product_tag-musicien","17":"product_tag-musique","19":"first","20":"instock","21":"taxable","22":"shipping-taxable","23":"purchasable","24":"product-type-variable","25":"has-default-attributes"},"acf":[],"_links":{"self":[{"href":"https:\/\/www.muralunique.com\/fr\/wp-json\/wp\/v2\/product\/5774","targetHints":{"allow":["GET"]}}],"collection":[{"href":"https:\/\/www.muralunique.com\/fr\/wp-json\/wp\/v2\/product"}],"about":[{"href":"https:\/\/www.muralunique.com\/fr\/wp-json\/wp\/v2\/types\/product"}],"wp:featuredmedia":[{"embeddable":true,"href":"https:\/\/www.muralunique.com\/fr\/wp-json\/wp\/v2\/media\/5775"}],"wp:attachment":[{"href":"https:\/\/www.muralunique.com\/fr\/wp-json\/wp\/v2\/media?parent=5774"}],"wp:term":[{"taxonomy":"product_brand","embeddable":true,"href":"https:\/\/www.muralunique.com\/fr\/wp-json\/wp\/v2\/product_brand?post=5774"},{"taxonomy":"product_cat","embeddable":true,"href":"https:\/\/www.muralunique.com\/fr\/wp-json\/wp\/v2\/product_cat?post=5774"},{"taxonomy":"product_tag","embeddable":true,"href":"https:\/\/www.muralunique.com\/fr\/wp-json\/wp\/v2\/product_tag?post=5774"}],"curies":[{"name":"wp","href":"https:\/\/api.w.org\/{rel}","templated":true}]}}