{"id":57769,"date":"2021-11-18T15:53:08","date_gmt":"2021-11-18T20:53:08","guid":{"rendered":"https:\/\/www.muralunique.com\/?post_type=product&#038;p=57769"},"modified":"2022-03-16T17:37:52","modified_gmt":"2022-03-16T21:37:52","slug":"feuillage-sur-beton-sepia","status":"publish","type":"product","link":"https:\/\/www.muralunique.com\/fr\/produit\/feuillage-sur-beton-sepia\/","title":{"rendered":"Feuillage sur B\u00e9ton (S\u00e9pia)"},"content":{"rendered":"<p>-Murale en s\u00e9pia d&#8217;un feuillage simple sur une texture de b\u00e9ton. La combinaison parfaite d&#8217;un feuillage, d&#8217;une texture et de la couleur s\u00e9pia pour cr\u00e9er un d\u00e9cor tendance et \u00e9l\u00e9gant.<\/p>\n<p>-La murale comprend des laizes de 18&#8243; (45cm) de largeur. Par exemple, une murale de 6&#8242; (1,83m) de largeur a 4 laizes et une murale de 12&#8242; (3,66m) de largeur a 8 laizes.<\/p>\n<p>-Murale en papier\u00a0peint pr\u00e9encoll\u00e9e, lavable, s&#8217;enl\u00e8ve \u00e0 sec et r\u00e9utilisable. Facile \u00e0 installer, se pose comme du papier\u00a0peint (tapisserie).<\/p>\n<p>-murale en s\u00e9pia d&#8217;un feuillage sur b\u00e9ton, murale en s\u00e9pia d&#8217;une texture de b\u00e9ton, papier peint feuillage sur b\u00e9ton, papier peint texture b\u00e9ton, tapisserie feuillage sur b\u00e9ton en s\u00e9pia<\/p>\n","protected":false},"excerpt":{"rendered":"<p>-Murale en s\u00e9pia d&#8217;un feuillage simple sur une texture de b\u00e9ton. La combinaison parfaite d&#8217;un feuillage, d&#8217;une texture et de la couleur s\u00e9pia pour cr\u00e9er un d\u00e9cor tendance et \u00e9l\u00e9gant. -La murale comprend des laizes de 18&#8243; (45cm) de largeur. Par exemple, une murale de 6&#8242; (1,83m) de largeur a 4 laizes et une murale [&hellip;]<\/p>\n","protected":false},"featured_media":57790,"template":"","meta":{"_acf_changed":false},"product_brand":[],"product_cat":[150,169,401],"product_tag":[8919,8841,8882,9014,9447,9448,9449],"class_list":{"0":"post-57769","1":"product","2":"type-product","3":"status-publish","4":"has-post-thumbnail","6":"product_cat-fleurs-et-feuillages","7":"product_cat-textures-2","8":"product_cat-tous-nos-produits","9":"product_tag-beton","10":"product_tag-branche","11":"product_tag-ciment","12":"product_tag-feuillage","13":"product_tag-texture-fr","14":"product_tag-texture-fr-2","15":"product_tag-textures","17":"first","18":"instock","19":"taxable","20":"shipping-taxable","21":"purchasable","22":"product-type-variable","23":"has-default-attributes"},"acf":[],"_links":{"self":[{"href":"https:\/\/www.muralunique.com\/fr\/wp-json\/wp\/v2\/product\/57769","targetHints":{"allow":["GET"]}}],"collection":[{"href":"https:\/\/www.muralunique.com\/fr\/wp-json\/wp\/v2\/product"}],"about":[{"href":"https:\/\/www.muralunique.com\/fr\/wp-json\/wp\/v2\/types\/product"}],"wp:featuredmedia":[{"embeddable":true,"href":"https:\/\/www.muralunique.com\/fr\/wp-json\/wp\/v2\/media\/57790"}],"wp:attachment":[{"href":"https:\/\/www.muralunique.com\/fr\/wp-json\/wp\/v2\/media?parent=57769"}],"wp:term":[{"taxonomy":"product_brand","embeddable":true,"href":"https:\/\/www.muralunique.com\/fr\/wp-json\/wp\/v2\/product_brand?post=57769"},{"taxonomy":"product_cat","embeddable":true,"href":"https:\/\/www.muralunique.com\/fr\/wp-json\/wp\/v2\/product_cat?post=57769"},{"taxonomy":"product_tag","embeddable":true,"href":"https:\/\/www.muralunique.com\/fr\/wp-json\/wp\/v2\/product_tag?post=57769"}],"curies":[{"name":"wp","href":"https:\/\/api.w.org\/{rel}","templated":true}]}}