{"id":5780,"date":"2012-07-19T06:34:42","date_gmt":"2012-07-19T06:34:42","guid":{"rendered":"https:\/\/muralunique.com\/?post_type=product&#038;p=5780"},"modified":"2021-09-15T16:59:29","modified_gmt":"2021-09-15T20:59:29","slug":"passages-pour-pietons-quartier-shibuya-tokyo-japon","status":"publish","type":"product","link":"https:\/\/www.muralunique.com\/fr\/produit\/passages-pour-pietons-quartier-shibuya-tokyo-japon\/","title":{"rendered":"Passages pour Pi\u00e9tons, Quartier Shibuya, Tokyo, Japon"},"content":{"rendered":"<p>-Murale en papier\u00a0peint de passages pour pi\u00e9tons dans le quartier Shibuya, Tokyo, Japon (photo murale).<\/p>\n<p>-La murale comprend des laizes de 18\u2033 (45cm) de largeur. Par exemple, une murale de 6\u2032 (1,83m) de largeur a 4 laizes et une murale de 12\u2032 (3,66m) de largeur a 8 laizes.<\/p>\n<p>-Murale en papier\u00a0peint pr\u00e9encoll\u00e9e, lavable, s\u2019enl\u00e8ve \u00e0 sec et r\u00e9utilisable. Facile \u00e0 installer, se pose comme du papier\u00a0peint (tapisserie).<\/p>\n<p>-murale passage pour pi\u00e9tons, murale Quartier Shibuya, murale Tokyo, photo murale Japon<\/p>\n","protected":false},"excerpt":{"rendered":"<p>-Murale en papier\u00a0peint de passages pour pi\u00e9tons dans le quartier Shibuya, Tokyo, Japon (photo murale). -La murale comprend des laizes de 18\u2033 (45cm) de largeur. Par exemple, une murale de 6\u2032 (1,83m) de largeur a 4 laizes et une murale de 12\u2032 (3,66m) de largeur a 8 laizes. -Murale en papier\u00a0peint pr\u00e9encoll\u00e9e, lavable, s\u2019enl\u00e8ve \u00e0 [&hellip;]<\/p>\n","protected":false},"featured_media":5781,"template":"","meta":{"_acf_changed":false},"product_brand":[203],"product_cat":[166,401],"product_tag":[8921,9117,8902,9262,9423,8729,8738,9500,8901],"class_list":{"0":"post-5780","1":"product","2":"type-product","3":"status-publish","4":"has-post-thumbnail","6":"product_brand-muralunique-com","7":"product_cat-scenes-urbaines-villes","8":"product_cat-tous-nos-produits","9":"product_tag-contemporain","10":"product_tag-japon","11":"product_tag-paysage-urbain","12":"product_tag-pietons","13":"product_tag-rue","14":"product_tag-shibuya-fr","15":"product_tag-tokyo-fr","16":"product_tag-urbain","17":"product_tag-ville","19":"first","20":"instock","21":"taxable","22":"shipping-taxable","23":"purchasable","24":"product-type-variable","25":"has-default-attributes"},"acf":[],"_links":{"self":[{"href":"https:\/\/www.muralunique.com\/fr\/wp-json\/wp\/v2\/product\/5780","targetHints":{"allow":["GET"]}}],"collection":[{"href":"https:\/\/www.muralunique.com\/fr\/wp-json\/wp\/v2\/product"}],"about":[{"href":"https:\/\/www.muralunique.com\/fr\/wp-json\/wp\/v2\/types\/product"}],"wp:featuredmedia":[{"embeddable":true,"href":"https:\/\/www.muralunique.com\/fr\/wp-json\/wp\/v2\/media\/5781"}],"wp:attachment":[{"href":"https:\/\/www.muralunique.com\/fr\/wp-json\/wp\/v2\/media?parent=5780"}],"wp:term":[{"taxonomy":"product_brand","embeddable":true,"href":"https:\/\/www.muralunique.com\/fr\/wp-json\/wp\/v2\/product_brand?post=5780"},{"taxonomy":"product_cat","embeddable":true,"href":"https:\/\/www.muralunique.com\/fr\/wp-json\/wp\/v2\/product_cat?post=5780"},{"taxonomy":"product_tag","embeddable":true,"href":"https:\/\/www.muralunique.com\/fr\/wp-json\/wp\/v2\/product_tag?post=5780"}],"curies":[{"name":"wp","href":"https:\/\/api.w.org\/{rel}","templated":true}]}}