{"id":5786,"date":"2012-07-19T06:36:34","date_gmt":"2012-07-19T06:36:34","guid":{"rendered":"https:\/\/muralunique.com\/?post_type=product&#038;p=5786"},"modified":"2021-09-15T16:59:29","modified_gmt":"2021-09-15T20:59:29","slug":"yellow-cabs-a-new-york","status":"publish","type":"product","link":"https:\/\/www.muralunique.com\/fr\/produit\/yellow-cabs-a-new-york\/","title":{"rendered":"Yellow Cabs \u00e0 New York"},"content":{"rendered":"<p>-Murale en papier peint de taxis jaunes \u00e0 New York (photo murale).<\/p>\n<p>-La murale comprend des laizes de 18\u2033 (45cm) de largeur. Par exemple, une murale de 6\u2032 (1,83m) de largeur a 4 laizes et une murale de 12\u2032 (3,66m) de largeur a 8 laizes.<\/p>\n<p>-Murale en papier\u00a0peint pr\u00e9encoll\u00e9e, lavable, s\u2019enl\u00e8ve \u00e0 sec et r\u00e9utilisable. Facile \u00e0 installer, se pose comme du papier\u00a0peint (tapisserie).<\/p>\n<p>-murale yellow cabs \u00e0 New York, murale en papier peint yellow cabs \u00e0 New York, tapisserie yellow cabs \u00e0 New York, papier peint taxis jaunes New York, murale taxis jaunes<\/p>\n","protected":false},"excerpt":{"rendered":"<p>-Murale en papier peint de taxis jaunes \u00e0 New York (photo murale). -La murale comprend des laizes de 18\u2033 (45cm) de largeur. Par exemple, une murale de 6\u2032 (1,83m) de largeur a 4 laizes et une murale de 12\u2032 (3,66m) de largeur a 8 laizes. -Murale en papier\u00a0peint pr\u00e9encoll\u00e9e, lavable, s\u2019enl\u00e8ve \u00e0 sec et r\u00e9utilisable. [&hellip;]<\/p>\n","protected":false},"featured_media":31419,"template":"","meta":{"_acf_changed":false},"product_brand":[203],"product_cat":[166,401,179],"product_tag":[8921,9499,9170,9226,9230,8902,8860,8861,9470,9471,9500,8901,9786,8874],"class_list":{"0":"post-5786","1":"product","2":"type-product","3":"status-publish","4":"has-post-thumbnail","6":"product_brand-muralunique-com","7":"product_cat-scenes-urbaines-villes","8":"product_cat-tous-nos-produits","9":"product_cat-transports","10":"product_tag-contemporain","11":"product_tag-etats-unis","12":"product_tag-manhattan-fr","13":"product_tag-new-york-fr","14":"product_tag-nyc-fr","15":"product_tag-paysage-urbain","16":"product_tag-taxi","17":"product_tag-taxis","18":"product_tag-transportation","19":"product_tag-transports","20":"product_tag-urbain","21":"product_tag-ville","22":"product_tag-voiture","23":"product_tag-voitures","25":"first","26":"instock","27":"taxable","28":"shipping-taxable","29":"purchasable","30":"product-type-variable","31":"has-default-attributes"},"acf":[],"_links":{"self":[{"href":"https:\/\/www.muralunique.com\/fr\/wp-json\/wp\/v2\/product\/5786","targetHints":{"allow":["GET"]}}],"collection":[{"href":"https:\/\/www.muralunique.com\/fr\/wp-json\/wp\/v2\/product"}],"about":[{"href":"https:\/\/www.muralunique.com\/fr\/wp-json\/wp\/v2\/types\/product"}],"wp:featuredmedia":[{"embeddable":true,"href":"https:\/\/www.muralunique.com\/fr\/wp-json\/wp\/v2\/media\/31419"}],"wp:attachment":[{"href":"https:\/\/www.muralunique.com\/fr\/wp-json\/wp\/v2\/media?parent=5786"}],"wp:term":[{"taxonomy":"product_brand","embeddable":true,"href":"https:\/\/www.muralunique.com\/fr\/wp-json\/wp\/v2\/product_brand?post=5786"},{"taxonomy":"product_cat","embeddable":true,"href":"https:\/\/www.muralunique.com\/fr\/wp-json\/wp\/v2\/product_cat?post=5786"},{"taxonomy":"product_tag","embeddable":true,"href":"https:\/\/www.muralunique.com\/fr\/wp-json\/wp\/v2\/product_tag?post=5786"}],"curies":[{"name":"wp","href":"https:\/\/api.w.org\/{rel}","templated":true}]}}