{"id":58105,"date":"2021-11-24T12:14:44","date_gmt":"2021-11-24T17:14:44","guid":{"rendered":"https:\/\/www.muralunique.com\/?post_type=product&#038;p=58105"},"modified":"2025-09-30T16:19:55","modified_gmt":"2025-09-30T20:19:55","slug":"nuances-de-gris","status":"publish","type":"product","link":"https:\/\/www.muralunique.com\/fr\/produit\/nuances-de-gris\/","title":{"rendered":"Nuances de Gris"},"content":{"rendered":"<p>-Murale en papier peint d&#8217;une texture abstraite dans les tons de gris. Un design moderne et polyvalent, une tr\u00e8s bonne option pour habiller des murs ternes et sans vie.<\/p>\n<p>-La murale comprend des laizes de 18\u2033 (45cm) de largeur. Par exemple, une murale de 6\u2032 (1,83m) de largeur a 4 laizes et une murale de 12\u2032 (3,66m) de largeur a 8 laizes.<\/p>\n<p>-Murale en papier\u00a0peint pr\u00e9encoll\u00e9e, lavable, s\u2019enl\u00e8ve \u00e0 sec et r\u00e9utilisable. Facile \u00e0 installer, se pose comme du papier\u00a0peint (tapisserie).<\/p>\n<p>-murale nuances de gris, murale en papier peint nuances de gris, tapisserie nuances de gris, papier peint nuances de gris, murale texture, tapisserie texture<\/p>\n<p>&nbsp;<\/p>\n","protected":false},"excerpt":{"rendered":"<p>-Murale en papier peint d&#8217;une texture abstraite dans les tons de gris. Un design moderne et polyvalent, une tr\u00e8s bonne option pour habiller des murs ternes et sans vie. -La murale comprend des laizes de 18\u2033 (45cm) de largeur. Par exemple, une murale de 6\u2032 (1,83m) de largeur a 4 laizes et une murale de [&hellip;]<\/p>\n","protected":false},"featured_media":58101,"template":"","meta":{"_acf_changed":false},"product_brand":[],"product_cat":[125,169,401],"product_tag":[8751,9187,9447,9448,9449],"class_list":{"0":"post-58105","1":"product","2":"type-product","3":"status-publish","4":"has-post-thumbnail","6":"product_cat-abstrait-et-geometrie","7":"product_cat-textures-2","8":"product_cat-tous-nos-produits","9":"product_tag-abstrait","10":"product_tag-moderne","11":"product_tag-texture-fr","12":"product_tag-texture-fr-2","13":"product_tag-textures","15":"first","16":"instock","17":"taxable","18":"shipping-taxable","19":"purchasable","20":"product-type-variable","21":"has-default-attributes"},"acf":[],"_links":{"self":[{"href":"https:\/\/www.muralunique.com\/fr\/wp-json\/wp\/v2\/product\/58105","targetHints":{"allow":["GET"]}}],"collection":[{"href":"https:\/\/www.muralunique.com\/fr\/wp-json\/wp\/v2\/product"}],"about":[{"href":"https:\/\/www.muralunique.com\/fr\/wp-json\/wp\/v2\/types\/product"}],"wp:featuredmedia":[{"embeddable":true,"href":"https:\/\/www.muralunique.com\/fr\/wp-json\/wp\/v2\/media\/58101"}],"wp:attachment":[{"href":"https:\/\/www.muralunique.com\/fr\/wp-json\/wp\/v2\/media?parent=58105"}],"wp:term":[{"taxonomy":"product_brand","embeddable":true,"href":"https:\/\/www.muralunique.com\/fr\/wp-json\/wp\/v2\/product_brand?post=58105"},{"taxonomy":"product_cat","embeddable":true,"href":"https:\/\/www.muralunique.com\/fr\/wp-json\/wp\/v2\/product_cat?post=58105"},{"taxonomy":"product_tag","embeddable":true,"href":"https:\/\/www.muralunique.com\/fr\/wp-json\/wp\/v2\/product_tag?post=58105"}],"curies":[{"name":"wp","href":"https:\/\/api.w.org\/{rel}","templated":true}]}}