{"id":5824,"date":"2012-07-24T14:42:17","date_gmt":"2012-07-24T14:42:17","guid":{"rendered":"https:\/\/muralunique.com\/?post_type=product&#038;p=5824"},"modified":"2021-09-15T16:59:31","modified_gmt":"2021-09-15T20:59:31","slug":"union-jack","status":"publish","type":"product","link":"https:\/\/www.muralunique.com\/fr\/produit\/union-jack\/","title":{"rendered":"Union Jack"},"content":{"rendered":"<p>-Murale en papier peint du drapeau du Royaume-Uni.<\/p>\n<p>-La murale comprend des laizes de 18\u2033 (45cm) de largeur. Par exemple, une murale de 6\u2032 (1,83m) de largeur a 4 laizes et une murale de 12\u2032 (3,66m) de largeur a 8 laizes.<\/p>\n<p>-Murale en papier\u00a0peint pr\u00e9encoll\u00e9e, lavable, s\u2019enl\u00e8ve \u00e0 sec et r\u00e9utilisable. Facile \u00e0 installer, se pose comme du papier\u00a0peint (tapisserie).<\/p>\n<p>-murale Union Jack, murale drapeau du Royaume-Uni, photo murale drapeau du Royaume-Uni, papier peint drapeau du Royaume-Uni<\/p>\n","protected":false},"excerpt":{"rendered":"<p>-Murale en papier peint du drapeau du Royaume-Uni. -La murale comprend des laizes de 18\u2033 (45cm) de largeur. Par exemple, une murale de 6\u2032 (1,83m) de largeur a 4 laizes et une murale de 12\u2032 (3,66m) de largeur a 8 laizes. -Murale en papier\u00a0peint pr\u00e9encoll\u00e9e, lavable, s\u2019enl\u00e8ve \u00e0 sec et r\u00e9utilisable. Facile \u00e0 installer, se [&hellip;]<\/p>\n","protected":false},"featured_media":5825,"template":"","meta":{"_acf_changed":false},"product_brand":[203],"product_cat":[160,401,163],"product_tag":[9004,9005,8691,9498,8742],"class_list":{"0":"post-5824","1":"product","2":"type-product","3":"status-publish","4":"has-post-thumbnail","6":"product_brand-muralunique-com","7":"product_cat-cartes-et-drapeaux","8":"product_cat-tous-nos-produits","9":"product_cat-trompe-loeil","10":"product_tag-drapeau","11":"product_tag-drapeaux","12":"product_tag-europe-fr","13":"product_tag-royaume-uni","14":"product_tag-union-jack-fr","16":"first","17":"instock","18":"taxable","19":"shipping-taxable","20":"purchasable","21":"product-type-variable","22":"has-default-attributes"},"acf":[],"_links":{"self":[{"href":"https:\/\/www.muralunique.com\/fr\/wp-json\/wp\/v2\/product\/5824","targetHints":{"allow":["GET"]}}],"collection":[{"href":"https:\/\/www.muralunique.com\/fr\/wp-json\/wp\/v2\/product"}],"about":[{"href":"https:\/\/www.muralunique.com\/fr\/wp-json\/wp\/v2\/types\/product"}],"wp:featuredmedia":[{"embeddable":true,"href":"https:\/\/www.muralunique.com\/fr\/wp-json\/wp\/v2\/media\/5825"}],"wp:attachment":[{"href":"https:\/\/www.muralunique.com\/fr\/wp-json\/wp\/v2\/media?parent=5824"}],"wp:term":[{"taxonomy":"product_brand","embeddable":true,"href":"https:\/\/www.muralunique.com\/fr\/wp-json\/wp\/v2\/product_brand?post=5824"},{"taxonomy":"product_cat","embeddable":true,"href":"https:\/\/www.muralunique.com\/fr\/wp-json\/wp\/v2\/product_cat?post=5824"},{"taxonomy":"product_tag","embeddable":true,"href":"https:\/\/www.muralunique.com\/fr\/wp-json\/wp\/v2\/product_tag?post=5824"}],"curies":[{"name":"wp","href":"https:\/\/api.w.org\/{rel}","templated":true}]}}