{"id":5830,"date":"2012-07-24T14:58:10","date_gmt":"2012-07-24T14:58:10","guid":{"rendered":"https:\/\/muralunique.com\/?post_type=product&#038;p=5830"},"modified":"2021-09-15T16:59:32","modified_gmt":"2021-09-15T20:59:32","slug":"tower-bridge-londres","status":"publish","type":"product","link":"https:\/\/www.muralunique.com\/fr\/produit\/tower-bridge-londres\/","title":{"rendered":"Tower Bridge, Londres"},"content":{"rendered":"<p>-Magnifique murale du Tower Bridge \u00e0 Londres (Angleterre).<\/p>\n<p>-La murale comprend des laizes de 18\u2033 (45cm) de largeur. Par exemple, une murale de 6\u2032 (1,83m) de largeur a 4 laizes et une murale de 12\u2032 (3,66m) de largeur a 8 laizes.<\/p>\n<p>-Murale en papier\u00a0peint pr\u00e9encoll\u00e9e, lavable, s\u2019enl\u00e8ve \u00e0 sec et r\u00e9utilisable. Facile \u00e0 installer, se pose comme du papier\u00a0peint (tapisserie).<\/p>\n<p>-murale Tower Bridge, murale en papier peint Tower Bridge, photo murale Tower Bridge, murale Londres, papier peint Londres<\/p>\n","protected":false},"excerpt":{"rendered":"<p>-Magnifique murale du Tower Bridge \u00e0 Londres (Angleterre). -La murale comprend des laizes de 18\u2033 (45cm) de largeur. Par exemple, une murale de 6\u2032 (1,83m) de largeur a 4 laizes et une murale de 12\u2032 (3,66m) de largeur a 8 laizes. -Murale en papier\u00a0peint pr\u00e9encoll\u00e9e, lavable, s\u2019enl\u00e8ve \u00e0 sec et r\u00e9utilisable. Facile \u00e0 installer, se [&hellip;]<\/p>\n","protected":false},"featured_media":51626,"template":"","meta":{"_acf_changed":false},"product_brand":[203],"product_cat":[128,166,401],"product_tag":[8968,8691,9161,9227,8902,8849,9498,9457,9500],"class_list":{"0":"post-5830","1":"product","2":"type-product","3":"status-publish","4":"has-post-thumbnail","6":"product_brand-muralunique-com","7":"product_cat-merveilles-du-monde","8":"product_cat-scenes-urbaines-villes","9":"product_cat-tous-nos-produits","10":"product_tag-angleterre","11":"product_tag-europe-fr","12":"product_tag-londres","13":"product_tag-nuit","14":"product_tag-paysage-urbain","15":"product_tag-pont","16":"product_tag-royaume-uni","17":"product_tag-tower-bridge-fr","18":"product_tag-urbain","20":"first","21":"instock","22":"taxable","23":"shipping-taxable","24":"purchasable","25":"product-type-variable","26":"has-default-attributes"},"acf":[],"_links":{"self":[{"href":"https:\/\/www.muralunique.com\/fr\/wp-json\/wp\/v2\/product\/5830","targetHints":{"allow":["GET"]}}],"collection":[{"href":"https:\/\/www.muralunique.com\/fr\/wp-json\/wp\/v2\/product"}],"about":[{"href":"https:\/\/www.muralunique.com\/fr\/wp-json\/wp\/v2\/types\/product"}],"wp:featuredmedia":[{"embeddable":true,"href":"https:\/\/www.muralunique.com\/fr\/wp-json\/wp\/v2\/media\/51626"}],"wp:attachment":[{"href":"https:\/\/www.muralunique.com\/fr\/wp-json\/wp\/v2\/media?parent=5830"}],"wp:term":[{"taxonomy":"product_brand","embeddable":true,"href":"https:\/\/www.muralunique.com\/fr\/wp-json\/wp\/v2\/product_brand?post=5830"},{"taxonomy":"product_cat","embeddable":true,"href":"https:\/\/www.muralunique.com\/fr\/wp-json\/wp\/v2\/product_cat?post=5830"},{"taxonomy":"product_tag","embeddable":true,"href":"https:\/\/www.muralunique.com\/fr\/wp-json\/wp\/v2\/product_tag?post=5830"}],"curies":[{"name":"wp","href":"https:\/\/api.w.org\/{rel}","templated":true}]}}