{"id":5846,"date":"2012-08-18T10:56:12","date_gmt":"2012-08-18T10:56:12","guid":{"rendered":"https:\/\/muralunique.com\/?post_type=product&#038;p=5846"},"modified":"2025-09-30T16:19:00","modified_gmt":"2025-09-30T20:19:00","slug":"basketball-slam-dunk","status":"publish","type":"product","link":"https:\/\/www.muralunique.com\/fr\/produit\/basketball-slam-dunk\/","title":{"rendered":"Basketball Slam Dunk"},"content":{"rendered":"<p>-Murale en p<span lang=\"fr\">apier peint d\u2019un joueur de basketball effectuant un slam dunk. Une excellente id\u00e9e pour les amateurs de basket et les adolescents sportifs.<\/span><\/p>\n<p>-La murale comprend des laizes de 18\u2033 (45cm) de largeur. Par exemple, une murale de 6\u2032 (1,83m) de largeur a 4 laizes et une murale de 12\u2032 (3,66m) de largeur a 8 laizes.<\/p>\n<p>-Murale en papier\u00a0peint pr\u00e9encoll\u00e9e, lavable, s\u2019enl\u00e8ve \u00e0 sec et r\u00e9utilisable. Facile \u00e0 installer, se pose comme du papier\u00a0peint (tapisserie).<\/p>\n<p>-murale slam dunk, papier peint slam dunk, murale basketball, murale en papier peint basketball, tapisserie basketball, murale basketball slam dunk, murale joueur basketball, papier peint basketball, papier peint basketball slam dunk<\/p>\n","protected":false},"excerpt":{"rendered":"<p>-Murale en papier peint d\u2019un joueur de basketball effectuant un slam dunk. Une excellente id\u00e9e pour les amateurs de basket et les adolescents sportifs. -La murale comprend des laizes de 18\u2033 (45cm) de largeur. Par exemple, une murale de 6\u2032 (1,83m) de largeur a 4 laizes et une murale de 12\u2032 (3,66m) de largeur a [&hellip;]<\/p>\n","protected":false},"featured_media":5847,"template":"","meta":{"_acf_changed":false},"product_brand":[203],"product_cat":[131,145,401,425],"product_tag":[9441,9442,8804,8805,9285,9383,9399,9400],"class_list":{"0":"post-5846","1":"product","2":"type-product","3":"status-publish","4":"has-post-thumbnail","6":"product_brand-muralunique-com","7":"product_cat-adolescents","8":"product_cat-sports-2","9":"product_cat-tous-nos-produits","10":"product_cat-ultra-haute-d-finition-art","11":"product_tag-ado","12":"product_tag-adolescents","13":"product_tag-basket-fr","14":"product_tag-basketball-fr","15":"product_tag-joueur","16":"product_tag-slam-dunk-fr","17":"product_tag-sport","18":"product_tag-sports","20":"first","21":"instock","22":"taxable","23":"shipping-taxable","24":"purchasable","25":"product-type-variable","26":"has-default-attributes"},"acf":[],"_links":{"self":[{"href":"https:\/\/www.muralunique.com\/fr\/wp-json\/wp\/v2\/product\/5846","targetHints":{"allow":["GET"]}}],"collection":[{"href":"https:\/\/www.muralunique.com\/fr\/wp-json\/wp\/v2\/product"}],"about":[{"href":"https:\/\/www.muralunique.com\/fr\/wp-json\/wp\/v2\/types\/product"}],"wp:featuredmedia":[{"embeddable":true,"href":"https:\/\/www.muralunique.com\/fr\/wp-json\/wp\/v2\/media\/5847"}],"wp:attachment":[{"href":"https:\/\/www.muralunique.com\/fr\/wp-json\/wp\/v2\/media?parent=5846"}],"wp:term":[{"taxonomy":"product_brand","embeddable":true,"href":"https:\/\/www.muralunique.com\/fr\/wp-json\/wp\/v2\/product_brand?post=5846"},{"taxonomy":"product_cat","embeddable":true,"href":"https:\/\/www.muralunique.com\/fr\/wp-json\/wp\/v2\/product_cat?post=5846"},{"taxonomy":"product_tag","embeddable":true,"href":"https:\/\/www.muralunique.com\/fr\/wp-json\/wp\/v2\/product_tag?post=5846"}],"curies":[{"name":"wp","href":"https:\/\/api.w.org\/{rel}","templated":true}]}}