{"id":58665,"date":"2021-12-03T15:42:37","date_gmt":"2021-12-03T20:42:37","guid":{"rendered":"https:\/\/www.muralunique.com\/?post_type=product&#038;p=58665"},"modified":"2025-09-30T16:17:29","modified_gmt":"2025-09-30T20:17:29","slug":"parc-national-de-la-jacques-cartier-quebec","status":"publish","type":"product","link":"https:\/\/www.muralunique.com\/fr\/produit\/parc-national-de-la-jacques-cartier-quebec\/","title":{"rendered":"Parc National de la Jacques Cartier, Qu\u00e9bec"},"content":{"rendered":"<p><span class=\"Y2IQFc\" lang=\"fr\">-Murale d&#8217;une magnifique vue du parc national de la Jacques-Cartier au Qu\u00e9bec. Une for\u00eat aux couleurs vives avec un point de vue donnant un bel effet de profondeur.<\/span><\/p>\n<p>-La murale comprend des laizes de 18\u2033 (45cm) de largeur. Par exemple, une murale de 6\u2032 (1,83m) de largeur a 4 laizes et une murale de 12\u2032 (3,66m) de largeur a 8 laizes.<\/p>\n<p>-Murale en papier\u00a0peint pr\u00e9encoll\u00e9e, lavable, s\u2019enl\u00e8ve \u00e0 sec et r\u00e9utilisable. Facile \u00e0 installer, se pose comme du papier\u00a0peint (tapisserie).<\/p>\n<p>-murale de for\u00eat, murale en papier peint de for\u00eat, tapisserie de for\u00eat, papier peint de for\u00eat, murale de la nature, murale de paysage, murale en papier peint de paysage<\/p>\n","protected":false},"excerpt":{"rendered":"<p>-Murale d&#8217;une magnifique vue du parc national de la Jacques-Cartier au Qu\u00e9bec. Une for\u00eat aux couleurs vives avec un point de vue donnant un bel effet de profondeur. -La murale comprend des laizes de 18\u2033 (45cm) de largeur. Par exemple, une murale de 6\u2032 (1,83m) de largeur a 4 laizes et une murale de 12\u2032 [&hellip;]<\/p>\n","protected":false},"featured_media":58663,"template":"","meta":{"_acf_changed":false},"product_brand":[],"product_cat":[141,305,401,163],"product_tag":[9019,9819,9219,9252,9217,9137,9306,9483,9612,9485],"class_list":{"0":"post-58665","1":"product","2":"type-product","3":"status-publish","4":"has-post-thumbnail","6":"product_cat-nature-et-paysages","7":"product_cat-produits-vedettes","8":"product_cat-tous-nos-produits","9":"product_cat-trompe-loeil","10":"product_tag-foret","11":"product_tag-jacques-cartier-fr","12":"product_tag-nature-fr","13":"product_tag-parc","14":"product_tag-parc-national","15":"product_tag-paysage","16":"product_tag-quebec-fr","17":"product_tag-trompe-l-oeil","18":"product_tag-trompe-loeil-fr","19":"product_tag-trompe-oeil-fr","21":"first","22":"instock","23":"taxable","24":"shipping-taxable","25":"purchasable","26":"product-type-variable","27":"has-default-attributes"},"acf":[],"_links":{"self":[{"href":"https:\/\/www.muralunique.com\/fr\/wp-json\/wp\/v2\/product\/58665","targetHints":{"allow":["GET"]}}],"collection":[{"href":"https:\/\/www.muralunique.com\/fr\/wp-json\/wp\/v2\/product"}],"about":[{"href":"https:\/\/www.muralunique.com\/fr\/wp-json\/wp\/v2\/types\/product"}],"wp:featuredmedia":[{"embeddable":true,"href":"https:\/\/www.muralunique.com\/fr\/wp-json\/wp\/v2\/media\/58663"}],"wp:attachment":[{"href":"https:\/\/www.muralunique.com\/fr\/wp-json\/wp\/v2\/media?parent=58665"}],"wp:term":[{"taxonomy":"product_brand","embeddable":true,"href":"https:\/\/www.muralunique.com\/fr\/wp-json\/wp\/v2\/product_brand?post=58665"},{"taxonomy":"product_cat","embeddable":true,"href":"https:\/\/www.muralunique.com\/fr\/wp-json\/wp\/v2\/product_cat?post=58665"},{"taxonomy":"product_tag","embeddable":true,"href":"https:\/\/www.muralunique.com\/fr\/wp-json\/wp\/v2\/product_tag?post=58665"}],"curies":[{"name":"wp","href":"https:\/\/api.w.org\/{rel}","templated":true}]}}