{"id":5867,"date":"2012-09-27T14:14:06","date_gmt":"2012-09-27T14:14:06","guid":{"rendered":"https:\/\/muralunique.com\/?post_type=product&#038;p=5867"},"modified":"2025-09-30T16:19:57","modified_gmt":"2025-09-30T20:19:57","slug":"dragon-fumant","status":"publish","type":"product","link":"https:\/\/www.muralunique.com\/fr\/produit\/dragon-fumant\/","title":{"rendered":"Dragon Fumant"},"content":{"rendered":"<p>-Murale en papier peint pour enfants d&#8217;un dragon fumant.<\/p>\n<p>-La murale comprend des laizes de 18\u2033 (45cm) de largeur. Par exemple, une murale de 6\u2032 (1,83m) de largeur a 4 laizes et une murale de 12\u2032 (3,66m) de largeur a 8 laizes.<\/p>\n<p>-Murale en papier\u00a0peint pr\u00e9encoll\u00e9e, lavable, s\u2019enl\u00e8ve \u00e0 sec et r\u00e9utilisable. Facile \u00e0 installer, se pose comme du papier\u00a0peint (tapisserie).<\/p>\n<p>-Cr\u00e9ation de Birgit Schulz.<\/p>\n<p>-murales de dragons, murale de dragon, murale d&#8217;un dragon fumant, papier peint de dragons, murale en papier peint de dragon<\/p>\n","protected":false},"excerpt":{"rendered":"<p>-Murale en papier peint pour enfants d&#8217;un dragon fumant. -La murale comprend des laizes de 18\u2033 (45cm) de largeur. Par exemple, une murale de 6\u2032 (1,83m) de largeur a 4 laizes et une murale de 12\u2032 (3,66m) de largeur a 8 laizes. -Murale en papier\u00a0peint pr\u00e9encoll\u00e9e, lavable, s\u2019enl\u00e8ve \u00e0 sec et r\u00e9utilisable. Facile \u00e0 installer, [&hellip;]<\/p>\n","protected":false},"featured_media":5868,"template":"","meta":{"_acf_changed":false},"product_brand":[165],"product_cat":[131,134,173,401,163,425],"product_tag":[9441,9442,8768,8769,8954,8955,8993,9181,9483,9612,9485],"class_list":{"0":"post-5867","1":"product","2":"type-product","3":"status-publish","4":"has-post-thumbnail","6":"artist-birgit-schulz-fr","7":"product_brand-birgit-schulz-2","8":"product_cat-adolescents","9":"product_cat-animaux","10":"product_cat-enfants","11":"product_cat-tous-nos-produits","12":"product_cat-trompe-loeil","13":"product_cat-ultra-haute-d-finition-art","14":"product_tag-ado","15":"product_tag-adolescents","16":"product_tag-animal","17":"product_tag-animaux","18":"product_tag-dragon-fr","19":"product_tag-dragons-fr","20":"product_tag-fiction-fr","21":"product_tag-medieval-fr","22":"product_tag-trompe-l-oeil","23":"product_tag-trompe-loeil-fr","24":"product_tag-trompe-oeil-fr","26":"first","27":"instock","28":"taxable","29":"shipping-taxable","30":"purchasable","31":"product-type-variable","32":"has-default-attributes"},"acf":[],"_links":{"self":[{"href":"https:\/\/www.muralunique.com\/fr\/wp-json\/wp\/v2\/product\/5867","targetHints":{"allow":["GET"]}}],"collection":[{"href":"https:\/\/www.muralunique.com\/fr\/wp-json\/wp\/v2\/product"}],"about":[{"href":"https:\/\/www.muralunique.com\/fr\/wp-json\/wp\/v2\/types\/product"}],"wp:featuredmedia":[{"embeddable":true,"href":"https:\/\/www.muralunique.com\/fr\/wp-json\/wp\/v2\/media\/5868"}],"wp:attachment":[{"href":"https:\/\/www.muralunique.com\/fr\/wp-json\/wp\/v2\/media?parent=5867"}],"wp:term":[{"taxonomy":"product_brand","embeddable":true,"href":"https:\/\/www.muralunique.com\/fr\/wp-json\/wp\/v2\/product_brand?post=5867"},{"taxonomy":"product_cat","embeddable":true,"href":"https:\/\/www.muralunique.com\/fr\/wp-json\/wp\/v2\/product_cat?post=5867"},{"taxonomy":"product_tag","embeddable":true,"href":"https:\/\/www.muralunique.com\/fr\/wp-json\/wp\/v2\/product_tag?post=5867"}],"curies":[{"name":"wp","href":"https:\/\/api.w.org\/{rel}","templated":true}]}}