{"id":5910,"date":"2012-11-06T07:41:07","date_gmt":"2012-11-06T07:41:07","guid":{"rendered":"https:\/\/muralunique.com\/?post_type=product&#038;p=5910"},"modified":"2022-04-16T19:43:56","modified_gmt":"2022-04-16T23:43:56","slug":"soleil-dautomne","status":"publish","type":"product","link":"https:\/\/www.muralunique.com\/fr\/produit\/soleil-dautomne\/","title":{"rendered":"Soleil d&#8217;Automne"},"content":{"rendered":"<p>-Murale en papier peint d&#8217;une for\u00eat ensoleill\u00e9e en automne. Un bon choix\u00a0pour donner vie \u00e0 un petit mur.<\/p>\n<p>-La murale comprend des laizes de 18&#8243; (45cm) de largeur. Par exemple, une murale de 6&#8242; (1,83m) de largeur a 4 laizes et une murale de 12&#8242; (3,66m) de largeur a 8 laizes.<\/p>\n<p>-Murale en papier\u00a0peint pr\u00e9encoll\u00e9e, lavable, s&#8217;enl\u00e8ve \u00e0 sec et r\u00e9utilisable. Facile \u00e0 installer, se pose comme du papier\u00a0peint (tapisserie).<\/p>\n<p>-Photo originale de Perry Mastrovito. Vous pouvez obtenir plus d&#8217;informations \u00e0 <a href=\"http:\/\/www.perrymastrovito.com\" rel=\"nofollow noopener\" target=\"_blank\">www.perrymastrovito.com<\/a>.<\/p>\n<p>-petite murale de for\u00eat, petite murale en papier peint de for\u00eat, murale de la nature, papier peint de paysage, murale de paysage<\/p>\n","protected":false},"excerpt":{"rendered":"<p>-Murale en papier peint d&#8217;une for\u00eat ensoleill\u00e9e en automne. Un bon choix\u00a0pour donner vie \u00e0 un petit mur. -La murale comprend des laizes de 18&#8243; (45cm) de largeur. Par exemple, une murale de 6&#8242; (1,83m) de largeur a 4 laizes et une murale de 12&#8242; (3,66m) de largeur a 8 laizes. -Murale en papier\u00a0peint pr\u00e9encoll\u00e9e, [&hellip;]<\/p>\n","protected":false},"featured_media":31594,"template":"","meta":{"_acf_changed":false},"product_brand":[191],"product_cat":[141,401],"product_tag":[9478,8979,8788,8864,9019,9219,9261,9137,9467],"class_list":{"0":"post-5910","1":"product","2":"type-product","3":"status-publish","4":"has-post-thumbnail","6":"artist-perry-mastrovito-fr","7":"product_brand-perry-mastrovito","8":"product_cat-nature-et-paysages","9":"product_cat-tous-nos-produits","10":"product_tag-arbres","11":"product_tag-automne-fr","12":"product_tag-automne","13":"product_tag-calme","14":"product_tag-foret","15":"product_tag-nature-fr","16":"product_tag-paisible","17":"product_tag-paysage","18":"product_tag-tranquilite","20":"first","21":"instock","22":"taxable","23":"shipping-taxable","24":"purchasable","25":"product-type-variable","26":"has-default-attributes"},"acf":[],"_links":{"self":[{"href":"https:\/\/www.muralunique.com\/fr\/wp-json\/wp\/v2\/product\/5910","targetHints":{"allow":["GET"]}}],"collection":[{"href":"https:\/\/www.muralunique.com\/fr\/wp-json\/wp\/v2\/product"}],"about":[{"href":"https:\/\/www.muralunique.com\/fr\/wp-json\/wp\/v2\/types\/product"}],"wp:featuredmedia":[{"embeddable":true,"href":"https:\/\/www.muralunique.com\/fr\/wp-json\/wp\/v2\/media\/31594"}],"wp:attachment":[{"href":"https:\/\/www.muralunique.com\/fr\/wp-json\/wp\/v2\/media?parent=5910"}],"wp:term":[{"taxonomy":"product_brand","embeddable":true,"href":"https:\/\/www.muralunique.com\/fr\/wp-json\/wp\/v2\/product_brand?post=5910"},{"taxonomy":"product_cat","embeddable":true,"href":"https:\/\/www.muralunique.com\/fr\/wp-json\/wp\/v2\/product_cat?post=5910"},{"taxonomy":"product_tag","embeddable":true,"href":"https:\/\/www.muralunique.com\/fr\/wp-json\/wp\/v2\/product_tag?post=5910"}],"curies":[{"name":"wp","href":"https:\/\/api.w.org\/{rel}","templated":true}]}}