{"id":5930,"date":"2012-11-06T07:45:27","date_gmt":"2012-11-06T07:45:27","guid":{"rendered":"https:\/\/muralunique.com\/?post_type=product&#038;p=5930"},"modified":"2022-04-16T19:44:06","modified_gmt":"2022-04-16T23:44:06","slug":"cite-royale-dangkor-thom-au-cambodge","status":"publish","type":"product","link":"https:\/\/www.muralunique.com\/fr\/produit\/cite-royale-dangkor-thom-au-cambodge\/","title":{"rendered":"Cit\u00e9 Royale d&#8217;Angkor Thom au Cambodge"},"content":{"rendered":"<p>-Photo murale en papier peint. Angkor Thom &#8220;La Grande Cit\u00e9&#8221;, situ\u00e9e au Cambodge, est la derni\u00e8re cit\u00e9 royale de l&#8217;empire Khmer. Elle a \u00e9t\u00e9 \u00e9tablie \u00e0 la fin du 12\u00e8me si\u00e8cle par la roi bouddhiste Jayavarman VII.<\/p>\n<p>-La murale comprend des laizes de 18\u2033 (45cm) de largeur. Par exemple, une murale de 6\u2032 (1,83m) de largeur a 4 laizes et une murale de 12\u2032 (3,66m) de largeur a 8 laizes.<\/p>\n<p>-Murale en papier\u00a0peint pr\u00e9encoll\u00e9e, lavable, s\u2019enl\u00e8ve \u00e0 sec et r\u00e9utilisable. Facile \u00e0 installer, se pose comme du papier\u00a0peint (tapisserie).<\/p>\n<p>-murale Cit\u00e9 Royale d&#8217;Angkor, photo murale Cit\u00e9 Royale d&#8217;Angkor, papier peint Cit\u00e9 Royale d&#8217;Angkor, murale Cambodge, papier peint Cambodge<\/p>\n","protected":false},"excerpt":{"rendered":"<p>-Photo murale en papier peint. Angkor Thom &#8220;La Grande Cit\u00e9&#8221;, situ\u00e9e au Cambodge, est la derni\u00e8re cit\u00e9 royale de l&#8217;empire Khmer. Elle a \u00e9t\u00e9 \u00e9tablie \u00e0 la fin du 12\u00e8me si\u00e8cle par la roi bouddhiste Jayavarman VII. -La murale comprend des laizes de 18\u2033 (45cm) de largeur. Par exemple, une murale de 6\u2032 (1,83m) de [&hellip;]<\/p>\n","protected":false},"featured_media":31552,"template":"","meta":{"_acf_changed":false},"product_brand":[203],"product_cat":[128,141,138,401],"product_tag":[8668,8784,8783,8853,8854,8675,9536,9537,9219,9238,9137,9321,9342,8901],"class_list":{"0":"post-5930","1":"product","2":"type-product","3":"status-publish","4":"has-post-thumbnail","6":"product_brand-muralunique-com","7":"product_cat-merveilles-du-monde","8":"product_cat-nature-et-paysages","9":"product_cat-oriental-religion-spiritualite","10":"product_cat-tous-nos-produits","11":"product_tag-angkor-thom-fr","12":"product_tag-asiatique","13":"product_tag-asie","14":"product_tag-bouddhisme","15":"product_tag-bouddhiste","16":"product_tag-cambodge","17":"product_tag-merveilles","18":"product_tag-merveilles-du-monde","19":"product_tag-nature-fr","20":"product_tag-oriental-fr","21":"product_tag-paysage","22":"product_tag-religion-fr","23":"product_tag-royal-fr","24":"product_tag-ville","26":"first","27":"instock","28":"taxable","29":"shipping-taxable","30":"purchasable","31":"product-type-variable","32":"has-default-attributes"},"acf":[],"_links":{"self":[{"href":"https:\/\/www.muralunique.com\/fr\/wp-json\/wp\/v2\/product\/5930","targetHints":{"allow":["GET"]}}],"collection":[{"href":"https:\/\/www.muralunique.com\/fr\/wp-json\/wp\/v2\/product"}],"about":[{"href":"https:\/\/www.muralunique.com\/fr\/wp-json\/wp\/v2\/types\/product"}],"wp:featuredmedia":[{"embeddable":true,"href":"https:\/\/www.muralunique.com\/fr\/wp-json\/wp\/v2\/media\/31552"}],"wp:attachment":[{"href":"https:\/\/www.muralunique.com\/fr\/wp-json\/wp\/v2\/media?parent=5930"}],"wp:term":[{"taxonomy":"product_brand","embeddable":true,"href":"https:\/\/www.muralunique.com\/fr\/wp-json\/wp\/v2\/product_brand?post=5930"},{"taxonomy":"product_cat","embeddable":true,"href":"https:\/\/www.muralunique.com\/fr\/wp-json\/wp\/v2\/product_cat?post=5930"},{"taxonomy":"product_tag","embeddable":true,"href":"https:\/\/www.muralunique.com\/fr\/wp-json\/wp\/v2\/product_tag?post=5930"}],"curies":[{"name":"wp","href":"https:\/\/api.w.org\/{rel}","templated":true}]}}