{"id":5948,"date":"2012-11-06T07:48:34","date_gmt":"2012-11-06T07:48:34","guid":{"rendered":"https:\/\/muralunique.com\/?post_type=product&#038;p=5948"},"modified":"2022-04-16T19:44:16","modified_gmt":"2022-04-16T23:44:16","slug":"pique-nique","status":"publish","type":"product","link":"https:\/\/www.muralunique.com\/fr\/produit\/pique-nique\/","title":{"rendered":"Pique-Nique"},"content":{"rendered":"<p>-Murale en papier peint d&#8217;un pique-nique tr\u00e8s amusant d&#8217;une famille d&#8217;ours.<\/p>\n<p>-La murale comprend des laizes de 18\u2033 (45cm) de largeur. Par exemple, une murale de 6\u2032 (1,83m) de largeur a 4 laizes et une murale de 12\u2032 (3,66m) de largeur a 8 laizes.<\/p>\n<p>-Murale en papier\u00a0peint pr\u00e9encoll\u00e9e, lavable, s\u2019enl\u00e8ve \u00e0 sec et r\u00e9utilisable. Facile \u00e0 installer, se pose comme du papier\u00a0peint (tapisserie).<\/p>\n<p>-Toile originale de Ruth Baker.<\/p>\n<p>-murale en papier peint d&#8217;ours, tapisserie d&#8217;animaux, murale avec des ours, papier peint pour enfants, murales pour enfants<\/p>\n","protected":false},"excerpt":{"rendered":"<p>-Murale en papier peint d&#8217;un pique-nique tr\u00e8s amusant d&#8217;une famille d&#8217;ours. -La murale comprend des laizes de 18\u2033 (45cm) de largeur. Par exemple, une murale de 6\u2032 (1,83m) de largeur a 4 laizes et une murale de 12\u2032 (3,66m) de largeur a 8 laizes. -Murale en papier\u00a0peint pr\u00e9encoll\u00e9e, lavable, s\u2019enl\u00e8ve \u00e0 sec et r\u00e9utilisable. Facile [&hellip;]<\/p>\n","protected":false},"featured_media":5950,"template":"","meta":{"_acf_changed":false},"product_brand":[152],"product_cat":[134,173,401,425],"product_tag":[8766,9036,8768,8769,8791,8790,9038,8894,8895,9427,9019,9125,8809,9440,9273],"class_list":{"0":"post-5948","1":"product","2":"type-product","3":"status-publish","4":"has-post-thumbnail","6":"artist-ruth-baker-fr","7":"product_brand-ruth-baker","8":"product_cat-animaux","9":"product_cat-enfants","10":"product_cat-tous-nos-produits","11":"product_cat-ultra-haute-d-finition-art","12":"product_tag-amusant","13":"product_tag-amusement","14":"product_tag-animal","15":"product_tag-animaux","16":"product_tag-bebe","17":"product_tag-bebes","18":"product_tag-drole","19":"product_tag-enfant","20":"product_tag-enfants","21":"product_tag-ete","22":"product_tag-foret","23":"product_tag-gamins","24":"product_tag-ours-fr","25":"product_tag-ours-en-peluche","26":"product_tag-pique-nique","28":"first","29":"instock","30":"taxable","31":"shipping-taxable","32":"purchasable","33":"product-type-variable","34":"has-default-attributes"},"acf":[],"_links":{"self":[{"href":"https:\/\/www.muralunique.com\/fr\/wp-json\/wp\/v2\/product\/5948","targetHints":{"allow":["GET"]}}],"collection":[{"href":"https:\/\/www.muralunique.com\/fr\/wp-json\/wp\/v2\/product"}],"about":[{"href":"https:\/\/www.muralunique.com\/fr\/wp-json\/wp\/v2\/types\/product"}],"wp:featuredmedia":[{"embeddable":true,"href":"https:\/\/www.muralunique.com\/fr\/wp-json\/wp\/v2\/media\/5950"}],"wp:attachment":[{"href":"https:\/\/www.muralunique.com\/fr\/wp-json\/wp\/v2\/media?parent=5948"}],"wp:term":[{"taxonomy":"product_brand","embeddable":true,"href":"https:\/\/www.muralunique.com\/fr\/wp-json\/wp\/v2\/product_brand?post=5948"},{"taxonomy":"product_cat","embeddable":true,"href":"https:\/\/www.muralunique.com\/fr\/wp-json\/wp\/v2\/product_cat?post=5948"},{"taxonomy":"product_tag","embeddable":true,"href":"https:\/\/www.muralunique.com\/fr\/wp-json\/wp\/v2\/product_tag?post=5948"}],"curies":[{"name":"wp","href":"https:\/\/api.w.org\/{rel}","templated":true}]}}