{"id":5960,"date":"2012-11-06T07:50:25","date_gmt":"2012-11-06T07:50:25","guid":{"rendered":"https:\/\/muralunique.com\/?post_type=product&#038;p=5960"},"modified":"2022-04-16T19:44:25","modified_gmt":"2022-04-16T23:44:25","slug":"feuillage-dautomne","status":"publish","type":"product","link":"https:\/\/www.muralunique.com\/fr\/produit\/feuillage-dautomne\/","title":{"rendered":"Feuillage d&#8217;Automne"},"content":{"rendered":"<p>-Murale en papier\u00a0peint d&#8217;un feuillage d&#8217;automne color\u00e9 (photo murale). Une tr\u00e8s bonne id\u00e9e de d\u00e9coration pour les amoureux de la nature afin de profiter des couleurs de la nature toute l&#8217;ann\u00e9e!<\/p>\n<p>-La murale comprend des laizes de 18&#8243; (45cm) de largeur. Par exemple, une murale de 6&#8242; (1,83m) de largeur a 4 laizes et une murale de 12&#8242; (3,66m) de largeur a 8 laizes.<\/p>\n<p>-Murale en papier\u00a0peint pr\u00e9encoll\u00e9e, lavable, s&#8217;enl\u00e8ve \u00e0 sec et r\u00e9utilisable. Facile \u00e0 installer, se pose comme du papier\u00a0peint (tapisserie).<\/p>\n<p>-Photographie de Irene Miller. Vous pouvez obtenir plus d&#8217;informations \u00e0 <a href=\"http:\/\/www.imillerphoto.com\/\" rel=\"nofollow noopener\" target=\"_blank\">www.imillerphoto.com<\/a><\/p>\n<p>-murale de feuillage,murale en papier peint de feuillage,papier peint de feuillage,murale de feuillage d&#8217;automne,papier peint feuillage d&#8217;automne<\/p>\n","protected":false},"excerpt":{"rendered":"<p>-Murale en papier\u00a0peint d&#8217;un feuillage d&#8217;automne color\u00e9 (photo murale). Une tr\u00e8s bonne id\u00e9e de d\u00e9coration pour les amoureux de la nature afin de profiter des couleurs de la nature toute l&#8217;ann\u00e9e! -La murale comprend des laizes de 18&#8243; (45cm) de largeur. Par exemple, une murale de 6&#8242; (1,83m) de largeur a 4 laizes et une [&hellip;]<\/p>\n","protected":false},"featured_media":31588,"template":"","meta":{"_acf_changed":false},"product_brand":[171],"product_cat":[150,141,401],"product_tag":[9478,8788,8979,9014,9142,9144],"class_list":{"0":"post-5960","1":"product","2":"type-product","3":"status-publish","4":"has-post-thumbnail","6":"artist-irene-miller-fr","7":"product_brand-irene-miller-2","8":"product_cat-fleurs-et-feuillages","9":"product_cat-nature-et-paysages","10":"product_cat-tous-nos-produits","11":"product_tag-arbres","12":"product_tag-automne","13":"product_tag-automne-fr","14":"product_tag-feuillage","15":"product_tag-feuille","16":"product_tag-feuilles","18":"first","19":"instock","20":"taxable","21":"shipping-taxable","22":"purchasable","23":"product-type-variable","24":"has-default-attributes"},"acf":[],"_links":{"self":[{"href":"https:\/\/www.muralunique.com\/fr\/wp-json\/wp\/v2\/product\/5960","targetHints":{"allow":["GET"]}}],"collection":[{"href":"https:\/\/www.muralunique.com\/fr\/wp-json\/wp\/v2\/product"}],"about":[{"href":"https:\/\/www.muralunique.com\/fr\/wp-json\/wp\/v2\/types\/product"}],"wp:featuredmedia":[{"embeddable":true,"href":"https:\/\/www.muralunique.com\/fr\/wp-json\/wp\/v2\/media\/31588"}],"wp:attachment":[{"href":"https:\/\/www.muralunique.com\/fr\/wp-json\/wp\/v2\/media?parent=5960"}],"wp:term":[{"taxonomy":"product_brand","embeddable":true,"href":"https:\/\/www.muralunique.com\/fr\/wp-json\/wp\/v2\/product_brand?post=5960"},{"taxonomy":"product_cat","embeddable":true,"href":"https:\/\/www.muralunique.com\/fr\/wp-json\/wp\/v2\/product_cat?post=5960"},{"taxonomy":"product_tag","embeddable":true,"href":"https:\/\/www.muralunique.com\/fr\/wp-json\/wp\/v2\/product_tag?post=5960"}],"curies":[{"name":"wp","href":"https:\/\/api.w.org\/{rel}","templated":true}]}}