{"id":5966,"date":"2012-11-06T07:51:46","date_gmt":"2012-11-06T07:51:46","guid":{"rendered":"https:\/\/muralunique.com\/?post_type=product&#038;p=5966"},"modified":"2022-02-14T11:34:35","modified_gmt":"2022-02-14T16:34:35","slug":"reflections","status":"publish","type":"product","link":"https:\/\/www.muralunique.com\/fr\/produit\/reflections\/","title":{"rendered":"R\u00e9flections"},"content":{"rendered":"<p>-Murale en papier peint de r\u00e9flections de feuilles dans l&#8217;eau (photo murale).<\/p>\n<p>-La murale comprend des laizes de 18\u2033 (45cm) de largeur. Par exemple, une murale de 6\u2032 (1,83m) de largeur a 4 laizes et une murale de 12\u2032 (3,66m) de largeur a 8 laizes.<\/p>\n<p>-Murale en papier\u00a0peint pr\u00e9encoll\u00e9e, lavable, s\u2019enl\u00e8ve \u00e0 sec et r\u00e9utilisable. Facile \u00e0 installer, se pose comme du papier\u00a0peint (tapisserie).<\/p>\n<p>-Photographie de Irene Miller. Vous pouvez obtenir plus d&#8217;informations \u00e0 <a href=\"http:\/\/www.imillerphoto.com\/\" rel=\"nofollow noopener\" target=\"_blank\">www.imillerphoto.com<\/a>.<\/p>\n<p>-murale r\u00e9flections de feuilles dans l&#8217;eau, murale r\u00e9flections de feuilles, photo murale r\u00e9flections de feuilles, papier peint r\u00e9flections de feuilles<\/p>\n","protected":false},"excerpt":{"rendered":"<p>-Murale en papier peint de r\u00e9flections de feuilles dans l&#8217;eau (photo murale). -La murale comprend des laizes de 18\u2033 (45cm) de largeur. Par exemple, une murale de 6\u2032 (1,83m) de largeur a 4 laizes et une murale de 12\u2032 (3,66m) de largeur a 8 laizes. -Murale en papier\u00a0peint pr\u00e9encoll\u00e9e, lavable, s\u2019enl\u00e8ve \u00e0 sec et r\u00e9utilisable. [&hellip;]<\/p>\n","protected":false},"featured_media":31589,"template":"","meta":{"_acf_changed":false},"product_brand":[171],"product_cat":[153,150,141,401],"product_tag":[9478,8979,8788,8864,9517,9014,9142,9144,9135,9219,9261,9137,9317,9318,9467],"class_list":{"0":"post-5966","1":"product","2":"type-product","3":"status-publish","4":"has-post-thumbnail","6":"artist-irene-miller-fr","7":"product_brand-irene-miller-2","8":"product_cat-eau-et-plages","9":"product_cat-fleurs-et-feuillages","10":"product_cat-nature-et-paysages","11":"product_cat-tous-nos-produits","12":"product_tag-arbres","13":"product_tag-automne-fr","14":"product_tag-automne","15":"product_tag-calme","16":"product_tag-eau","17":"product_tag-feuillage","18":"product_tag-feuille","19":"product_tag-feuilles","20":"product_tag-lac","21":"product_tag-nature-fr","22":"product_tag-paisible","23":"product_tag-paysage","24":"product_tag-reflections-fr","25":"product_tag-reflections-fr-2","26":"product_tag-tranquilite","28":"first","29":"instock","30":"taxable","31":"shipping-taxable","32":"purchasable","33":"product-type-variable","34":"has-default-attributes"},"acf":[],"_links":{"self":[{"href":"https:\/\/www.muralunique.com\/fr\/wp-json\/wp\/v2\/product\/5966","targetHints":{"allow":["GET"]}}],"collection":[{"href":"https:\/\/www.muralunique.com\/fr\/wp-json\/wp\/v2\/product"}],"about":[{"href":"https:\/\/www.muralunique.com\/fr\/wp-json\/wp\/v2\/types\/product"}],"wp:featuredmedia":[{"embeddable":true,"href":"https:\/\/www.muralunique.com\/fr\/wp-json\/wp\/v2\/media\/31589"}],"wp:attachment":[{"href":"https:\/\/www.muralunique.com\/fr\/wp-json\/wp\/v2\/media?parent=5966"}],"wp:term":[{"taxonomy":"product_brand","embeddable":true,"href":"https:\/\/www.muralunique.com\/fr\/wp-json\/wp\/v2\/product_brand?post=5966"},{"taxonomy":"product_cat","embeddable":true,"href":"https:\/\/www.muralunique.com\/fr\/wp-json\/wp\/v2\/product_cat?post=5966"},{"taxonomy":"product_tag","embeddable":true,"href":"https:\/\/www.muralunique.com\/fr\/wp-json\/wp\/v2\/product_tag?post=5966"}],"curies":[{"name":"wp","href":"https:\/\/api.w.org\/{rel}","templated":true}]}}