{"id":5970,"date":"2012-11-06T07:53:20","date_gmt":"2012-11-06T07:53:20","guid":{"rendered":"https:\/\/muralunique.com\/?post_type=product&#038;p=5970"},"modified":"2022-02-14T11:34:36","modified_gmt":"2022-02-14T16:34:36","slug":"pegase","status":"publish","type":"product","link":"https:\/\/www.muralunique.com\/fr\/produit\/pegase\/","title":{"rendered":"P\u00e9gase"},"content":{"rendered":"<p>-Murale en papier peint d&#8217;un p\u00e9gase. Le P\u00e9gase est l&#8217;une des cr\u00e9atures fantastiques les plus c\u00e9l\u00e8bres de la mythologie Grecque.<\/p>\n<p>-La murale comprend des laizes de 18\u2033 (45cm) de largeur. Par exemple, une murale de 6\u2032 (1,83m) de largeur a 4 laizes et une murale de 12\u2032 (3,66m) de largeur a 8 laizes.<\/p>\n<p>-Murale en papier\u00a0peint pr\u00e9encoll\u00e9e, lavable, s\u2019enl\u00e8ve \u00e0 sec et r\u00e9utilisable. Facile \u00e0 installer, se pose comme du papier\u00a0peint (tapisserie).<\/p>\n<p>-Une cr\u00e9ation originale de Birgit Schulz.<\/p>\n<p>-murale de p\u00e9gase, murale de licorne, murale en papier peint pour petites filles, tapisserie pour filles, papier peint pour filles<\/p>\n","protected":false},"excerpt":{"rendered":"<p>-Murale en papier peint d&#8217;un p\u00e9gase. Le P\u00e9gase est l&#8217;une des cr\u00e9atures fantastiques les plus c\u00e9l\u00e8bres de la mythologie Grecque. -La murale comprend des laizes de 18\u2033 (45cm) de largeur. Par exemple, une murale de 6\u2032 (1,83m) de largeur a 4 laizes et une murale de 12\u2032 (3,66m) de largeur a 8 laizes. -Murale en [&hellip;]<\/p>\n","protected":false},"featured_media":4299,"template":"","meta":{"_acf_changed":false},"product_brand":[165],"product_cat":[134,173,401,425],"product_tag":[8768,8769,8791,8790,9094,8894,8895,9052,9125,9067,9496,9215,9214,9263],"class_list":{"0":"post-5970","1":"product","2":"type-product","3":"status-publish","4":"has-post-thumbnail","6":"artist-birgit-schulz-fr","7":"product_brand-birgit-schulz-2","8":"product_cat-animaux","9":"product_cat-enfants","10":"product_cat-tous-nos-produits","11":"product_cat-ultra-haute-d-finition-art","12":"product_tag-animal","13":"product_tag-animaux","14":"product_tag-bebe","15":"product_tag-bebes","16":"product_tag-cheval","17":"product_tag-enfant","18":"product_tag-enfants","19":"product_tag-filles","20":"product_tag-gamins","21":"product_tag-grec","22":"product_tag-licorne","23":"product_tag-mythologie","24":"product_tag-mythologique","25":"product_tag-pegase","27":"first","28":"instock","29":"taxable","30":"shipping-taxable","31":"purchasable","32":"product-type-variable","33":"has-default-attributes"},"acf":[],"_links":{"self":[{"href":"https:\/\/www.muralunique.com\/fr\/wp-json\/wp\/v2\/product\/5970","targetHints":{"allow":["GET"]}}],"collection":[{"href":"https:\/\/www.muralunique.com\/fr\/wp-json\/wp\/v2\/product"}],"about":[{"href":"https:\/\/www.muralunique.com\/fr\/wp-json\/wp\/v2\/types\/product"}],"wp:featuredmedia":[{"embeddable":true,"href":"https:\/\/www.muralunique.com\/fr\/wp-json\/wp\/v2\/media\/4299"}],"wp:attachment":[{"href":"https:\/\/www.muralunique.com\/fr\/wp-json\/wp\/v2\/media?parent=5970"}],"wp:term":[{"taxonomy":"product_brand","embeddable":true,"href":"https:\/\/www.muralunique.com\/fr\/wp-json\/wp\/v2\/product_brand?post=5970"},{"taxonomy":"product_cat","embeddable":true,"href":"https:\/\/www.muralunique.com\/fr\/wp-json\/wp\/v2\/product_cat?post=5970"},{"taxonomy":"product_tag","embeddable":true,"href":"https:\/\/www.muralunique.com\/fr\/wp-json\/wp\/v2\/product_tag?post=5970"}],"curies":[{"name":"wp","href":"https:\/\/api.w.org\/{rel}","templated":true}]}}