{"id":59963,"date":"2022-01-14T14:51:57","date_gmt":"2022-01-14T19:51:57","guid":{"rendered":"https:\/\/www.muralunique.com\/?post_type=product&#038;p=59963"},"modified":"2022-04-16T19:44:16","modified_gmt":"2022-04-16T23:44:16","slug":"cafe-et-the-version-francaise","status":"publish","type":"product","link":"https:\/\/www.muralunique.com\/fr\/produit\/cafe-et-the-version-francaise\/","title":{"rendered":"Caf\u00e9 et Th\u00e9 (Version Fran\u00e7aise)"},"content":{"rendered":"<p>-Murale en papier peint avec des \u00e9lements reli\u00e9s au caf\u00e9 et au th\u00e9 comme des tasses de caf\u00e9, tasses de th\u00e9, cafeti\u00e8re, th\u00e9i\u00e8re, biscuits, croissants, petits g\u00e2teaux, etc. Une tr\u00e8s bonne id\u00e9e pour donner de la personnalit\u00e9 \u00e0 un mur dans une boutique de th\u00e9 ou caf\u00e9, dans un petit bistro, une p\u00e2tisserie ou boulangerie. Les mots sont en fran\u00e7ais, veuillez consulter le produit 1924 pour la version anglaise.<\/p>\n<p>-1923 peut \u00eatre r\u00e9p\u00e9t\u00e9 horizontalement et verticalement. 1923.01 peut \u00eatre r\u00e9p\u00e9t\u00e9 horizontalement mais pas verticalement.<\/p>\n<p>-La murale comprend des laizes de 18\u2033 (45cm) de largeur. Par exemple, une murale de 6\u2032 (1,83m) de largeur a 4 laizes et une murale de 12\u2032 (3,66m) de largeur a 8 laizes.<\/p>\n<p>-Murale en papier\u00a0peint pr\u00e9encoll\u00e9e, lavable, s\u2019enl\u00e8ve \u00e0 sec et r\u00e9utilisable. Facile \u00e0 installer, se pose comme du papier\u00a0peint (tapisserie).<\/p>\n<p>-murale caf\u00e9 et th\u00e9, murale en papier peint caf\u00e9 et th\u00e9, tapisserie caf\u00e9 et th\u00e9, papier peint caf\u00e9 et th\u00e9, murale caf\u00e9 et th\u00e9 pour mur<\/p>\n","protected":false},"excerpt":{"rendered":"<p>-Murale en papier peint avec des \u00e9lements reli\u00e9s au caf\u00e9 et au th\u00e9 comme des tasses de caf\u00e9, tasses de th\u00e9, cafeti\u00e8re, th\u00e9i\u00e8re, biscuits, croissants, petits g\u00e2teaux, etc. Une tr\u00e8s bonne id\u00e9e pour donner de la personnalit\u00e9 \u00e0 un mur dans une boutique de th\u00e9 ou caf\u00e9, dans un petit bistro, une p\u00e2tisserie ou boulangerie. [&hellip;]<\/p>\n","protected":false},"featured_media":59961,"template":"","meta":{"_acf_changed":false},"product_brand":[],"product_cat":[471,367,10345,401,425],"product_tag":[8913,9834,9833,9016,9832,9840,9836,9325,9835,9438,9838],"class_list":{"0":"post-59963","1":"product","2":"type-product","3":"status-publish","4":"has-post-thumbnail","6":"product_cat-cuisine-nourriture","7":"product_cat-murales-en-r-p-tition","8":"product_cat-murs-extra-hauts-murales-repetition-verticale","9":"product_cat-tous-nos-produits","10":"product_cat-ultra-haute-d-finition-art","11":"product_tag-cafe-fr-2","12":"product_tag-croissant-fr","13":"product_tag-gateau","14":"product_tag-nourriture","15":"product_tag-pain","16":"product_tag-patisserie-fr","17":"product_tag-petit-gateau","18":"product_tag-restaurant-fr","19":"product_tag-tasse","20":"product_tag-the","21":"product_tag-theiere","23":"first","24":"instock","25":"taxable","26":"shipping-taxable","27":"purchasable","28":"product-type-variable"},"acf":[],"_links":{"self":[{"href":"https:\/\/www.muralunique.com\/fr\/wp-json\/wp\/v2\/product\/59963","targetHints":{"allow":["GET"]}}],"collection":[{"href":"https:\/\/www.muralunique.com\/fr\/wp-json\/wp\/v2\/product"}],"about":[{"href":"https:\/\/www.muralunique.com\/fr\/wp-json\/wp\/v2\/types\/product"}],"wp:featuredmedia":[{"embeddable":true,"href":"https:\/\/www.muralunique.com\/fr\/wp-json\/wp\/v2\/media\/59961"}],"wp:attachment":[{"href":"https:\/\/www.muralunique.com\/fr\/wp-json\/wp\/v2\/media?parent=59963"}],"wp:term":[{"taxonomy":"product_brand","embeddable":true,"href":"https:\/\/www.muralunique.com\/fr\/wp-json\/wp\/v2\/product_brand?post=59963"},{"taxonomy":"product_cat","embeddable":true,"href":"https:\/\/www.muralunique.com\/fr\/wp-json\/wp\/v2\/product_cat?post=59963"},{"taxonomy":"product_tag","embeddable":true,"href":"https:\/\/www.muralunique.com\/fr\/wp-json\/wp\/v2\/product_tag?post=59963"}],"curies":[{"name":"wp","href":"https:\/\/api.w.org\/{rel}","templated":true}]}}