{"id":6017,"date":"2013-05-27T10:35:18","date_gmt":"2013-05-27T10:35:18","guid":{"rendered":"https:\/\/muralunique.com\/?post_type=product&#038;p=6017"},"modified":"2021-08-25T12:30:08","modified_gmt":"2021-08-25T16:30:08","slug":"graffiti-ok-do-k","status":"publish","type":"product","link":"https:\/\/www.muralunique.com\/fr\/produit\/graffiti-ok-do-k\/","title":{"rendered":"Graffiti Ok Do K"},"content":{"rendered":"<p>-Photo murale en papier peint tr\u00e8s originale de graffiti de rue.<\/p>\n<p>-La murale comprend des laizes de 18&#8243; (45cm) de largeur. Par exemple, une murale de 6&#8242; (1,83m) de largeur a 4 laizes et une murale de 12&#8242; (3,66m) de largeur a 8 laizes.<\/p>\n<p>-Murale en papier\u00a0peint pr\u00e9encoll\u00e9e, lavable, s&#8217;enl\u00e8ve \u00e0 sec et r\u00e9utilisable. Facile \u00e0 installer, se pose comme du papier\u00a0peint (tapisserie).<\/p>\n<p>-murale graffiti, papier peint graffiti, tapisserie graffiti, murale graffiti de rue, papier peint graffiti de rue<\/p>\n<p>&nbsp;<\/p>\n","protected":false},"excerpt":{"rendered":"<p>-Photo murale en papier peint tr\u00e8s originale de graffiti de rue. -La murale comprend des laizes de 18&#8243; (45cm) de largeur. Par exemple, une murale de 6&#8242; (1,83m) de largeur a 4 laizes et une murale de 12&#8242; (3,66m) de largeur a 8 laizes. -Murale en papier\u00a0peint pr\u00e9encoll\u00e9e, lavable, s&#8217;enl\u00e8ve \u00e0 sec et r\u00e9utilisable. Facile [&hellip;]<\/p>\n","protected":false},"featured_media":6018,"template":"","meta":{"_acf_changed":false},"product_brand":[203],"product_cat":[131,401,163],"product_tag":[9441,9442,9037,9057,9058,9059,9060,9233,9423,9483,9612,9485],"class_list":{"0":"post-6017","1":"product","2":"type-product","3":"status-publish","4":"has-post-thumbnail","6":"product_brand-muralunique-com","7":"product_cat-adolescents","8":"product_cat-tous-nos-produits","9":"product_cat-trompe-loeil","10":"product_tag-ado","11":"product_tag-adolescents","12":"product_tag-funky-fr","13":"product_tag-graffiti-fr","14":"product_tag-graffitis-fr","15":"product_tag-grafiti","16":"product_tag-grafitis-fr","17":"product_tag-ok-fr","18":"product_tag-rue","19":"product_tag-trompe-l-oeil","20":"product_tag-trompe-loeil-fr","21":"product_tag-trompe-oeil-fr","23":"first","24":"instock","25":"taxable","26":"shipping-taxable","27":"purchasable","28":"product-type-variable","29":"has-default-attributes"},"acf":[],"_links":{"self":[{"href":"https:\/\/www.muralunique.com\/fr\/wp-json\/wp\/v2\/product\/6017","targetHints":{"allow":["GET"]}}],"collection":[{"href":"https:\/\/www.muralunique.com\/fr\/wp-json\/wp\/v2\/product"}],"about":[{"href":"https:\/\/www.muralunique.com\/fr\/wp-json\/wp\/v2\/types\/product"}],"wp:featuredmedia":[{"embeddable":true,"href":"https:\/\/www.muralunique.com\/fr\/wp-json\/wp\/v2\/media\/6018"}],"wp:attachment":[{"href":"https:\/\/www.muralunique.com\/fr\/wp-json\/wp\/v2\/media?parent=6017"}],"wp:term":[{"taxonomy":"product_brand","embeddable":true,"href":"https:\/\/www.muralunique.com\/fr\/wp-json\/wp\/v2\/product_brand?post=6017"},{"taxonomy":"product_cat","embeddable":true,"href":"https:\/\/www.muralunique.com\/fr\/wp-json\/wp\/v2\/product_cat?post=6017"},{"taxonomy":"product_tag","embeddable":true,"href":"https:\/\/www.muralunique.com\/fr\/wp-json\/wp\/v2\/product_tag?post=6017"}],"curies":[{"name":"wp","href":"https:\/\/api.w.org\/{rel}","templated":true}]}}