{"id":60457,"date":"2022-01-24T17:46:22","date_gmt":"2022-01-24T22:46:22","guid":{"rendered":"https:\/\/www.muralunique.com\/?post_type=product&#038;p=60457"},"modified":"2022-04-16T19:44:06","modified_gmt":"2022-04-16T23:44:06","slug":"fleurs-brunes-a-laquarelle","status":"publish","type":"product","link":"https:\/\/www.muralunique.com\/fr\/produit\/fleurs-brunes-a-laquarelle\/","title":{"rendered":"Fleurs Brunes \u00e0 l&#8217;Aquarelle"},"content":{"rendered":"<p>-Murale florale d&#8217;un design de fleurs peintes \u00e0 l&#8217;aquarelle. Une murale dans les teintes de brun, un choix d\u00e9co tr\u00e8s int\u00e9ressant pour cr\u00e9er une ambiance chaleureuse et unique.<\/p>\n<p>-La murale comprend des laizes de 18\u2033 (45cm) de largeur. Par exemple, une murale de 6\u2032 (1,83m) de largeur a 4 laizes et une murale de 12\u2032 (3,66m) de largeur a 8 laizes.<\/p>\n<p>-Murale en papier\u00a0peint pr\u00e9encoll\u00e9e, lavable, s\u2019enl\u00e8ve \u00e0 sec et r\u00e9utilisable. Facile \u00e0 installer, se pose comme du papier\u00a0peint (tapisserie).<\/p>\n<p>-murale florale, murale en papier peint florale, murale fleurs brunes \u00e0 l&#8217;aquarelle, murale en papier peint fleurs brunes \u00e0 l&#8217;aquarelle, tapisserie fleurs brunes \u00e0 l&#8217;aquarelle, papier peint fleurs brunes \u00e0 l&#8217;aquarelle<\/p>\n","protected":false},"excerpt":{"rendered":"<p>-Murale florale d&#8217;un design de fleurs peintes \u00e0 l&#8217;aquarelle. Une murale dans les teintes de brun, un choix d\u00e9co tr\u00e8s int\u00e9ressant pour cr\u00e9er une ambiance chaleureuse et unique. -La murale comprend des laizes de 18\u2033 (45cm) de largeur. Par exemple, une murale de 6\u2032 (1,83m) de largeur a 4 laizes et une murale de 12\u2032 [&hellip;]<\/p>\n","protected":false},"featured_media":60456,"template":"","meta":{"_acf_changed":false},"product_brand":[],"product_cat":[150,401],"product_tag":[9653,9812,9142,9144,9009,9010,9006],"class_list":{"0":"post-60457","1":"product","2":"type-product","3":"status-publish","4":"has-post-thumbnail","6":"product_cat-fleurs-et-feuillages","7":"product_cat-tous-nos-produits","8":"product_tag-aquarelle","9":"product_tag-canevas","10":"product_tag-feuille","11":"product_tag-feuilles","12":"product_tag-fleur","13":"product_tag-fleurs","14":"product_tag-floral-fr","16":"first","17":"instock","18":"taxable","19":"shipping-taxable","20":"purchasable","21":"product-type-variable","22":"has-default-attributes"},"acf":[],"_links":{"self":[{"href":"https:\/\/www.muralunique.com\/fr\/wp-json\/wp\/v2\/product\/60457","targetHints":{"allow":["GET"]}}],"collection":[{"href":"https:\/\/www.muralunique.com\/fr\/wp-json\/wp\/v2\/product"}],"about":[{"href":"https:\/\/www.muralunique.com\/fr\/wp-json\/wp\/v2\/types\/product"}],"wp:featuredmedia":[{"embeddable":true,"href":"https:\/\/www.muralunique.com\/fr\/wp-json\/wp\/v2\/media\/60456"}],"wp:attachment":[{"href":"https:\/\/www.muralunique.com\/fr\/wp-json\/wp\/v2\/media?parent=60457"}],"wp:term":[{"taxonomy":"product_brand","embeddable":true,"href":"https:\/\/www.muralunique.com\/fr\/wp-json\/wp\/v2\/product_brand?post=60457"},{"taxonomy":"product_cat","embeddable":true,"href":"https:\/\/www.muralunique.com\/fr\/wp-json\/wp\/v2\/product_cat?post=60457"},{"taxonomy":"product_tag","embeddable":true,"href":"https:\/\/www.muralunique.com\/fr\/wp-json\/wp\/v2\/product_tag?post=60457"}],"curies":[{"name":"wp","href":"https:\/\/api.w.org\/{rel}","templated":true}]}}