{"id":6047,"date":"2013-05-28T12:38:29","date_gmt":"2013-05-28T12:38:29","guid":{"rendered":"https:\/\/muralunique.com\/?post_type=product&#038;p=6047"},"modified":"2022-04-16T19:43:43","modified_gmt":"2022-04-16T23:43:43","slug":"cascades-rawdon-quebec","status":"publish","type":"product","link":"https:\/\/www.muralunique.com\/fr\/produit\/cascades-rawdon-quebec\/","title":{"rendered":"Cascades, Rawdon, Qu\u00e9bec"},"content":{"rendered":"<p>-Cascades paisibles \u00e0 Rawdon, Qu\u00e9bec (photo de Perry Mastrovito).<\/p>\n<p>-La murale comprend des laizes de 18\u2033 (45cm) de largeur. Par exemple, une murale de 6\u2032 (1,83m) de largeur a 4 laizes et une murale de 12\u2032 (3,66m) de largeur a 8 laizes.<\/p>\n<p>-Murale en papier\u00a0peint pr\u00e9encoll\u00e9e, lavable, s\u2019enl\u00e8ve \u00e0 sec et r\u00e9utilisable. Facile \u00e0 installer, se pose comme du papier\u00a0peint (tapisserie).<\/p>\n<p>-Photographie de Perry Mastrovito. Vous pouvez obtenir plus d&#8217;informations \u00e0 <a href=\"https:\/\/www.perrymastrovito.com\/\" rel=\"nofollow noopener\" target=\"_blank\">www.perrymastrovito.com<\/a>.<\/p>\n<p>-nurale cascades d&#8217;eau, murale chutes d&#8217;eau, photo murale chutes, tapisserie chutes, papier peint chutes<\/p>\n","protected":false},"excerpt":{"rendered":"<p>-Cascades paisibles \u00e0 Rawdon, Qu\u00e9bec (photo de Perry Mastrovito). -La murale comprend des laizes de 18\u2033 (45cm) de largeur. Par exemple, une murale de 6\u2032 (1,83m) de largeur a 4 laizes et une murale de 12\u2032 (3,66m) de largeur a 8 laizes. -Murale en papier\u00a0peint pr\u00e9encoll\u00e9e, lavable, s\u2019enl\u00e8ve \u00e0 sec et r\u00e9utilisable. Facile \u00e0 installer, [&hellip;]<\/p>\n","protected":false},"featured_media":63409,"template":"","meta":{"_acf_changed":false},"product_brand":[191],"product_cat":[153,401,163],"product_tag":[8864,8676,9518,9517,9261,9306,9314,9467,9483,9612,9485],"class_list":{"0":"post-6047","1":"product","2":"type-product","3":"status-publish","4":"has-post-thumbnail","6":"artist-perry-mastrovito-fr","7":"product_brand-perry-mastrovito","8":"product_cat-eau-et-plages","9":"product_cat-tous-nos-produits","10":"product_cat-trompe-loeil","11":"product_tag-calme","12":"product_tag-canada-fr","13":"product_tag-cascades","14":"product_tag-eau","15":"product_tag-paisible","16":"product_tag-quebec-fr","17":"product_tag-rawdon-fr","18":"product_tag-tranquilite","19":"product_tag-trompe-l-oeil","20":"product_tag-trompe-loeil-fr","21":"product_tag-trompe-oeil-fr","23":"first","24":"instock","25":"taxable","26":"shipping-taxable","27":"purchasable","28":"product-type-variable","29":"has-default-attributes"},"acf":[],"_links":{"self":[{"href":"https:\/\/www.muralunique.com\/fr\/wp-json\/wp\/v2\/product\/6047","targetHints":{"allow":["GET"]}}],"collection":[{"href":"https:\/\/www.muralunique.com\/fr\/wp-json\/wp\/v2\/product"}],"about":[{"href":"https:\/\/www.muralunique.com\/fr\/wp-json\/wp\/v2\/types\/product"}],"wp:featuredmedia":[{"embeddable":true,"href":"https:\/\/www.muralunique.com\/fr\/wp-json\/wp\/v2\/media\/63409"}],"wp:attachment":[{"href":"https:\/\/www.muralunique.com\/fr\/wp-json\/wp\/v2\/media?parent=6047"}],"wp:term":[{"taxonomy":"product_brand","embeddable":true,"href":"https:\/\/www.muralunique.com\/fr\/wp-json\/wp\/v2\/product_brand?post=6047"},{"taxonomy":"product_cat","embeddable":true,"href":"https:\/\/www.muralunique.com\/fr\/wp-json\/wp\/v2\/product_cat?post=6047"},{"taxonomy":"product_tag","embeddable":true,"href":"https:\/\/www.muralunique.com\/fr\/wp-json\/wp\/v2\/product_tag?post=6047"}],"curies":[{"name":"wp","href":"https:\/\/api.w.org\/{rel}","templated":true}]}}