{"id":6059,"date":"2013-05-28T13:19:52","date_gmt":"2013-05-28T13:19:52","guid":{"rendered":"https:\/\/muralunique.com\/?post_type=product&#038;p=6059"},"modified":"2021-08-25T12:30:10","modified_gmt":"2021-08-25T16:30:10","slug":"chats","status":"publish","type":"product","link":"https:\/\/www.muralunique.com\/fr\/produit\/chats\/","title":{"rendered":"Chats"},"content":{"rendered":"<p>-Grand groupe de 471 chats de race. Cette murale en papier peint est un montage de plusieurs photos formant une image de 125 mega pixels. La qualit\u00e9 de l&#8217;image en pleine grandeur murale est exceptionnelle.<\/p>\n<p>-La murale comprend des laizes de 18&#8243; (45cm) de largeur. Par exemple, une murale de 6&#8242; (1,83m) de largeur a 4 laizes et une murale de 12&#8242; (3,66m) de largeur a 8 laizes.<\/p>\n<p>-Murale en papier\u00a0peint pr\u00e9encoll\u00e9e, lavable, s&#8217;enl\u00e8ve \u00e0 sec et r\u00e9utilisable. Facile \u00e0 installer, se pose comme du papier\u00a0peint (tapisserie).<\/p>\n<p>-murales en papier peint de chats, murale de chat, tapisserie de chats, papier peint de chats, murales d&#8217;animaux<\/p>\n","protected":false},"excerpt":{"rendered":"<p>-Grand groupe de 471 chats de race. Cette murale en papier peint est un montage de plusieurs photos formant une image de 125 mega pixels. La qualit\u00e9 de l&#8217;image en pleine grandeur murale est exceptionnelle. -La murale comprend des laizes de 18&#8243; (45cm) de largeur. Par exemple, une murale de 6&#8242; (1,83m) de largeur a [&hellip;]<\/p>\n","protected":false},"featured_media":6060,"template":"","meta":{"_acf_changed":false},"product_brand":[203],"product_cat":[131,134,173,401],"product_tag":[9441,9442,8769,9271,8791,8790,8879,8894,8895,9125,8844],"class_list":{"0":"post-6059","1":"product","2":"type-product","3":"status-publish","4":"has-post-thumbnail","6":"product_brand-muralunique-com","7":"product_cat-adolescents","8":"product_cat-animaux","9":"product_cat-enfants","10":"product_cat-tous-nos-produits","11":"product_tag-ado","12":"product_tag-adolescents","13":"product_tag-animaux","14":"product_tag-animaux-de-compagnie","15":"product_tag-bebe","16":"product_tag-bebes","17":"product_tag-chats","18":"product_tag-enfant","19":"product_tag-enfants","20":"product_tag-gamins","21":"product_tag-races","23":"first","24":"instock","25":"taxable","26":"shipping-taxable","27":"purchasable","28":"product-type-variable","29":"has-default-attributes"},"acf":[],"_links":{"self":[{"href":"https:\/\/www.muralunique.com\/fr\/wp-json\/wp\/v2\/product\/6059","targetHints":{"allow":["GET"]}}],"collection":[{"href":"https:\/\/www.muralunique.com\/fr\/wp-json\/wp\/v2\/product"}],"about":[{"href":"https:\/\/www.muralunique.com\/fr\/wp-json\/wp\/v2\/types\/product"}],"wp:featuredmedia":[{"embeddable":true,"href":"https:\/\/www.muralunique.com\/fr\/wp-json\/wp\/v2\/media\/6060"}],"wp:attachment":[{"href":"https:\/\/www.muralunique.com\/fr\/wp-json\/wp\/v2\/media?parent=6059"}],"wp:term":[{"taxonomy":"product_brand","embeddable":true,"href":"https:\/\/www.muralunique.com\/fr\/wp-json\/wp\/v2\/product_brand?post=6059"},{"taxonomy":"product_cat","embeddable":true,"href":"https:\/\/www.muralunique.com\/fr\/wp-json\/wp\/v2\/product_cat?post=6059"},{"taxonomy":"product_tag","embeddable":true,"href":"https:\/\/www.muralunique.com\/fr\/wp-json\/wp\/v2\/product_tag?post=6059"}],"curies":[{"name":"wp","href":"https:\/\/api.w.org\/{rel}","templated":true}]}}