{"id":60752,"date":"2022-02-01T19:34:05","date_gmt":"2022-02-02T00:34:05","guid":{"rendered":"https:\/\/www.muralunique.com\/?post_type=product&#038;p=60752"},"modified":"2022-03-16T17:37:50","modified_gmt":"2022-03-16T21:37:50","slug":"equipement-sportif","status":"publish","type":"product","link":"https:\/\/www.muralunique.com\/fr\/produit\/equipement-sportif\/","title":{"rendered":"\u00c9quipement Sportif"},"content":{"rendered":"<p>-Une belle murale pour les amateurs de sports! Cette murale repr\u00e9sente des articles de sports tels que des balles de tennis et baseball, des ballons de basketball et football, b\u00e2tons de golf, raquettes, ect. Une bonne id\u00e9e pour donner de la vie et de la couleur \u00e0 un mur de chambre d&#8217;enfants ou dans une salle de gym.<\/p>\n<p>-La murale comprend des laizes de 18\u2033 (45cm) de largeur. Par exemple, une murale de 6\u2032 (1,83m) de largeur a 4 laizes et une murale de 12\u2032 (3,66m) de largeur a 8 laizes.<\/p>\n<p>-Murale en papier\u00a0peint pr\u00e9encoll\u00e9e, lavable, s\u2019enl\u00e8ve \u00e0 sec et r\u00e9utilisable. Facile \u00e0 installer, se pose comme du papier\u00a0peint (tapisserie).<\/p>\n<p>-murale \u00e9quipement sportif, murale en papier peint \u00e9quipement sportif, tapisserie \u00e9quipement sportif, papier peint \u00e9quipement sportif, murale sport, papier peint de sport, murale en papier peint de sport<\/p>\n","protected":false},"excerpt":{"rendered":"<p>-Une belle murale pour les amateurs de sports! Cette murale repr\u00e9sente des articles de sports tels que des balles de tennis et baseball, des ballons de basketball et football, b\u00e2tons de golf, raquettes, ect. Une bonne id\u00e9e pour donner de la vie et de la couleur \u00e0 un mur de chambre d&#8217;enfants ou dans une [&hellip;]<\/p>\n","protected":false},"featured_media":60748,"template":"","meta":{"_acf_changed":false},"product_brand":[],"product_cat":[173,145,401],"product_tag":[8894,8895,9842,9125,9399,9400],"class_list":{"0":"post-60752","1":"product","2":"type-product","3":"status-publish","4":"has-post-thumbnail","6":"product_cat-enfants","7":"product_cat-sports-2","8":"product_cat-tous-nos-produits","9":"product_tag-enfant","10":"product_tag-enfants","11":"product_tag-equipement","12":"product_tag-gamins","13":"product_tag-sport","14":"product_tag-sports","16":"first","17":"instock","18":"taxable","19":"shipping-taxable","20":"purchasable","21":"product-type-variable","22":"has-default-attributes"},"acf":[],"_links":{"self":[{"href":"https:\/\/www.muralunique.com\/fr\/wp-json\/wp\/v2\/product\/60752","targetHints":{"allow":["GET"]}}],"collection":[{"href":"https:\/\/www.muralunique.com\/fr\/wp-json\/wp\/v2\/product"}],"about":[{"href":"https:\/\/www.muralunique.com\/fr\/wp-json\/wp\/v2\/types\/product"}],"wp:featuredmedia":[{"embeddable":true,"href":"https:\/\/www.muralunique.com\/fr\/wp-json\/wp\/v2\/media\/60748"}],"wp:attachment":[{"href":"https:\/\/www.muralunique.com\/fr\/wp-json\/wp\/v2\/media?parent=60752"}],"wp:term":[{"taxonomy":"product_brand","embeddable":true,"href":"https:\/\/www.muralunique.com\/fr\/wp-json\/wp\/v2\/product_brand?post=60752"},{"taxonomy":"product_cat","embeddable":true,"href":"https:\/\/www.muralunique.com\/fr\/wp-json\/wp\/v2\/product_cat?post=60752"},{"taxonomy":"product_tag","embeddable":true,"href":"https:\/\/www.muralunique.com\/fr\/wp-json\/wp\/v2\/product_tag?post=60752"}],"curies":[{"name":"wp","href":"https:\/\/api.w.org\/{rel}","templated":true}]}}