{"id":6082,"date":"2013-05-29T09:06:49","date_gmt":"2013-05-29T09:06:49","guid":{"rendered":"https:\/\/muralunique.com\/?post_type=product&#038;p=6082"},"modified":"2025-10-23T13:53:09","modified_gmt":"2025-10-23T17:53:09","slug":"paillettes-argentees","status":"publish","type":"product","link":"https:\/\/www.muralunique.com\/fr\/produit\/paillettes-argentees\/","title":{"rendered":"Paillettes Argent\u00e9es"},"content":{"rendered":"<p>-Photo murale tout \u00e0 fait unique de paillettes argent\u00e9es carr\u00e9es.<\/p>\n<p><strong>-Cette murale peut \u00eatre r\u00e9p\u00e9t\u00e9e horizontalement.<\/strong><\/p>\n<p>-La murale comprend des laizes de 18\u2033 (45cm) de largeur. Par exemple, une murale de 6\u2032 (1,83m) de largeur a 4 laizes et une murale de 12\u2032 (3,66m) de largeur a 8 laizes.<\/p>\n<p>-Murale en papier\u00a0peint pr\u00e9encoll\u00e9e, lavable, s\u2019enl\u00e8ve \u00e0 sec et r\u00e9utilisable. Facile \u00e0 installer, se pose comme du papier\u00a0peint (tapisserie).<\/p>\n<p>-murale paillettes argent\u00e9es, photo murale paillettes argent\u00e9es, papier peint paillettes argent\u00e9es, murale en papier peint paillettes argent\u00e9es<\/p>\n","protected":false},"excerpt":{"rendered":"<p>-Photo murale tout \u00e0 fait unique de paillettes argent\u00e9es carr\u00e9es. -Cette murale peut \u00eatre r\u00e9p\u00e9t\u00e9e horizontalement. -La murale comprend des laizes de 18\u2033 (45cm) de largeur. Par exemple, une murale de 6\u2032 (1,83m) de largeur a 4 laizes et une murale de 12\u2032 (3,66m) de largeur a 8 laizes. -Murale en papier\u00a0peint pr\u00e9encoll\u00e9e, lavable, s\u2019enl\u00e8ve [&hellip;]<\/p>\n","protected":false},"featured_media":6083,"template":"","meta":{"_acf_changed":false},"product_brand":[203],"product_cat":[125,367,169,401,163],"product_tag":[9371,8946,9047,9049,9185,9202,9356,9357,9447,9448,9449,9483,9482,9485],"class_list":{"0":"post-6082","1":"product","2":"type-product","3":"status-publish","4":"has-post-thumbnail","6":"product_brand-muralunique-com","7":"product_cat-abstrait-et-geometrie","8":"product_cat-murales-en-r-p-tition","9":"product_cat-textures-2","10":"product_cat-tous-nos-produits","11":"product_cat-trompe-loeil","12":"product_tag-argent","13":"product_tag-disco-fr","14":"product_tag-geometrie","15":"product_tag-geometrique","16":"product_tag-miroir","17":"product_tag-mosaique","18":"product_tag-paillette","19":"product_tag-paillettes","20":"product_tag-texture-fr","21":"product_tag-texture-fr-2","22":"product_tag-textures","23":"product_tag-trompe-l-oeil","24":"product_tag-trompe-loeil","25":"product_tag-trompe-oeil-fr","27":"first","28":"instock","29":"taxable","30":"shipping-taxable","31":"purchasable","32":"product-type-variable"},"acf":[],"_links":{"self":[{"href":"https:\/\/www.muralunique.com\/fr\/wp-json\/wp\/v2\/product\/6082","targetHints":{"allow":["GET"]}}],"collection":[{"href":"https:\/\/www.muralunique.com\/fr\/wp-json\/wp\/v2\/product"}],"about":[{"href":"https:\/\/www.muralunique.com\/fr\/wp-json\/wp\/v2\/types\/product"}],"wp:featuredmedia":[{"embeddable":true,"href":"https:\/\/www.muralunique.com\/fr\/wp-json\/wp\/v2\/media\/6083"}],"wp:attachment":[{"href":"https:\/\/www.muralunique.com\/fr\/wp-json\/wp\/v2\/media?parent=6082"}],"wp:term":[{"taxonomy":"product_brand","embeddable":true,"href":"https:\/\/www.muralunique.com\/fr\/wp-json\/wp\/v2\/product_brand?post=6082"},{"taxonomy":"product_cat","embeddable":true,"href":"https:\/\/www.muralunique.com\/fr\/wp-json\/wp\/v2\/product_cat?post=6082"},{"taxonomy":"product_tag","embeddable":true,"href":"https:\/\/www.muralunique.com\/fr\/wp-json\/wp\/v2\/product_tag?post=6082"}],"curies":[{"name":"wp","href":"https:\/\/api.w.org\/{rel}","templated":true}]}}