{"id":60872,"date":"2022-02-04T11:13:10","date_gmt":"2022-02-04T16:13:10","guid":{"rendered":"https:\/\/www.muralunique.com\/?post_type=product&#038;p=60872"},"modified":"2022-03-16T17:37:50","modified_gmt":"2022-03-16T21:37:50","slug":"portrait-dune-femme-africaine","status":"publish","type":"product","link":"https:\/\/www.muralunique.com\/fr\/produit\/portrait-dune-femme-africaine\/","title":{"rendered":"Portrait d&#8217;une Femme Africaine"},"content":{"rendered":"<p>-Murale d&#8217;une peinture \u00e0 l&#8217;huile sur canevas d&#8217;un portrait d&#8217;une femme africaine. Une murale aux couleurs \u00e9clatantes, parfait pour cr\u00e9er un mur accent unique et distinctif.<\/p>\n<p>-La murale comprend des laizes de 18\u2033 (45cm) de largeur. Par exemple, une murale de 6\u2032 (1,83m) de largeur a 4 laizes et une murale de 12\u2032 (3,66m) de largeur a 8 laizes.<\/p>\n<p>-Murale en papier\u00a0peint pr\u00e9encoll\u00e9e, lavable, s\u2019enl\u00e8ve \u00e0 sec et r\u00e9utilisable. Facile \u00e0 installer, se pose comme du papier\u00a0peint (tapisserie).<\/p>\n<p>-murale portrait d&#8217;une femme africaine, murale en papier peint portrait d&#8217;une femme africaine, tapisserie portrait d&#8217;une femme africaine, papier peint portrait d&#8217;une femme africaine<\/p>\n","protected":false},"excerpt":{"rendered":"<p>-Murale d&#8217;une peinture \u00e0 l&#8217;huile sur canevas d&#8217;un portrait d&#8217;une femme africaine. Une murale aux couleurs \u00e9clatantes, parfait pour cr\u00e9er un mur accent unique et distinctif. -La murale comprend des laizes de 18\u2033 (45cm) de largeur. Par exemple, une murale de 6\u2032 (1,83m) de largeur a 4 laizes et une murale de 12\u2032 (3,66m) de [&hellip;]<\/p>\n","protected":false},"featured_media":60864,"template":"","meta":{"_acf_changed":false},"product_brand":[],"product_cat":[125,10297,169,401],"product_tag":[8751,8758,9812,9788,9844,9800,9447,9448,9449],"class_list":{"0":"post-60872","1":"product","2":"type-product","3":"status-publish","4":"has-post-thumbnail","6":"product_cat-abstrait-et-geometrie","7":"product_cat-inspiration-artistique","8":"product_cat-textures-2","9":"product_cat-tous-nos-produits","10":"product_tag-abstrait","11":"product_tag-africain","12":"product_tag-canevas","13":"product_tag-femme","14":"product_tag-peinture-a-lhuile","15":"product_tag-portrait-fr","16":"product_tag-texture-fr","17":"product_tag-texture-fr-2","18":"product_tag-textures","20":"first","21":"instock","22":"taxable","23":"shipping-taxable","24":"purchasable","25":"product-type-variable","26":"has-default-attributes"},"acf":[],"_links":{"self":[{"href":"https:\/\/www.muralunique.com\/fr\/wp-json\/wp\/v2\/product\/60872","targetHints":{"allow":["GET"]}}],"collection":[{"href":"https:\/\/www.muralunique.com\/fr\/wp-json\/wp\/v2\/product"}],"about":[{"href":"https:\/\/www.muralunique.com\/fr\/wp-json\/wp\/v2\/types\/product"}],"wp:featuredmedia":[{"embeddable":true,"href":"https:\/\/www.muralunique.com\/fr\/wp-json\/wp\/v2\/media\/60864"}],"wp:attachment":[{"href":"https:\/\/www.muralunique.com\/fr\/wp-json\/wp\/v2\/media?parent=60872"}],"wp:term":[{"taxonomy":"product_brand","embeddable":true,"href":"https:\/\/www.muralunique.com\/fr\/wp-json\/wp\/v2\/product_brand?post=60872"},{"taxonomy":"product_cat","embeddable":true,"href":"https:\/\/www.muralunique.com\/fr\/wp-json\/wp\/v2\/product_cat?post=60872"},{"taxonomy":"product_tag","embeddable":true,"href":"https:\/\/www.muralunique.com\/fr\/wp-json\/wp\/v2\/product_tag?post=60872"}],"curies":[{"name":"wp","href":"https:\/\/api.w.org\/{rel}","templated":true}]}}