{"id":6088,"date":"2013-05-29T10:08:26","date_gmt":"2013-05-29T10:08:26","guid":{"rendered":"https:\/\/muralunique.com\/?post_type=product&#038;p=6088"},"modified":"2021-08-25T12:30:10","modified_gmt":"2021-08-25T16:30:10","slug":"lumiere-du-matin","status":"publish","type":"product","link":"https:\/\/www.muralunique.com\/fr\/produit\/lumiere-du-matin\/","title":{"rendered":"Lumi\u00e8re du Matin"},"content":{"rendered":"<p>-Murale en papier peint d&#8217;une magnifique for\u00eat en automne (photo de Lars Van de Goor).<\/p>\n<p>-La murale comprend des laizes de 18\u2033 (45cm) de largeur. Par exemple, une murale de 6\u2032 (1,83m) de largeur a 4 laizes et une murale de 12\u2032 (3,66m) de largeur a 8 laizes.<\/p>\n<p>-Murale en papier\u00a0peint pr\u00e9encoll\u00e9e, lavable, s\u2019enl\u00e8ve \u00e0 sec et r\u00e9utilisable. Facile \u00e0 installer, se pose comme du papier\u00a0peint (tapisserie).<\/p>\n<p>-Photographie de Lars Van de Goor. Vous pouvez obtenir plus d&#8217;informations \u00e0 <a href=\"http:\/\/www.larsvandegoor.com\" rel=\"nofollow noopener\" target=\"_blank\">www.larsvandegoor.com<\/a>.<\/p>\n<p>-murale lumi\u00e8re du matin, murale for\u00eat, papier peint for\u00eat, photo murale for\u00eat, tapisserie for\u00eat en automne<\/p>\n","protected":false},"excerpt":{"rendered":"<p>-Murale en papier peint d&#8217;une magnifique for\u00eat en automne (photo de Lars Van de Goor). -La murale comprend des laizes de 18\u2033 (45cm) de largeur. Par exemple, une murale de 6\u2032 (1,83m) de largeur a 4 laizes et une murale de 12\u2032 (3,66m) de largeur a 8 laizes. -Murale en papier\u00a0peint pr\u00e9encoll\u00e9e, lavable, s\u2019enl\u00e8ve \u00e0 [&hellip;]<\/p>\n","protected":false},"featured_media":31574,"template":"","meta":{"_acf_changed":false},"product_brand":[185],"product_cat":[141,401],"product_tag":[9478,8979,8788,8864,9019,9152,9198,9219,9261,9137,9429,9767,9770,9428,9467],"class_list":{"0":"post-6088","1":"product","2":"type-product","3":"status-publish","4":"has-post-thumbnail","6":"artist-lars-van-de-goor-fr","7":"product_brand-lars-van-de-goor","8":"product_cat-nature-et-paysages","9":"product_cat-tous-nos-produits","10":"product_tag-arbres","11":"product_tag-automne-fr","12":"product_tag-automne","13":"product_tag-calme","14":"product_tag-foret","15":"product_tag-lumieres","16":"product_tag-matin","17":"product_tag-nature-fr","18":"product_tag-paisible","19":"product_tag-paysage","20":"product_tag-rayons-de-soleil","21":"product_tag-rayons-de-soleil-fr","22":"product_tag-rayons-de-soleil-fr-2","23":"product_tag-soleil","24":"product_tag-tranquilite","26":"first","27":"instock","28":"taxable","29":"shipping-taxable","30":"purchasable","31":"product-type-variable","32":"has-default-attributes"},"acf":[],"_links":{"self":[{"href":"https:\/\/www.muralunique.com\/fr\/wp-json\/wp\/v2\/product\/6088","targetHints":{"allow":["GET"]}}],"collection":[{"href":"https:\/\/www.muralunique.com\/fr\/wp-json\/wp\/v2\/product"}],"about":[{"href":"https:\/\/www.muralunique.com\/fr\/wp-json\/wp\/v2\/types\/product"}],"wp:featuredmedia":[{"embeddable":true,"href":"https:\/\/www.muralunique.com\/fr\/wp-json\/wp\/v2\/media\/31574"}],"wp:attachment":[{"href":"https:\/\/www.muralunique.com\/fr\/wp-json\/wp\/v2\/media?parent=6088"}],"wp:term":[{"taxonomy":"product_brand","embeddable":true,"href":"https:\/\/www.muralunique.com\/fr\/wp-json\/wp\/v2\/product_brand?post=6088"},{"taxonomy":"product_cat","embeddable":true,"href":"https:\/\/www.muralunique.com\/fr\/wp-json\/wp\/v2\/product_cat?post=6088"},{"taxonomy":"product_tag","embeddable":true,"href":"https:\/\/www.muralunique.com\/fr\/wp-json\/wp\/v2\/product_tag?post=6088"}],"curies":[{"name":"wp","href":"https:\/\/api.w.org\/{rel}","templated":true}]}}