{"id":6111,"date":"2013-05-30T10:51:28","date_gmt":"2013-05-30T10:51:28","guid":{"rendered":"https:\/\/muralunique.com\/?post_type=product&#038;p=6111"},"modified":"2026-02-25T15:16:27","modified_gmt":"2026-02-25T20:16:27","slug":"cubes-arc-en-ciel","status":"publish","type":"product","link":"https:\/\/www.muralunique.com\/fr\/produit\/cubes-arc-en-ciel\/","title":{"rendered":"Cubes Arc-en-Ciel"},"content":{"rendered":"<p>-Photo murale en papier peint tr\u00e8s color\u00e9e de cubes arc-en-ciel en 3D.<\/p>\n<p>-La murale comprend des laizes de 18\u2033 (45cm) de largeur. Par exemple, une murale de 6\u2032 (1,83m) de largeur a 4 laizes et une murale de 12\u2032 (3,66m) de largeur a 8 laizes.<\/p>\n<p>-Murale en papier\u00a0peint pr\u00e9encoll\u00e9e, lavable, s\u2019enl\u00e8ve \u00e0 sec et r\u00e9utilisable. Facile \u00e0 installer, se pose comme du papier\u00a0peint (tapisserie).<\/p>\n<p>-murale de cubes, murale en papier peint de cubes, papier peint multicolore, murale de cubes arc-en-ciel, murale 3d<\/p>\n","protected":false},"excerpt":{"rendered":"<p>-Photo murale en papier peint tr\u00e8s color\u00e9e de cubes arc-en-ciel en 3D. -La murale comprend des laizes de 18\u2033 (45cm) de largeur. Par exemple, une murale de 6\u2032 (1,83m) de largeur a 4 laizes et une murale de 12\u2032 (3,66m) de largeur a 8 laizes. -Murale en papier\u00a0peint pr\u00e9encoll\u00e9e, lavable, s\u2019enl\u00e8ve \u00e0 sec et r\u00e9utilisable. [&hellip;]<\/p>\n","protected":false},"featured_media":6112,"template":"","meta":{"_acf_changed":false},"product_brand":[203],"product_cat":[125,131,173,401,163],"product_tag":[8659,8660,9441,9442,9312,9403,8933,9047,9049,9483,9612,9485],"class_list":{"0":"post-6111","1":"product","2":"type-product","3":"status-publish","4":"has-post-thumbnail","6":"product_brand-muralunique-com","7":"product_cat-abstrait-et-geometrie","8":"product_cat-adolescents","9":"product_cat-enfants","10":"product_cat-tous-nos-produits","11":"product_cat-trompe-loeil","12":"product_tag-3-dimensions-fr","13":"product_tag-3d-fr","14":"product_tag-ado","15":"product_tag-adolescents","16":"product_tag-arc-en-ciel","17":"product_tag-carres","18":"product_tag-cubes","19":"product_tag-geometrie","20":"product_tag-geometrique","21":"product_tag-trompe-l-oeil","22":"product_tag-trompe-loeil-fr","23":"product_tag-trompe-oeil-fr","25":"first","26":"instock","27":"taxable","28":"shipping-taxable","29":"purchasable","30":"product-type-variable","31":"has-default-attributes"},"acf":[],"_links":{"self":[{"href":"https:\/\/www.muralunique.com\/fr\/wp-json\/wp\/v2\/product\/6111","targetHints":{"allow":["GET"]}}],"collection":[{"href":"https:\/\/www.muralunique.com\/fr\/wp-json\/wp\/v2\/product"}],"about":[{"href":"https:\/\/www.muralunique.com\/fr\/wp-json\/wp\/v2\/types\/product"}],"wp:featuredmedia":[{"embeddable":true,"href":"https:\/\/www.muralunique.com\/fr\/wp-json\/wp\/v2\/media\/6112"}],"wp:attachment":[{"href":"https:\/\/www.muralunique.com\/fr\/wp-json\/wp\/v2\/media?parent=6111"}],"wp:term":[{"taxonomy":"product_brand","embeddable":true,"href":"https:\/\/www.muralunique.com\/fr\/wp-json\/wp\/v2\/product_brand?post=6111"},{"taxonomy":"product_cat","embeddable":true,"href":"https:\/\/www.muralunique.com\/fr\/wp-json\/wp\/v2\/product_cat?post=6111"},{"taxonomy":"product_tag","embeddable":true,"href":"https:\/\/www.muralunique.com\/fr\/wp-json\/wp\/v2\/product_tag?post=6111"}],"curies":[{"name":"wp","href":"https:\/\/api.w.org\/{rel}","templated":true}]}}