{"id":61154,"date":"2022-02-10T09:42:50","date_gmt":"2022-02-10T14:42:50","guid":{"rendered":"https:\/\/www.muralunique.com\/?post_type=product&#038;p=61154"},"modified":"2022-03-16T17:37:50","modified_gmt":"2022-03-16T21:37:50","slug":"ciel-de-nuit-etoile","status":"publish","type":"product","link":"https:\/\/www.muralunique.com\/fr\/produit\/ciel-de-nuit-etoile\/","title":{"rendered":"Ciel de Nuit \u00c9toil\u00e9"},"content":{"rendered":"<p>-Murale d&#8217;un ciel de nuit \u00e9toil\u00e9 sur une l\u00e9g\u00e8re texture de canevas. Le d\u00e9cor id\u00e9al dans une chambre pour faire de beaux r\u00eaves!<\/p>\n<p>-La murale comprend des laizes de 18\u2033 (45cm) de largeur. Par exemple, une murale de 6\u2032 (1,83m) de largeur a 4 laizes et une murale de 12\u2032 (3,66m) de largeur a 8 laizes.<\/p>\n<p>-Murale en papier\u00a0peint pr\u00e9encoll\u00e9e, lavable, s\u2019enl\u00e8ve \u00e0 sec et r\u00e9utilisable. Facile \u00e0 installer, se pose comme du papier\u00a0peint (tapisserie).<\/p>\n<p>-murale ciel de nuit \u00e9toil\u00e9, murale en papier peint ciel de nuit \u00e9toil\u00e9, papier peint ciel de nuit \u00e9toil\u00e9, tapisserie ciel de nuit \u00e9toil\u00e9, murale ciel de nuit<\/p>\n","protected":false},"excerpt":{"rendered":"<p>-Murale d&#8217;un ciel de nuit \u00e9toil\u00e9 sur une l\u00e9g\u00e8re texture de canevas. Le d\u00e9cor id\u00e9al dans une chambre pour faire de beaux r\u00eaves! -La murale comprend des laizes de 18\u2033 (45cm) de largeur. Par exemple, une murale de 6\u2032 (1,83m) de largeur a 4 laizes et une murale de 12\u2032 (3,66m) de largeur a 8 [&hellip;]<\/p>\n","protected":false},"featured_media":61153,"template":"","meta":{"_acf_changed":false},"product_brand":[],"product_cat":[173,176,401],"product_tag":[9380,9846,9408,9409,9196,8906,8907,9227],"class_list":{"0":"post-61154","1":"product","2":"type-product","3":"status-publish","4":"has-post-thumbnail","6":"product_cat-enfants","7":"product_cat-espace","8":"product_cat-tous-nos-produits","9":"product_tag-ciel","10":"product_tag-etoile-fr","11":"product_tag-etoile","12":"product_tag-etoiles","13":"product_tag-lune","14":"product_tag-nuage","15":"product_tag-nuages","16":"product_tag-nuit","18":"first","19":"instock","20":"taxable","21":"shipping-taxable","22":"purchasable","23":"product-type-variable","24":"has-default-attributes"},"acf":[],"_links":{"self":[{"href":"https:\/\/www.muralunique.com\/fr\/wp-json\/wp\/v2\/product\/61154","targetHints":{"allow":["GET"]}}],"collection":[{"href":"https:\/\/www.muralunique.com\/fr\/wp-json\/wp\/v2\/product"}],"about":[{"href":"https:\/\/www.muralunique.com\/fr\/wp-json\/wp\/v2\/types\/product"}],"wp:featuredmedia":[{"embeddable":true,"href":"https:\/\/www.muralunique.com\/fr\/wp-json\/wp\/v2\/media\/61153"}],"wp:attachment":[{"href":"https:\/\/www.muralunique.com\/fr\/wp-json\/wp\/v2\/media?parent=61154"}],"wp:term":[{"taxonomy":"product_brand","embeddable":true,"href":"https:\/\/www.muralunique.com\/fr\/wp-json\/wp\/v2\/product_brand?post=61154"},{"taxonomy":"product_cat","embeddable":true,"href":"https:\/\/www.muralunique.com\/fr\/wp-json\/wp\/v2\/product_cat?post=61154"},{"taxonomy":"product_tag","embeddable":true,"href":"https:\/\/www.muralunique.com\/fr\/wp-json\/wp\/v2\/product_tag?post=61154"}],"curies":[{"name":"wp","href":"https:\/\/api.w.org\/{rel}","templated":true}]}}