{"id":6122,"date":"2013-05-30T11:49:08","date_gmt":"2013-05-30T11:49:08","guid":{"rendered":"https:\/\/muralunique.com\/?post_type=product&#038;p=6122"},"modified":"2021-08-25T12:30:13","modified_gmt":"2021-08-25T16:30:13","slug":"arc-de-triomphe","status":"publish","type":"product","link":"https:\/\/www.muralunique.com\/fr\/produit\/arc-de-triomphe\/","title":{"rendered":"Arc de Triomphe"},"content":{"rendered":"<p>-Murale en papier peint de L&#8217;Arc de Triomphe de l&#8217;\u00c9toile, un des momument\u00a0les plus c\u00e9l\u00e8bres de Paris, France. L&#8217;Arc de triomphe s&#8217;\u00e9l\u00e8ve au centre de la\u00a0place Charles-de-Gaulle\u00a0et\u00a0est situ\u00e9 dans l&#8217;axe et \u00e0 l\u2019extr\u00e9mit\u00e9 ouest de l\u2019avenue des Champs-\u00c9lys\u00e9es, \u00e0 quelques kilom\u00e8tres de la\u00a0place de la Concorde<span style=\"color: #222222; font-family: sans-serif; font-size: 14px;\">\u00a0(<u><a href=\"https:\/\/fr.wikipedia.org\/wiki\/Arc_de_triomphe_de_l%27%C3%89toile\" rel=\"nofollow noopener\" target=\"_blank\">www.wikipedia.org<\/a><\/u>).<\/span><\/p>\n<p>-La murale comprend des laizes de 18&#8243; (45cm) de largeur. Par exemple, une murale de 6&#8242; (1,83m) de largeur a 4 laizes et une murale de 12&#8242; (3,66m) de largeur a 8 laizes.<\/p>\n<p>-Murale en papier\u00a0peint pr\u00e9encoll\u00e9e, lavable, s&#8217;enl\u00e8ve \u00e0 sec et r\u00e9utilisable. Facile \u00e0 installer, se pose comme du papier\u00a0peint (tapisserie).<\/p>\n<p>-murale Arc de Triomphe, papier peint Arc de Triomphe, tapisserie Arc de Triomphe, murale de Paris, papier peint de Paris<\/p>\n","protected":false},"excerpt":{"rendered":"<p>-Murale en papier peint de L&#8217;Arc de Triomphe de l&#8217;\u00c9toile, un des momument\u00a0les plus c\u00e9l\u00e8bres de Paris, France. L&#8217;Arc de triomphe s&#8217;\u00e9l\u00e8ve au centre de la\u00a0place Charles-de-Gaulle\u00a0et\u00a0est situ\u00e9 dans l&#8217;axe et \u00e0 l\u2019extr\u00e9mit\u00e9 ouest de l\u2019avenue des Champs-\u00c9lys\u00e9es, \u00e0 quelques kilom\u00e8tres de la\u00a0place de la Concorde\u00a0(www.wikipedia.org). -La murale comprend des laizes de 18&#8243; (45cm) de [&hellip;]<\/p>\n","protected":false},"featured_media":6123,"template":"","meta":{"_acf_changed":false},"product_brand":[203],"product_cat":[128,166,401],"product_tag":[8775,8776,8982,8921,9029,9536,9537,9195,9250,8902],"class_list":{"0":"post-6122","1":"product","2":"type-product","3":"status-publish","4":"has-post-thumbnail","6":"product_brand-muralunique-com","7":"product_cat-merveilles-du-monde","8":"product_cat-scenes-urbaines-villes","9":"product_cat-tous-nos-produits","10":"product_tag-arc-fr","11":"product_tag-arc-de-triomphe-fr","12":"product_tag-celebre","13":"product_tag-contemporain","14":"product_tag-france-fr","15":"product_tag-merveilles","16":"product_tag-merveilles-du-monde","17":"product_tag-monument-fr","18":"product_tag-paris-fr","19":"product_tag-paysage-urbain","21":"first","22":"instock","23":"taxable","24":"shipping-taxable","25":"purchasable","26":"product-type-variable","27":"has-default-attributes"},"acf":[],"_links":{"self":[{"href":"https:\/\/www.muralunique.com\/fr\/wp-json\/wp\/v2\/product\/6122","targetHints":{"allow":["GET"]}}],"collection":[{"href":"https:\/\/www.muralunique.com\/fr\/wp-json\/wp\/v2\/product"}],"about":[{"href":"https:\/\/www.muralunique.com\/fr\/wp-json\/wp\/v2\/types\/product"}],"wp:featuredmedia":[{"embeddable":true,"href":"https:\/\/www.muralunique.com\/fr\/wp-json\/wp\/v2\/media\/6123"}],"wp:attachment":[{"href":"https:\/\/www.muralunique.com\/fr\/wp-json\/wp\/v2\/media?parent=6122"}],"wp:term":[{"taxonomy":"product_brand","embeddable":true,"href":"https:\/\/www.muralunique.com\/fr\/wp-json\/wp\/v2\/product_brand?post=6122"},{"taxonomy":"product_cat","embeddable":true,"href":"https:\/\/www.muralunique.com\/fr\/wp-json\/wp\/v2\/product_cat?post=6122"},{"taxonomy":"product_tag","embeddable":true,"href":"https:\/\/www.muralunique.com\/fr\/wp-json\/wp\/v2\/product_tag?post=6122"}],"curies":[{"name":"wp","href":"https:\/\/api.w.org\/{rel}","templated":true}]}}