{"id":61453,"date":"2022-02-16T16:16:24","date_gmt":"2022-02-16T21:16:24","guid":{"rendered":"https:\/\/www.muralunique.com\/?post_type=product&#038;p=61453"},"modified":"2024-05-17T14:42:44","modified_gmt":"2024-05-17T18:42:44","slug":"marbre-noir-et-bronze","status":"publish","type":"product","link":"https:\/\/www.muralunique.com\/fr\/produit\/marbre-noir-et-bronze\/","title":{"rendered":"Marbre Noir et Bronze"},"content":{"rendered":"<p>-Murale d&#8217;une texture de marbre en noir et bronze. Un design moderne et contemporain, la touche d\u00e9co par excellence pour ajouter de l&#8217;\u00e9l\u00e9gance et de la personnalit\u00e9 \u00e0 une pi\u00e8ce.<\/p>\n<p>-La murale comprend des laizes de 18\u2033 (45cm) de largeur. Par exemple, une murale de 6\u2032 (1,83m) de largeur a 4 laizes et une murale de 12\u2032 (3,66m) de largeur a 8 laizes.<\/p>\n<p>-Murale en papier\u00a0peint pr\u00e9encoll\u00e9e, lavable, s\u2019enl\u00e8ve \u00e0 sec et r\u00e9utilisable. Facile \u00e0 installer, se pose comme du papier\u00a0peint (tapisserie).<\/p>\n<p>-murale marbre noir et bronze, murale en papier peint marbre noir et bronze, papier peint marbre noir et bronze, tapisserie marbre noir et bronze<\/p>\n","protected":false},"excerpt":{"rendered":"<p>-Murale d&#8217;une texture de marbre en noir et bronze. Un design moderne et contemporain, la touche d\u00e9co par excellence pour ajouter de l&#8217;\u00e9l\u00e9gance et de la personnalit\u00e9 \u00e0 une pi\u00e8ce. -La murale comprend des laizes de 18\u2033 (45cm) de largeur. Par exemple, une murale de 6\u2032 (1,83m) de largeur a 4 laizes et une murale [&hellip;]<\/p>\n","protected":false},"featured_media":76901,"template":"","meta":{"_acf_changed":false},"product_brand":[],"product_cat":[169,401],"product_tag":[9174,9447,9448,9449],"class_list":{"0":"post-61453","1":"product","2":"type-product","3":"status-publish","4":"has-post-thumbnail","6":"product_cat-textures-2","7":"product_cat-tous-nos-produits","8":"product_tag-marbre","9":"product_tag-texture-fr","10":"product_tag-texture-fr-2","11":"product_tag-textures","13":"first","14":"instock","15":"taxable","16":"shipping-taxable","17":"purchasable","18":"product-type-variable"},"acf":[],"_links":{"self":[{"href":"https:\/\/www.muralunique.com\/fr\/wp-json\/wp\/v2\/product\/61453","targetHints":{"allow":["GET"]}}],"collection":[{"href":"https:\/\/www.muralunique.com\/fr\/wp-json\/wp\/v2\/product"}],"about":[{"href":"https:\/\/www.muralunique.com\/fr\/wp-json\/wp\/v2\/types\/product"}],"wp:featuredmedia":[{"embeddable":true,"href":"https:\/\/www.muralunique.com\/fr\/wp-json\/wp\/v2\/media\/76901"}],"wp:attachment":[{"href":"https:\/\/www.muralunique.com\/fr\/wp-json\/wp\/v2\/media?parent=61453"}],"wp:term":[{"taxonomy":"product_brand","embeddable":true,"href":"https:\/\/www.muralunique.com\/fr\/wp-json\/wp\/v2\/product_brand?post=61453"},{"taxonomy":"product_cat","embeddable":true,"href":"https:\/\/www.muralunique.com\/fr\/wp-json\/wp\/v2\/product_cat?post=61453"},{"taxonomy":"product_tag","embeddable":true,"href":"https:\/\/www.muralunique.com\/fr\/wp-json\/wp\/v2\/product_tag?post=61453"}],"curies":[{"name":"wp","href":"https:\/\/api.w.org\/{rel}","templated":true}]}}