{"id":6150,"date":"2013-05-31T13:27:55","date_gmt":"2013-05-31T13:27:55","guid":{"rendered":"https:\/\/muralunique.com\/?post_type=product&#038;p=6150"},"modified":"2022-04-16T19:43:50","modified_gmt":"2022-04-16T23:43:50","slug":"chemin-sinueux","status":"publish","type":"product","link":"https:\/\/www.muralunique.com\/fr\/produit\/chemin-sinueux\/","title":{"rendered":"Chemin Sinueux"},"content":{"rendered":"<p>-Magnifique murale en papier peint d&#8217;une\u00a0for\u00eat paisible (noir et blanc).<\/p>\n<p>-La murale comprend des laizes de 18\u2033 (45cm) de largeur. Par exemple, une murale de 6\u2032 (1,83m) de largeur a 4 laizes et une murale de 12\u2032 (3,66m) de largeur a 8 laizes.<\/p>\n<p>-Murale en papier\u00a0peint pr\u00e9encoll\u00e9e, lavable, s\u2019enl\u00e8ve \u00e0 sec et r\u00e9utilisable. Facile \u00e0 installer, se pose comme du papier\u00a0peint (tapisserie).<\/p>\n<p>-Photographie de Lars Van de Goor. Vous pouvez obtenir plus d&#8217;informations \u00e0 <a href=\"http:\/\/www.larsvandegoor.com\" rel=\"nofollow noopener\" target=\"_blank\">www.larsvandegoor.com<\/a>.<\/p>\n<p>-murale for\u00eat en noir et blanc, photo murale for\u00eat en noir et blanc, tapisserie for\u00eat en noir et blanc, papier peint for\u00eat en noir et blanc<\/p>\n","protected":false},"excerpt":{"rendered":"<p>-Magnifique murale en papier peint d&#8217;une\u00a0for\u00eat paisible (noir et blanc). -La murale comprend des laizes de 18\u2033 (45cm) de largeur. Par exemple, une murale de 6\u2032 (1,83m) de largeur a 4 laizes et une murale de 12\u2032 (3,66m) de largeur a 8 laizes. -Murale en papier\u00a0peint pr\u00e9encoll\u00e9e, lavable, s\u2019enl\u00e8ve \u00e0 sec et r\u00e9utilisable. Facile \u00e0 [&hellip;]<\/p>\n","protected":false},"featured_media":31606,"template":"","meta":{"_acf_changed":false},"product_brand":[185],"product_cat":[141,401,163],"product_tag":[9478,9013,9011,8864,9019,9219,9261,9137,9467],"class_list":{"0":"post-6150","1":"product","2":"type-product","3":"status-publish","4":"has-post-thumbnail","6":"artist-lars-van-de-goor-fr","7":"product_brand-lars-van-de-goor","8":"product_cat-nature-et-paysages","9":"product_cat-tous-nos-produits","10":"product_cat-trompe-loeil","11":"product_tag-arbres","12":"product_tag-brouillard","13":"product_tag-brumeux","14":"product_tag-calme","15":"product_tag-foret","16":"product_tag-nature-fr","17":"product_tag-paisible","18":"product_tag-paysage","19":"product_tag-tranquilite","21":"first","22":"instock","23":"taxable","24":"shipping-taxable","25":"purchasable","26":"product-type-variable","27":"has-default-attributes"},"acf":[],"_links":{"self":[{"href":"https:\/\/www.muralunique.com\/fr\/wp-json\/wp\/v2\/product\/6150","targetHints":{"allow":["GET"]}}],"collection":[{"href":"https:\/\/www.muralunique.com\/fr\/wp-json\/wp\/v2\/product"}],"about":[{"href":"https:\/\/www.muralunique.com\/fr\/wp-json\/wp\/v2\/types\/product"}],"wp:featuredmedia":[{"embeddable":true,"href":"https:\/\/www.muralunique.com\/fr\/wp-json\/wp\/v2\/media\/31606"}],"wp:attachment":[{"href":"https:\/\/www.muralunique.com\/fr\/wp-json\/wp\/v2\/media?parent=6150"}],"wp:term":[{"taxonomy":"product_brand","embeddable":true,"href":"https:\/\/www.muralunique.com\/fr\/wp-json\/wp\/v2\/product_brand?post=6150"},{"taxonomy":"product_cat","embeddable":true,"href":"https:\/\/www.muralunique.com\/fr\/wp-json\/wp\/v2\/product_cat?post=6150"},{"taxonomy":"product_tag","embeddable":true,"href":"https:\/\/www.muralunique.com\/fr\/wp-json\/wp\/v2\/product_tag?post=6150"}],"curies":[{"name":"wp","href":"https:\/\/api.w.org\/{rel}","templated":true}]}}