{"id":62096,"date":"2022-03-08T10:03:43","date_gmt":"2022-03-08T15:03:43","guid":{"rendered":"https:\/\/www.muralunique.com\/?post_type=product&#038;p=62096"},"modified":"2022-03-16T17:37:49","modified_gmt":"2022-03-16T21:37:49","slug":"port-de-victoria-hong-kong","status":"publish","type":"product","link":"https:\/\/www.muralunique.com\/fr\/produit\/port-de-victoria-hong-kong\/","title":{"rendered":"Port de Victoria, Hong Kong"},"content":{"rendered":"<p>-Superbe murale d&#8217;un coucher de soleil au Port de Victoria \u00e0 Hong Kong. La sc\u00e8ne de ville parfaite pour cr\u00e9er un mur accent unique dans un bureau, une chambre, un salon ou une salle \u00e0 manger.<\/p>\n<p>-La murale comprend des laizes de 18\u2033 (45cm) de largeur. Par exemple, une murale de 6\u2032 (1,83m) de largeur a 4 laizes et une murale de 12\u2032 (3,66m) de largeur a 8 laizes.<\/p>\n<p>-Murale en papier\u00a0peint pr\u00e9encoll\u00e9e, lavable, s\u2019enl\u00e8ve \u00e0 sec et r\u00e9utilisable. Facile \u00e0 installer, se pose comme du papier\u00a0peint (tapisserie).<\/p>\n<p>-murale Port de Victoria \u00e0 Hong Kong, papier peint Port de Victoria \u00e0 Hong Kong, murale de Hong Kong, papier peint de Hong Kong, tapisserie de sc\u00e8ene de ville, papier peint de sc\u00e8ne de ville, tapisserie de Hong Kong<\/p>\n","protected":false},"excerpt":{"rendered":"<p>-Superbe murale d&#8217;un coucher de soleil au Port de Victoria \u00e0 Hong Kong. La sc\u00e8ne de ville parfaite pour cr\u00e9er un mur accent unique dans un bureau, une chambre, un salon ou une salle \u00e0 manger. -La murale comprend des laizes de 18\u2033 (45cm) de largeur. Par exemple, une murale de 6\u2032 (1,83m) de largeur [&hellip;]<\/p>\n","protected":false},"featured_media":62095,"template":"","meta":{"_acf_changed":false},"product_brand":[],"product_cat":[166,401],"product_tag":[8784,8783,8896,9865,8902,9863,9864,8903,9500,9506,8901],"class_list":{"0":"post-62096","1":"product","2":"type-product","3":"status-publish","4":"has-post-thumbnail","6":"product_cat-scenes-urbaines-villes","7":"product_cat-tous-nos-produits","8":"product_tag-asiatique","9":"product_tag-asie","10":"product_tag-chine","11":"product_tag-hong-kong-fr","12":"product_tag-paysage-urbain","13":"product_tag-port-fr","14":"product_tag-port-fr-2","15":"product_tag-scene-urbaine","16":"product_tag-urbain","17":"product_tag-victoria-fr","18":"product_tag-ville","20":"first","21":"instock","22":"taxable","23":"shipping-taxable","24":"purchasable","25":"product-type-variable","26":"has-default-attributes"},"acf":[],"_links":{"self":[{"href":"https:\/\/www.muralunique.com\/fr\/wp-json\/wp\/v2\/product\/62096","targetHints":{"allow":["GET"]}}],"collection":[{"href":"https:\/\/www.muralunique.com\/fr\/wp-json\/wp\/v2\/product"}],"about":[{"href":"https:\/\/www.muralunique.com\/fr\/wp-json\/wp\/v2\/types\/product"}],"wp:featuredmedia":[{"embeddable":true,"href":"https:\/\/www.muralunique.com\/fr\/wp-json\/wp\/v2\/media\/62095"}],"wp:attachment":[{"href":"https:\/\/www.muralunique.com\/fr\/wp-json\/wp\/v2\/media?parent=62096"}],"wp:term":[{"taxonomy":"product_brand","embeddable":true,"href":"https:\/\/www.muralunique.com\/fr\/wp-json\/wp\/v2\/product_brand?post=62096"},{"taxonomy":"product_cat","embeddable":true,"href":"https:\/\/www.muralunique.com\/fr\/wp-json\/wp\/v2\/product_cat?post=62096"},{"taxonomy":"product_tag","embeddable":true,"href":"https:\/\/www.muralunique.com\/fr\/wp-json\/wp\/v2\/product_tag?post=62096"}],"curies":[{"name":"wp","href":"https:\/\/api.w.org\/{rel}","templated":true}]}}