{"id":62178,"date":"2022-03-09T09:41:07","date_gmt":"2022-03-09T14:41:07","guid":{"rendered":"https:\/\/www.muralunique.com\/?post_type=product&#038;p=62178"},"modified":"2022-03-16T17:37:49","modified_gmt":"2022-03-16T21:37:49","slug":"feuilles-de-palmier-tropical-en-sepia","status":"publish","type":"product","link":"https:\/\/www.muralunique.com\/fr\/produit\/feuilles-de-palmier-tropical-en-sepia\/","title":{"rendered":"Feuilles de Palmier Tropical en S\u00e9pia"},"content":{"rendered":"<p id=\"tw-target-text\" class=\"tw-data-text tw-text-large XcVN5d tw-ta\" dir=\"ltr\" data-placeholder=\"Translation\"><span lang=\"fr\">-Murale en papier peint d&#8217;un design \u00e9l\u00e9gant et artistique de feuilles de palmier tropical en s\u00e9pia. Une option simple et facile pour d\u00e9corer vos murs et transformer votre int\u00e9rieur.<\/span><\/p>\n<p>-La murale comprend des laizes de 18\u2033 (45cm) de largeur. Par exemple, une murale de 6\u2032 (1,83m) de largeur a 4 laizes et une murale de 12\u2032 (3,66m) de largeur a 8 laizes.<\/p>\n<p>-Murale en papier\u00a0peint pr\u00e9encoll\u00e9e, lavable, s\u2019enl\u00e8ve \u00e0 sec et r\u00e9utilisable. Facile \u00e0 installer, se pose comme du papier\u00a0peint (tapisserie).<\/p>\n<p>-Murale feuilles de palmier tropical en s\u00e9pia, tapisserie feuilles de palmier tropical en s\u00e9pia, papier peint feuilles de palmier tropical en s\u00e9pia, murale en papier peint feuilles de palmier tropical en s\u00e9pia, murale de feuillage, papier peint de feuillage<\/p>\n","protected":false},"excerpt":{"rendered":"<p>-Murale en papier peint d&#8217;un design \u00e9l\u00e9gant et artistique de feuilles de palmier tropical en s\u00e9pia. Une option simple et facile pour d\u00e9corer vos murs et transformer votre int\u00e9rieur. -La murale comprend des laizes de 18\u2033 (45cm) de largeur. Par exemple, une murale de 6\u2032 (1,83m) de largeur a 4 laizes et une murale de [&hellip;]<\/p>\n","protected":false},"featured_media":62194,"template":"","meta":{"_acf_changed":false},"product_brand":[],"product_cat":[150,401],"product_tag":[8970,9014,9144,9567,10138,9242,9486],"class_list":{"0":"post-62178","1":"product","2":"type-product","3":"status-publish","4":"has-post-thumbnail","6":"product_cat-fleurs-et-feuillages","7":"product_cat-tous-nos-produits","8":"product_tag-exotique","9":"product_tag-feuillage","10":"product_tag-feuilles","11":"product_tag-feuilles-de-palmier","12":"product_tag-palmier-fr","13":"product_tag-palmiers","14":"product_tag-tropical-fr","16":"first","17":"instock","18":"taxable","19":"shipping-taxable","20":"purchasable","21":"product-type-variable","22":"has-default-attributes"},"acf":[],"_links":{"self":[{"href":"https:\/\/www.muralunique.com\/fr\/wp-json\/wp\/v2\/product\/62178","targetHints":{"allow":["GET"]}}],"collection":[{"href":"https:\/\/www.muralunique.com\/fr\/wp-json\/wp\/v2\/product"}],"about":[{"href":"https:\/\/www.muralunique.com\/fr\/wp-json\/wp\/v2\/types\/product"}],"wp:featuredmedia":[{"embeddable":true,"href":"https:\/\/www.muralunique.com\/fr\/wp-json\/wp\/v2\/media\/62194"}],"wp:attachment":[{"href":"https:\/\/www.muralunique.com\/fr\/wp-json\/wp\/v2\/media?parent=62178"}],"wp:term":[{"taxonomy":"product_brand","embeddable":true,"href":"https:\/\/www.muralunique.com\/fr\/wp-json\/wp\/v2\/product_brand?post=62178"},{"taxonomy":"product_cat","embeddable":true,"href":"https:\/\/www.muralunique.com\/fr\/wp-json\/wp\/v2\/product_cat?post=62178"},{"taxonomy":"product_tag","embeddable":true,"href":"https:\/\/www.muralunique.com\/fr\/wp-json\/wp\/v2\/product_tag?post=62178"}],"curies":[{"name":"wp","href":"https:\/\/api.w.org\/{rel}","templated":true}]}}