{"id":6235,"date":"2013-06-12T11:25:28","date_gmt":"2013-06-12T11:25:28","guid":{"rendered":"https:\/\/muralunique.com\/?post_type=product&#038;p=6235"},"modified":"2022-06-17T11:51:03","modified_gmt":"2022-06-17T15:51:03","slug":"pont-de-bois-dans-un-jardin-japonais-2","status":"publish","type":"product","link":"https:\/\/www.muralunique.com\/fr\/produit\/pont-de-bois-dans-un-jardin-japonais-2\/","title":{"rendered":"Pont de Bois dans un Jardin Japonais"},"content":{"rendered":"<p>-Murale en papier\u00a0peint d&#8217;un paysage paisible dans un jardin japonais.<\/p>\n<p>-La murale comprend des laizes de 18\u2033 (45cm) de largeur. Par exemple, une murale de 6\u2032 (1,83m) de largeur a 4 laizes et une murale de 12\u2032 (3,66m) de largeur a 8 laizes.<\/p>\n<p>-Murale en papier\u00a0peint pr\u00e9encoll\u00e9e, lavable, s\u2019enl\u00e8ve \u00e0 sec et r\u00e9utilisable. Facile \u00e0 installer, se pose comme du papier\u00a0peint (tapisserie).<\/p>\n<p>-murale pont jardin japonais, photo murale pont jardin japonais, murale en papier peint pont jardin japonais, tapisserie pont jardin japonais, murale pont<\/p>\n<p>&nbsp;<\/p>\n","protected":false},"excerpt":{"rendered":"<p>-Murale en papier\u00a0peint d&#8217;un paysage paisible dans un jardin japonais. -La murale comprend des laizes de 18\u2033 (45cm) de largeur. Par exemple, une murale de 6\u2032 (1,83m) de largeur a 4 laizes et une murale de 12\u2032 (3,66m) de largeur a 8 laizes. -Murale en papier\u00a0peint pr\u00e9encoll\u00e9e, lavable, s\u2019enl\u00e8ve \u00e0 sec et r\u00e9utilisable. Facile \u00e0 [&hellip;]<\/p>\n","protected":false},"featured_media":65554,"template":"","meta":{"_acf_changed":false},"product_brand":[203],"product_cat":[141,305,401,163],"product_tag":[9478,8864,9258,9539,9427,9019,9117,9118,9044,9219,9261,9137,8849,9467,9483,9612,9485],"class_list":{"0":"post-6235","1":"product","2":"type-product","3":"status-publish","4":"has-post-thumbnail","6":"product_brand-muralunique-com","7":"product_cat-nature-et-paysages","8":"product_cat-produits-vedettes","9":"product_cat-tous-nos-produits","10":"product_cat-trompe-loeil","11":"product_tag-arbres","12":"product_tag-calme","13":"product_tag-chemin","14":"product_tag-en-bois","15":"product_tag-ete","16":"product_tag-foret","17":"product_tag-japon","18":"product_tag-japonais","19":"product_tag-jardin","20":"product_tag-nature-fr","21":"product_tag-paisible","22":"product_tag-paysage","23":"product_tag-pont","24":"product_tag-tranquilite","25":"product_tag-trompe-l-oeil","26":"product_tag-trompe-loeil-fr","27":"product_tag-trompe-oeil-fr","29":"first","30":"instock","31":"taxable","32":"shipping-taxable","33":"purchasable","34":"product-type-variable","35":"has-default-attributes"},"acf":[],"_links":{"self":[{"href":"https:\/\/www.muralunique.com\/fr\/wp-json\/wp\/v2\/product\/6235","targetHints":{"allow":["GET"]}}],"collection":[{"href":"https:\/\/www.muralunique.com\/fr\/wp-json\/wp\/v2\/product"}],"about":[{"href":"https:\/\/www.muralunique.com\/fr\/wp-json\/wp\/v2\/types\/product"}],"wp:featuredmedia":[{"embeddable":true,"href":"https:\/\/www.muralunique.com\/fr\/wp-json\/wp\/v2\/media\/65554"}],"wp:attachment":[{"href":"https:\/\/www.muralunique.com\/fr\/wp-json\/wp\/v2\/media?parent=6235"}],"wp:term":[{"taxonomy":"product_brand","embeddable":true,"href":"https:\/\/www.muralunique.com\/fr\/wp-json\/wp\/v2\/product_brand?post=6235"},{"taxonomy":"product_cat","embeddable":true,"href":"https:\/\/www.muralunique.com\/fr\/wp-json\/wp\/v2\/product_cat?post=6235"},{"taxonomy":"product_tag","embeddable":true,"href":"https:\/\/www.muralunique.com\/fr\/wp-json\/wp\/v2\/product_tag?post=6235"}],"curies":[{"name":"wp","href":"https:\/\/api.w.org\/{rel}","templated":true}]}}