{"id":6246,"date":"2013-06-13T11:25:52","date_gmt":"2013-06-13T11:25:52","guid":{"rendered":"https:\/\/muralunique.com\/?post_type=product&#038;p=6246"},"modified":"2021-08-25T12:30:07","modified_gmt":"2021-08-25T16:30:07","slug":"entree-de-saloon","status":"publish","type":"product","link":"https:\/\/www.muralunique.com\/fr\/produit\/entree-de-saloon\/","title":{"rendered":"Entr\u00e9e de Saloon"},"content":{"rendered":"<p>-Une murale en papier peint trompe l&#8217;oeil d&#8217;une porte d&#8217;entr\u00e9e d&#8217;un saloon (photo murale).<\/p>\n<p>-La murale comprend des laizes de 18\u2033 (45cm) de largeur. Par exemple, une murale de 6\u2032 (1,83m) de largeur a 4 laizes et une murale de 12\u2032 (3,66m) de largeur a 8 laizes.<\/p>\n<p>-Murale en papier\u00a0peint pr\u00e9encoll\u00e9e, lavable, s\u2019enl\u00e8ve \u00e0 sec et r\u00e9utilisable. Facile \u00e0 installer, se pose comme du papier\u00a0peint (tapisserie).<\/p>\n<p>-murale entr\u00e9e de saloon, murale en papier peint entr\u00e9e de saloon, photo murale entr\u00e9e de saloon, murale trompe l&#8217;oeil, murale saloon<\/p>\n","protected":false},"excerpt":{"rendered":"<p>-Une murale en papier peint trompe l&#8217;oeil d&#8217;une porte d&#8217;entr\u00e9e d&#8217;un saloon (photo murale). -La murale comprend des laizes de 18\u2033 (45cm) de largeur. Par exemple, une murale de 6\u2032 (1,83m) de largeur a 4 laizes et une murale de 12\u2032 (3,66m) de largeur a 8 laizes. -Murale en papier\u00a0peint pr\u00e9encoll\u00e9e, lavable, s\u2019enl\u00e8ve \u00e0 sec [&hellip;]<\/p>\n","protected":false},"featured_media":6247,"template":"","meta":{"_acf_changed":false},"product_brand":[203],"product_cat":[401,163],"product_tag":[8800,9538,8969,8747,9521,8953,9348,9483,9612,9485,9234],"class_list":{"0":"post-6246","1":"product","2":"type-product","3":"status-publish","4":"has-post-thumbnail","6":"product_brand-muralunique-com","7":"product_cat-tous-nos-produits","8":"product_cat-trompe-loeil","9":"product_tag-bar-fr","10":"product_tag-bois","11":"product_tag-entree","12":"product_tag-occidental","13":"product_tag-ouest","14":"product_tag-portes","15":"product_tag-saloon-fr","16":"product_tag-trompe-l-oeil","17":"product_tag-trompe-loeil-fr","18":"product_tag-trompe-oeil-fr","19":"product_tag-vieux","21":"first","22":"instock","23":"taxable","24":"shipping-taxable","25":"purchasable","26":"product-type-variable","27":"has-default-attributes"},"acf":[],"_links":{"self":[{"href":"https:\/\/www.muralunique.com\/fr\/wp-json\/wp\/v2\/product\/6246","targetHints":{"allow":["GET"]}}],"collection":[{"href":"https:\/\/www.muralunique.com\/fr\/wp-json\/wp\/v2\/product"}],"about":[{"href":"https:\/\/www.muralunique.com\/fr\/wp-json\/wp\/v2\/types\/product"}],"wp:featuredmedia":[{"embeddable":true,"href":"https:\/\/www.muralunique.com\/fr\/wp-json\/wp\/v2\/media\/6247"}],"wp:attachment":[{"href":"https:\/\/www.muralunique.com\/fr\/wp-json\/wp\/v2\/media?parent=6246"}],"wp:term":[{"taxonomy":"product_brand","embeddable":true,"href":"https:\/\/www.muralunique.com\/fr\/wp-json\/wp\/v2\/product_brand?post=6246"},{"taxonomy":"product_cat","embeddable":true,"href":"https:\/\/www.muralunique.com\/fr\/wp-json\/wp\/v2\/product_cat?post=6246"},{"taxonomy":"product_tag","embeddable":true,"href":"https:\/\/www.muralunique.com\/fr\/wp-json\/wp\/v2\/product_tag?post=6246"}],"curies":[{"name":"wp","href":"https:\/\/api.w.org\/{rel}","templated":true}]}}