{"id":62577,"date":"2022-03-15T20:19:49","date_gmt":"2022-03-16T00:19:49","guid":{"rendered":"https:\/\/www.muralunique.com\/?post_type=product&#038;p=62577"},"modified":"2022-03-16T17:37:39","modified_gmt":"2022-03-16T21:37:39","slug":"feuillage-artistique-en-sepia","status":"publish","type":"product","link":"https:\/\/www.muralunique.com\/fr\/produit\/feuillage-artistique-en-sepia\/","title":{"rendered":"Feuillage Artistique en S\u00e9pia"},"content":{"rendered":"<p>-Murale en papier peint d&#8217;un magnifique feuillage artistique en s\u00e9pia. Cette murale est \u00e0 la fois originale et \u00e9l\u00e9gante, parfaite pour une chambre, un salon, une salle \u00e0 manger ou une salle de bain.<\/p>\n<p>-La murale comprend des laizes de 18\u2033 (45cm) de largeur. Par exemple, une murale de 6\u2032 (1,83m) de largeur a 4 laizes et une murale de 12\u2032 (3,66m) de largeur a 8 laizes.<\/p>\n<p>-Murale en papier\u00a0peint pr\u00e9encoll\u00e9e, lavable, s\u2019enl\u00e8ve \u00e0 sec et r\u00e9utilisable. Facile \u00e0 installer, se pose comme du papier\u00a0peint (tapisserie).<\/p>\n<p>-murale feuillage artistique en s\u00e9pia, murale en papier peint feuillage artistique en s\u00e9pia, papier peint feuillage artistique en s\u00e9pia, tapisserie feuillage artistique en s\u00e9pia, murale de feuillage<\/p>\n","protected":false},"excerpt":{"rendered":"<p>-Murale en papier peint d&#8217;un magnifique feuillage artistique en s\u00e9pia. Cette murale est \u00e0 la fois originale et \u00e9l\u00e9gante, parfaite pour une chambre, un salon, une salle \u00e0 manger ou une salle de bain. -La murale comprend des laizes de 18\u2033 (45cm) de largeur. Par exemple, une murale de 6\u2032 (1,83m) de largeur a 4 [&hellip;]<\/p>\n","protected":false},"featured_media":62589,"template":"","meta":{"_acf_changed":false},"product_brand":[],"product_cat":[150,401],"product_tag":[9868,8970,9014,9144,9567,10138,9242,9486],"class_list":{"0":"post-62577","1":"product","2":"type-product","3":"status-publish","4":"has-post-thumbnail","6":"product_cat-fleurs-et-feuillages","7":"product_cat-tous-nos-produits","8":"product_tag-artistique","9":"product_tag-exotique","10":"product_tag-feuillage","11":"product_tag-feuilles","12":"product_tag-feuilles-de-palmier","13":"product_tag-palmier-fr","14":"product_tag-palmiers","15":"product_tag-tropical-fr","17":"first","18":"instock","19":"taxable","20":"shipping-taxable","21":"purchasable","22":"product-type-variable","23":"has-default-attributes"},"acf":[],"_links":{"self":[{"href":"https:\/\/www.muralunique.com\/fr\/wp-json\/wp\/v2\/product\/62577","targetHints":{"allow":["GET"]}}],"collection":[{"href":"https:\/\/www.muralunique.com\/fr\/wp-json\/wp\/v2\/product"}],"about":[{"href":"https:\/\/www.muralunique.com\/fr\/wp-json\/wp\/v2\/types\/product"}],"wp:featuredmedia":[{"embeddable":true,"href":"https:\/\/www.muralunique.com\/fr\/wp-json\/wp\/v2\/media\/62589"}],"wp:attachment":[{"href":"https:\/\/www.muralunique.com\/fr\/wp-json\/wp\/v2\/media?parent=62577"}],"wp:term":[{"taxonomy":"product_brand","embeddable":true,"href":"https:\/\/www.muralunique.com\/fr\/wp-json\/wp\/v2\/product_brand?post=62577"},{"taxonomy":"product_cat","embeddable":true,"href":"https:\/\/www.muralunique.com\/fr\/wp-json\/wp\/v2\/product_cat?post=62577"},{"taxonomy":"product_tag","embeddable":true,"href":"https:\/\/www.muralunique.com\/fr\/wp-json\/wp\/v2\/product_tag?post=62577"}],"curies":[{"name":"wp","href":"https:\/\/api.w.org\/{rel}","templated":true}]}}