{"id":6265,"date":"2013-07-02T12:38:50","date_gmt":"2013-07-02T12:38:50","guid":{"rendered":"https:\/\/muralunique.com\/?post_type=product&#038;p=6265"},"modified":"2025-09-30T16:20:15","modified_gmt":"2025-09-30T20:20:15","slug":"mur-en-pierres-des-champs","status":"publish","type":"product","link":"https:\/\/www.muralunique.com\/fr\/produit\/mur-en-pierres-des-champs\/","title":{"rendered":"Mur en Pierres des Champs"},"content":{"rendered":"<p>-Murale en papier peint d&#8217;un magnifique mur en pierres des champs (photo murale). La qualit\u00e9 (r\u00e9solution) de cette image est exceptionnelle (486 M\u00e9gaPixels).<\/p>\n<p>-La murale comprend des laizes de 18&#8243; (45cm) de largeur. Par exemple, une murale de 6&#8242; (1,83m) de largeur a 4 laizes et une murale de 12&#8242; (3,66m) de largeur a 8 laizes.<\/p>\n<p>-Murale en papier\u00a0peint pr\u00e9encoll\u00e9e, lavable, s&#8217;enl\u00e8ve \u00e0 sec et r\u00e9utilisable. Facile \u00e0 installer, se pose comme du papier\u00a0peint (tapisserie).<\/p>\n<p>-Photographie de Donn Petelka. Vous pouvez obtenir plus d&#8217;informations \u00e0 cette adresse:\u00a0<a href=\"mailto:donnpetelka@gmail.com\" target=\"_blank\" rel=\"noopener noreferrer\">donnpetelka@gmail.com<\/a>.<\/p>\n<p>-murale pierres de champs, papier peint pierres des champs, murale pierres, papier peint pierres, tapisserie pierres<\/p>\n","protected":false},"excerpt":{"rendered":"<p>-Murale en papier peint d&#8217;un magnifique mur en pierres des champs (photo murale). La qualit\u00e9 (r\u00e9solution) de cette image est exceptionnelle (486 M\u00e9gaPixels). -La murale comprend des laizes de 18&#8243; (45cm) de largeur. Par exemple, une murale de 6&#8242; (1,83m) de largeur a 4 laizes et une murale de 12&#8242; (3,66m) de largeur a 8 [&hellip;]<\/p>\n","protected":false},"featured_media":6266,"template":"","meta":{"_acf_changed":false},"product_brand":[197],"product_cat":[169,401,427],"product_tag":[8994,9515,9418,9416,8995,9417,9332,9447,9448,9449],"class_list":{"0":"post-6265","1":"product","2":"type-product","3":"status-publish","4":"has-post-thumbnail","6":"artist-donn-petelka-fr","7":"product_brand-donn-petelka-2","8":"product_cat-textures-2","9":"product_cat-tous-nos-produits","10":"product_cat-ultra-haute-d-finition-photos","11":"product_tag-champ","12":"product_tag-mur","13":"product_tag-mur-de-pierres","14":"product_tag-pierre","15":"product_tag-pierre-des-champs","16":"product_tag-pierres","17":"product_tag-roc-fr","18":"product_tag-texture-fr","19":"product_tag-texture-fr-2","20":"product_tag-textures","22":"first","23":"instock","24":"taxable","25":"shipping-taxable","26":"purchasable","27":"product-type-variable","28":"has-default-attributes"},"acf":[],"_links":{"self":[{"href":"https:\/\/www.muralunique.com\/fr\/wp-json\/wp\/v2\/product\/6265","targetHints":{"allow":["GET"]}}],"collection":[{"href":"https:\/\/www.muralunique.com\/fr\/wp-json\/wp\/v2\/product"}],"about":[{"href":"https:\/\/www.muralunique.com\/fr\/wp-json\/wp\/v2\/types\/product"}],"wp:featuredmedia":[{"embeddable":true,"href":"https:\/\/www.muralunique.com\/fr\/wp-json\/wp\/v2\/media\/6266"}],"wp:attachment":[{"href":"https:\/\/www.muralunique.com\/fr\/wp-json\/wp\/v2\/media?parent=6265"}],"wp:term":[{"taxonomy":"product_brand","embeddable":true,"href":"https:\/\/www.muralunique.com\/fr\/wp-json\/wp\/v2\/product_brand?post=6265"},{"taxonomy":"product_cat","embeddable":true,"href":"https:\/\/www.muralunique.com\/fr\/wp-json\/wp\/v2\/product_cat?post=6265"},{"taxonomy":"product_tag","embeddable":true,"href":"https:\/\/www.muralunique.com\/fr\/wp-json\/wp\/v2\/product_tag?post=6265"}],"curies":[{"name":"wp","href":"https:\/\/api.w.org\/{rel}","templated":true}]}}