{"id":62688,"date":"2022-03-17T13:19:25","date_gmt":"2022-03-17T17:19:25","guid":{"rendered":"https:\/\/www.muralunique.com\/?post_type=product&#038;p=62688"},"modified":"2022-04-16T19:43:48","modified_gmt":"2022-04-16T23:43:48","slug":"affiches-de-rue-dechirees","status":"publish","type":"product","link":"https:\/\/www.muralunique.com\/fr\/produit\/affiches-de-rue-dechirees\/","title":{"rendered":"Affiches de Rue D\u00e9chir\u00e9es"},"content":{"rendered":"<p>-Murale en noir et blanc d&#8217;affiches de rue d\u00e9chir\u00e9es. Une tr\u00e8s bonne id\u00e9e d\u00e9co pour donner vie \u00e0 un mur de salon, de bureau ou dans un chambre d&#8217;adolescent.<\/p>\n<p>-La murale comprend des laizes de 18\u2033 (45cm) de largeur. Par exemple, une murale de 6\u2032 (1,83m) de largeur a 4 laizes et une murale de 12\u2032 (3,66m) de largeur a 8 laizes.<\/p>\n<p>-Murale en papier\u00a0peint pr\u00e9encoll\u00e9e, lavable, s\u2019enl\u00e8ve \u00e0 sec et r\u00e9utilisable. Facile \u00e0 installer, se pose comme du papier\u00a0peint (tapisserie).<\/p>\n<p>-murale affiches de rue d\u00e9chir\u00e9es, murale en papier peint affiches de rue d\u00e9chir\u00e9es, papier peint affiches de rue d\u00e9chir\u00e9es, tapisserie affiches de rue d\u00e9chir\u00e9es, murale pour murs affiches de rue d\u00e9chir\u00e9es<\/p>\n","protected":false},"excerpt":{"rendered":"<p>-Murale en noir et blanc d&#8217;affiches de rue d\u00e9chir\u00e9es. Une tr\u00e8s bonne id\u00e9e d\u00e9co pour donner vie \u00e0 un mur de salon, de bureau ou dans un chambre d&#8217;adolescent. -La murale comprend des laizes de 18\u2033 (45cm) de largeur. Par exemple, une murale de 6\u2032 (1,83m) de largeur a 4 laizes et une murale de [&hellip;]<\/p>\n","protected":false},"featured_media":62685,"template":"","meta":{"_acf_changed":false},"product_brand":[],"product_cat":[131,169,401],"product_tag":[9639,8915,9870,9641,9057,9058,9640,9423],"class_list":{"0":"post-62688","1":"product","2":"type-product","3":"status-publish","4":"has-post-thumbnail","6":"product_cat-adolescents","7":"product_cat-textures-2","8":"product_cat-tous-nos-produits","9":"product_tag-collage-fr","10":"product_tag-collages-fr","11":"product_tag-dechire-fr","12":"product_tag-dechire","13":"product_tag-graffiti-fr","14":"product_tag-graffitis-fr","15":"product_tag-posters-fr","16":"product_tag-rue","18":"first","19":"instock","20":"taxable","21":"shipping-taxable","22":"purchasable","23":"product-type-variable","24":"has-default-attributes"},"acf":[],"_links":{"self":[{"href":"https:\/\/www.muralunique.com\/fr\/wp-json\/wp\/v2\/product\/62688","targetHints":{"allow":["GET"]}}],"collection":[{"href":"https:\/\/www.muralunique.com\/fr\/wp-json\/wp\/v2\/product"}],"about":[{"href":"https:\/\/www.muralunique.com\/fr\/wp-json\/wp\/v2\/types\/product"}],"wp:featuredmedia":[{"embeddable":true,"href":"https:\/\/www.muralunique.com\/fr\/wp-json\/wp\/v2\/media\/62685"}],"wp:attachment":[{"href":"https:\/\/www.muralunique.com\/fr\/wp-json\/wp\/v2\/media?parent=62688"}],"wp:term":[{"taxonomy":"product_brand","embeddable":true,"href":"https:\/\/www.muralunique.com\/fr\/wp-json\/wp\/v2\/product_brand?post=62688"},{"taxonomy":"product_cat","embeddable":true,"href":"https:\/\/www.muralunique.com\/fr\/wp-json\/wp\/v2\/product_cat?post=62688"},{"taxonomy":"product_tag","embeddable":true,"href":"https:\/\/www.muralunique.com\/fr\/wp-json\/wp\/v2\/product_tag?post=62688"}],"curies":[{"name":"wp","href":"https:\/\/api.w.org\/{rel}","templated":true}]}}