{"id":6288,"date":"2013-07-09T19:50:34","date_gmt":"2013-07-09T19:50:34","guid":{"rendered":"https:\/\/muralunique.com\/?post_type=product&#038;p=6288"},"modified":"2021-08-25T12:30:08","modified_gmt":"2021-08-25T16:30:08","slug":"jardin-de-roses","status":"publish","type":"product","link":"https:\/\/www.muralunique.com\/fr\/produit\/jardin-de-roses\/","title":{"rendered":"Jardin de Roses"},"content":{"rendered":"<p>-Photo murale en papier peint d&#8217;un magnifique jardin de roses. La qualit\u00e9 (r\u00e9solution) de cette image est exceptionnelle (375 M\u00e9gaPixels).<\/p>\n<p>-La murale comprend des laizes de 18\u2033 (45cm) de largeur. Par exemple, une murale de 6\u2032 (1,83m) de largeur a 4 laizes et une murale de 12\u2032 (3,66m) de largeur a 8 laizes.<\/p>\n<p>-Murale en papier\u00a0peint pr\u00e9encoll\u00e9e, lavable, s\u2019enl\u00e8ve \u00e0 sec et r\u00e9utilisable. Facile \u00e0 installer, se pose comme du papier\u00a0peint (tapisserie).<\/p>\n<p>-Photographie de Donn Petelka. Vous pouvez obtenir plus d&#8217;informations \u00e0 cette adresse:\u00a0<a href=\"mailto:donnpetelka@gmail.com\" target=\"_blank\" rel=\"noopener noreferrer\">donnpetelka@gmail.com<\/a>.<\/p>\n<p>-murale jardin de roses, photo murale jardin de roses, murale en papier peint\u00a0jardin de roses, papier peint jardin de roses, murale florale<\/p>\n","protected":false},"excerpt":{"rendered":"<p>-Photo murale en papier peint d&#8217;un magnifique jardin de roses. La qualit\u00e9 (r\u00e9solution) de cette image est exceptionnelle (375 M\u00e9gaPixels). -La murale comprend des laizes de 18\u2033 (45cm) de largeur. Par exemple, une murale de 6\u2032 (1,83m) de largeur a 4 laizes et une murale de 12\u2032 (3,66m) de largeur a 8 laizes. -Murale en [&hellip;]<\/p>\n","protected":false},"featured_media":6289,"template":"","meta":{"_acf_changed":false},"product_brand":[197],"product_cat":[150,401,427],"product_tag":[9427,9014,9009,9010,9006,9044,9340,9341],"class_list":{"0":"post-6288","1":"product","2":"type-product","3":"status-publish","4":"has-post-thumbnail","6":"artist-donn-petelka-fr","7":"product_brand-donn-petelka-2","8":"product_cat-fleurs-et-feuillages","9":"product_cat-tous-nos-produits","10":"product_cat-ultra-haute-d-finition-photos","11":"product_tag-ete","12":"product_tag-feuillage","13":"product_tag-fleur","14":"product_tag-fleurs","15":"product_tag-floral-fr","16":"product_tag-jardin","17":"product_tag-rose","18":"product_tag-roses-fr","20":"first","21":"instock","22":"taxable","23":"shipping-taxable","24":"purchasable","25":"product-type-variable","26":"has-default-attributes"},"acf":[],"_links":{"self":[{"href":"https:\/\/www.muralunique.com\/fr\/wp-json\/wp\/v2\/product\/6288","targetHints":{"allow":["GET"]}}],"collection":[{"href":"https:\/\/www.muralunique.com\/fr\/wp-json\/wp\/v2\/product"}],"about":[{"href":"https:\/\/www.muralunique.com\/fr\/wp-json\/wp\/v2\/types\/product"}],"wp:featuredmedia":[{"embeddable":true,"href":"https:\/\/www.muralunique.com\/fr\/wp-json\/wp\/v2\/media\/6289"}],"wp:attachment":[{"href":"https:\/\/www.muralunique.com\/fr\/wp-json\/wp\/v2\/media?parent=6288"}],"wp:term":[{"taxonomy":"product_brand","embeddable":true,"href":"https:\/\/www.muralunique.com\/fr\/wp-json\/wp\/v2\/product_brand?post=6288"},{"taxonomy":"product_cat","embeddable":true,"href":"https:\/\/www.muralunique.com\/fr\/wp-json\/wp\/v2\/product_cat?post=6288"},{"taxonomy":"product_tag","embeddable":true,"href":"https:\/\/www.muralunique.com\/fr\/wp-json\/wp\/v2\/product_tag?post=6288"}],"curies":[{"name":"wp","href":"https:\/\/api.w.org\/{rel}","templated":true}]}}