{"id":6318,"date":"2013-07-30T18:40:41","date_gmt":"2013-07-30T18:40:41","guid":{"rendered":"https:\/\/muralunique.com\/?post_type=product&#038;p=6318"},"modified":"2021-08-25T12:30:10","modified_gmt":"2021-08-25T16:30:10","slug":"rudbeckias","status":"publish","type":"product","link":"https:\/\/www.muralunique.com\/fr\/produit\/rudbeckias\/","title":{"rendered":"Rudbeckias"},"content":{"rendered":"<p>-Petite murale panoramique de\u00a0jolies fleurs jaunes. La qualit\u00e9 (r\u00e9solution) de cette image est exceptionnelle (240 M\u00e9gaPixels). Une bonne id\u00e9e d\u00e9co pour un demi mur, que ce soit pour la partie du bas ou du haut.<\/p>\n<p>-La murale comprend des laizes de 18&#8243; (45cm) de largeur. Par exemple, une murale de 6&#8242; (1,83m) de largeur a 4 laizes et une murale de 12&#8242; (3,66m) de largeur a 8 laizes.<\/p>\n<p>-Murale en papier\u00a0peint pr\u00e9encoll\u00e9e, lavable, s&#8217;enl\u00e8ve \u00e0 sec et r\u00e9utilisable. Facile \u00e0 installer, se pose comme du papier\u00a0peint (tapisserie).<\/p>\n<p>-Photographie de Donn Petelka. Vous pouvez obtenir plus d&#8217;informations \u00e0 cette adresse:\u00a0<u><a style=\"color: #1155cc; font-family: verdana, sans-serif; font-size: large;\" href=\"mailto:donnpetelka@gmail.com\" target=\"_blank\" rel=\"noopener noreferrer\">donnpetelka@gmail.com<\/a><\/u>.<\/p>\n<p>-murale de fleurs, murale de fleurs jaunes, murale de rudbeckias, murale florale, murale panoramique florale<\/p>\n","protected":false},"excerpt":{"rendered":"<p>-Petite murale panoramique de\u00a0jolies fleurs jaunes. La qualit\u00e9 (r\u00e9solution) de cette image est exceptionnelle (240 M\u00e9gaPixels). Une bonne id\u00e9e d\u00e9co pour un demi mur, que ce soit pour la partie du bas ou du haut. -La murale comprend des laizes de 18&#8243; (45cm) de largeur. Par exemple, une murale de 6&#8242; (1,83m) de largeur a [&hellip;]<\/p>\n","protected":false},"featured_media":6319,"template":"","meta":{"_acf_changed":false},"product_brand":[197],"product_cat":[150,401,427],"product_tag":[9427,9010,9006,9219,8826],"class_list":{"0":"post-6318","1":"product","2":"type-product","3":"status-publish","4":"has-post-thumbnail","6":"artist-donn-petelka-fr","7":"product_brand-donn-petelka-2","8":"product_cat-fleurs-et-feuillages","9":"product_cat-tous-nos-produits","10":"product_cat-ultra-haute-d-finition-photos","11":"product_tag-ete","12":"product_tag-fleurs","13":"product_tag-floral-fr","14":"product_tag-nature-fr","15":"product_tag-rudbeckias","17":"first","18":"instock","19":"taxable","20":"shipping-taxable","21":"purchasable","22":"product-type-variable","23":"has-default-attributes"},"acf":[],"_links":{"self":[{"href":"https:\/\/www.muralunique.com\/fr\/wp-json\/wp\/v2\/product\/6318","targetHints":{"allow":["GET"]}}],"collection":[{"href":"https:\/\/www.muralunique.com\/fr\/wp-json\/wp\/v2\/product"}],"about":[{"href":"https:\/\/www.muralunique.com\/fr\/wp-json\/wp\/v2\/types\/product"}],"wp:featuredmedia":[{"embeddable":true,"href":"https:\/\/www.muralunique.com\/fr\/wp-json\/wp\/v2\/media\/6319"}],"wp:attachment":[{"href":"https:\/\/www.muralunique.com\/fr\/wp-json\/wp\/v2\/media?parent=6318"}],"wp:term":[{"taxonomy":"product_brand","embeddable":true,"href":"https:\/\/www.muralunique.com\/fr\/wp-json\/wp\/v2\/product_brand?post=6318"},{"taxonomy":"product_cat","embeddable":true,"href":"https:\/\/www.muralunique.com\/fr\/wp-json\/wp\/v2\/product_cat?post=6318"},{"taxonomy":"product_tag","embeddable":true,"href":"https:\/\/www.muralunique.com\/fr\/wp-json\/wp\/v2\/product_tag?post=6318"}],"curies":[{"name":"wp","href":"https:\/\/api.w.org\/{rel}","templated":true}]}}