{"id":63370,"date":"2022-04-05T14:24:42","date_gmt":"2022-04-05T18:24:42","guid":{"rendered":"https:\/\/www.muralunique.com\/?post_type=product&#038;p=63370"},"modified":"2025-10-23T08:56:13","modified_gmt":"2025-10-23T12:56:13","slug":"feuilles-geometriques-abstraites","status":"publish","type":"product","link":"https:\/\/www.muralunique.com\/fr\/produit\/feuilles-geometriques-abstraites\/","title":{"rendered":"Feuilles G\u00e9om\u00e9triques Abstraites"},"content":{"rendered":"<p>-Murale en papier peint d&#8217;un motif de feuilles g\u00e9om\u00e9triques abstraites blanches sur un fond noir. Un design moderne qui peut \u00eatre facilement utilis\u00e9 pour donner du style et de la personnalit\u00e9 \u00e0 votre int\u00e9rieur.<\/p>\n<p><strong>-Seul 1940 (9\u2032 x 9\u2032 (2,75m x 2,75m)) peut \u00eatre r\u00e9p\u00e9t\u00e9 horizontalement et verticalement, pas les autres dimensions.<\/strong><\/p>\n<p>-La murale comprend des laizes de 18\u2033 (45cm) de largeur. Par exemple, une murale de 6\u2032 (1,83m) de largeur a 4 laizes et une murale de 12\u2032 (3,66m) de largeur a 8 laizes.<\/p>\n<p>-Murale en papier\u00a0peint pr\u00e9encoll\u00e9e, lavable, s\u2019enl\u00e8ve \u00e0 sec et r\u00e9utilisable. Facile \u00e0 installer, se pose comme du papier\u00a0peint (tapisserie).<\/p>\n<p>-murale feuilles g\u00e9om\u00e9triques abstraites, murale en papier peint feuilles g\u00e9om\u00e9triques abstraites, papier peint feuilles g\u00e9om\u00e9triques abstraites, tapisserie feuilles g\u00e9om\u00e9triques abstraites<\/p>\n","protected":false},"excerpt":{"rendered":"<p>-Murale en papier peint d&#8217;un motif de feuilles g\u00e9om\u00e9triques abstraites blanches sur un fond noir. Un design moderne qui peut \u00eatre facilement utilis\u00e9 pour donner du style et de la personnalit\u00e9 \u00e0 votre int\u00e9rieur. -Seul 1940 (9\u2032 x 9\u2032 (2,75m x 2,75m)) peut \u00eatre r\u00e9p\u00e9t\u00e9 horizontalement et verticalement, pas les autres dimensions. -La murale comprend [&hellip;]<\/p>\n","protected":false},"featured_media":73755,"template":"","meta":{"_acf_changed":false},"product_brand":[],"product_cat":[125,367,10345,401,425],"product_tag":[8751,9144,9047,9049,10194,9877,9617],"class_list":{"0":"post-63370","1":"product","2":"type-product","3":"status-publish","4":"has-post-thumbnail","6":"product_cat-abstrait-et-geometrie","7":"product_cat-murales-en-r-p-tition","8":"product_cat-murs-extra-hauts-murales-repetition-verticale","9":"product_cat-tous-nos-produits","10":"product_cat-ultra-haute-d-finition-art","11":"product_tag-abstrait","12":"product_tag-feuilles","13":"product_tag-geometrie","14":"product_tag-geometrique","15":"product_tag-ligne","16":"product_tag-lignes","17":"product_tag-motif","19":"first","20":"instock","21":"taxable","22":"shipping-taxable","23":"purchasable","24":"product-type-variable"},"acf":[],"_links":{"self":[{"href":"https:\/\/www.muralunique.com\/fr\/wp-json\/wp\/v2\/product\/63370","targetHints":{"allow":["GET"]}}],"collection":[{"href":"https:\/\/www.muralunique.com\/fr\/wp-json\/wp\/v2\/product"}],"about":[{"href":"https:\/\/www.muralunique.com\/fr\/wp-json\/wp\/v2\/types\/product"}],"wp:featuredmedia":[{"embeddable":true,"href":"https:\/\/www.muralunique.com\/fr\/wp-json\/wp\/v2\/media\/73755"}],"wp:attachment":[{"href":"https:\/\/www.muralunique.com\/fr\/wp-json\/wp\/v2\/media?parent=63370"}],"wp:term":[{"taxonomy":"product_brand","embeddable":true,"href":"https:\/\/www.muralunique.com\/fr\/wp-json\/wp\/v2\/product_brand?post=63370"},{"taxonomy":"product_cat","embeddable":true,"href":"https:\/\/www.muralunique.com\/fr\/wp-json\/wp\/v2\/product_cat?post=63370"},{"taxonomy":"product_tag","embeddable":true,"href":"https:\/\/www.muralunique.com\/fr\/wp-json\/wp\/v2\/product_tag?post=63370"}],"curies":[{"name":"wp","href":"https:\/\/api.w.org\/{rel}","templated":true}]}}