{"id":6361,"date":"2013-09-23T18:43:39","date_gmt":"2013-09-23T18:43:39","guid":{"rendered":"https:\/\/muralunique.com\/?post_type=product&#038;p=6361"},"modified":"2025-09-30T16:20:15","modified_gmt":"2025-09-30T20:20:15","slug":"manhattan-la-nuit-avec-cadres-de-fenetres","status":"publish","type":"product","link":"https:\/\/www.muralunique.com\/fr\/produit\/manhattan-la-nuit-avec-cadres-de-fenetres\/","title":{"rendered":"Manhattan la Nuit avec Cadres de Fen\u00eatres"},"content":{"rendered":"<p>-Photo murale avec une vue incroyable de Manhattan, New York (incluant des cadres de fen\u00eatres trompe l&#8217;oeil).<\/p>\n<p>-La murale comprend des laizes de 18&#8243; (45cm) de largeur. Par exemple, une murale de 6&#8242; (1,83m) de largeur a 4 laizes et une murale de 12&#8242; (3,66m) de largeur a 8 laizes.<\/p>\n<p>-Murale en papier\u00a0peint pr\u00e9encoll\u00e9e, lavable, s&#8217;enl\u00e8ve \u00e0 sec et r\u00e9utilisable. Facile \u00e0 installer, se pose comme du papier\u00a0peint (tapisserie).<\/p>\n<p>-murale Manhattan la nuit, photo murale Manhattan, papier peint Manhattan, photo murale New York, papier peint New York<\/p>\n","protected":false},"excerpt":{"rendered":"<p>-Photo murale avec une vue incroyable de Manhattan, New York (incluant des cadres de fen\u00eatres trompe l&#8217;oeil). -La murale comprend des laizes de 18&#8243; (45cm) de largeur. Par exemple, une murale de 6&#8242; (1,83m) de largeur a 4 laizes et une murale de 12&#8242; (3,66m) de largeur a 8 laizes. -Murale en papier\u00a0peint pr\u00e9encoll\u00e9e, lavable, [&hellip;]<\/p>\n","protected":false},"featured_media":6362,"template":"","meta":{"_acf_changed":false},"product_brand":[203],"product_cat":[166,401,163],"product_tag":[9027,9028,9529,8921,9499,9528,9530,9381,9170,9226,9227,9230,8902,9483,9612,9485,9500,8901],"class_list":{"0":"post-6361","1":"product","2":"type-product","3":"status-publish","4":"has-post-thumbnail","6":"product_brand-muralunique-com","7":"product_cat-scenes-urbaines-villes","8":"product_cat-tous-nos-produits","9":"product_cat-trompe-loeil","10":"product_tag-cadre","11":"product_tag-cadres","12":"product_tag-cadres-de-fenetre","13":"product_tag-contemporain","14":"product_tag-etats-unis","15":"product_tag-fenetre","16":"product_tag-fenetres","17":"product_tag-horizon","18":"product_tag-manhattan-fr","19":"product_tag-new-york-fr","20":"product_tag-nuit","21":"product_tag-nyc-fr","22":"product_tag-paysage-urbain","23":"product_tag-trompe-l-oeil","24":"product_tag-trompe-loeil-fr","25":"product_tag-trompe-oeil-fr","26":"product_tag-urbain","27":"product_tag-ville","29":"first","30":"instock","31":"taxable","32":"shipping-taxable","33":"purchasable","34":"product-type-variable","35":"has-default-attributes"},"acf":[],"_links":{"self":[{"href":"https:\/\/www.muralunique.com\/fr\/wp-json\/wp\/v2\/product\/6361","targetHints":{"allow":["GET"]}}],"collection":[{"href":"https:\/\/www.muralunique.com\/fr\/wp-json\/wp\/v2\/product"}],"about":[{"href":"https:\/\/www.muralunique.com\/fr\/wp-json\/wp\/v2\/types\/product"}],"wp:featuredmedia":[{"embeddable":true,"href":"https:\/\/www.muralunique.com\/fr\/wp-json\/wp\/v2\/media\/6362"}],"wp:attachment":[{"href":"https:\/\/www.muralunique.com\/fr\/wp-json\/wp\/v2\/media?parent=6361"}],"wp:term":[{"taxonomy":"product_brand","embeddable":true,"href":"https:\/\/www.muralunique.com\/fr\/wp-json\/wp\/v2\/product_brand?post=6361"},{"taxonomy":"product_cat","embeddable":true,"href":"https:\/\/www.muralunique.com\/fr\/wp-json\/wp\/v2\/product_cat?post=6361"},{"taxonomy":"product_tag","embeddable":true,"href":"https:\/\/www.muralunique.com\/fr\/wp-json\/wp\/v2\/product_tag?post=6361"}],"curies":[{"name":"wp","href":"https:\/\/api.w.org\/{rel}","templated":true}]}}